{"id":16254,"date":"2026-04-20T03:15:00","date_gmt":"2026-04-20T00:15:00","guid":{"rendered":"https:\/\/kasskoer.ee\/product\/flamingo-kassiong-hiire-ja-kellukesega-48cm-2\/"},"modified":"2026-04-20T03:15:03","modified_gmt":"2026-04-20T00:15:03","slug":"flamingo-kassiong-hiire-ja-kellukesega-48cm","status":"publish","type":"product","link":"https:\/\/kasskoer.ee\/en\/toode\/flamingo-kassiong-hiire-ja-kellukesega-48cm\/","title":{"rendered":"Flamingo kassi\u00f5ng hiire ja kellukesega 48cm"},"content":{"rendered":"<p>Pehme hiirekesega kassi m\u00e4nguasi, mis pakub palju m\u00e4ngulusti nii omanikule kui kassile.<\/p>\n","protected":false},"excerpt":{"rendered":"<p>Flamingo kassi\u00f5ng pehme halli hiire ja kuldse kellukesega.<\/p>\n","protected":false},"featured_media":13248,"template":"","meta":[],"product_cat":[1321],"product_tag":[],"class_list":{"0":"post-16254","1":"product","2":"type-product","3":"status-publish","4":"has-post-thumbnail","6":"product_cat-kasside-manguasjad","7":"pa_brand-flamingo","8":"pa_ean-2344","9":"pa_kaal-0-030","10":"pa_tootjariik-hiina","12":"first","13":"instock","14":"taxable","15":"shipping-taxable","16":"purchasable","17":"product-type-simple"},"_links":{"self":[{"href":"https:\/\/kasskoer.ee\/en\/wp-json\/wp\/v2\/product\/16254","targetHints":{"allow":["GET"]}}],"collection":[{"href":"https:\/\/kasskoer.ee\/en\/wp-json\/wp\/v2\/product"}],"about":[{"href":"https:\/\/kasskoer.ee\/en\/wp-json\/wp\/v2\/types\/product"}],"wp:featuredmedia":[{"embeddable":true,"href":"https:\/\/kasskoer.ee\/en\/wp-json\/wp\/v2\/media\/13248"}],"wp:attachment":[{"href":"https:\/\/kasskoer.ee\/en\/wp-json\/wp\/v2\/media?parent=16254"}],"wp:term":[{"taxonomy":"product_cat","embeddable":true,"href":"https:\/\/kasskoer.ee\/en\/wp-json\/wp\/v2\/product_cat?post=16254"},{"taxonomy":"product_tag","embeddable":true,"href":"https:\/\/kasskoer.ee\/en\/wp-json\/wp\/v2\/product_tag?post=16254"}],"curies":[{"name":"wp","href":"https:\/\/api.w.org\/{rel}","templated":true}]}}