{"id":16267,"date":"2026-04-20T03:15:03","date_gmt":"2026-04-20T00:15:03","guid":{"rendered":"https:\/\/kasskoer.ee\/product\/flamingo-kaltsiumipulk-lindudele-porgandiga-s-15cm-2\/"},"modified":"2026-04-20T03:15:04","modified_gmt":"2026-04-20T00:15:04","slug":"flamingo-kaltsiumipulk-lindudele-porgandiga-s-15cm","status":"publish","type":"product","link":"https:\/\/kasskoer.ee\/en\/toode\/flamingo-kaltsiumipulk-lindudele-porgandiga-s-15cm\/","title":{"rendered":"Flamingo kaltsiumipulk lindudele porgandiga S 15cm"},"content":{"rendered":"<li>Aitab hoida k\u00fc\u00fcned loomulikul viisil l\u00fchikesed.<\/li>\n<p>&#13;<\/p>\n<li>Sobib h\u00e4sti linnule noka teritamiseks.<\/li>\n<p>&#13;<br \/>\n<br \/>&#13;<br \/>\n<b>M\u00f5\u00f5dud<\/b><br \/>&#13;<br \/>\n15x3cm<\/p>\n","protected":false},"excerpt":{"rendered":"<p>Flamingo porgandiga kaltsiumipulk lindudele.<\/p>\n","protected":false},"featured_media":13264,"template":"","meta":[],"product_cat":[1315,3080,693],"product_tag":[],"class_list":{"0":"post-16267","1":"product","2":"type-product","3":"status-publish","4":"has-post-thumbnail","6":"product_cat-lindude-toidulisandid","7":"product_cat-linnud","8":"product_cat-muud-loomad","9":"pa_brand-flamingo","10":"pa_ean-1493","11":"pa_kaal-0-150","12":"pa_tootjariik-hiina","14":"first","15":"outofstock","16":"taxable","17":"shipping-taxable","18":"purchasable","19":"product-type-simple"},"_links":{"self":[{"href":"https:\/\/kasskoer.ee\/en\/wp-json\/wp\/v2\/product\/16267","targetHints":{"allow":["GET"]}}],"collection":[{"href":"https:\/\/kasskoer.ee\/en\/wp-json\/wp\/v2\/product"}],"about":[{"href":"https:\/\/kasskoer.ee\/en\/wp-json\/wp\/v2\/types\/product"}],"wp:featuredmedia":[{"embeddable":true,"href":"https:\/\/kasskoer.ee\/en\/wp-json\/wp\/v2\/media\/13264"}],"wp:attachment":[{"href":"https:\/\/kasskoer.ee\/en\/wp-json\/wp\/v2\/media?parent=16267"}],"wp:term":[{"taxonomy":"product_cat","embeddable":true,"href":"https:\/\/kasskoer.ee\/en\/wp-json\/wp\/v2\/product_cat?post=16267"},{"taxonomy":"product_tag","embeddable":true,"href":"https:\/\/kasskoer.ee\/en\/wp-json\/wp\/v2\/product_tag?post=16267"}],"curies":[{"name":"wp","href":"https:\/\/api.w.org\/{rel}","templated":true}]}}