{"id":16269,"date":"2026-04-20T03:15:03","date_gmt":"2026-04-20T00:15:03","guid":{"rendered":"https:\/\/kasskoer.ee\/product\/flamingo-mineraalkivi-seepialuuga-lindudele-12cm-70g-2\/"},"modified":"2026-04-20T03:15:04","modified_gmt":"2026-04-20T00:15:04","slug":"flamingo-mineraalkivi-seepialuuga-lindudele-12cm-70g","status":"publish","type":"product","link":"https:\/\/kasskoer.ee\/en\/toode\/flamingo-mineraalkivi-seepialuuga-lindudele-12cm-70g\/","title":{"rendered":"Flamingo mineraalkivi seepialuuga lindudele 12cm 70g"},"content":{"rendered":"<p><b>Flamingo mineraalkivi seepialuuga. T\u00e4iends\u00f6\u00f6t lindudele.<\/b>&#13;<\/p>\n<li>Seepialuu on linnule luude ja sulgede jaoks v\u00e4\u00e4rtuslik kaltsiumiallikas.<\/li>\n<p>&#13;<br \/>\n<br \/>&#13;<br \/>\n<b>Koostis<\/b><br \/>&#13;<br \/>\nMineraalkivi (80%), seepiapulber (10%), austrikarp (10%).<br \/>&#13;<br \/>\n<br \/><b>Anal\u00fc\u00fctilised koostisosad<\/b><br \/>&#13;<br \/>\nToortuhk 11.8%, niiskus 10%, toorkiud 2.9%, toorvalk 0.22%, toorrasv 0.2%.<br \/>&#13;<br \/>\n<br \/>&#13;<br \/>\n<b>S\u00f6\u00f6dalisandid<\/b><br \/>&#13;<br \/>\nV\u00e4rvaine E102 &#8211; 5 mg\/kg.<\/p>\n","protected":false},"excerpt":{"rendered":"<p>Flamingo mineraalkivi seepialuuga.<\/p>\n","protected":false},"featured_media":13266,"template":"","meta":[],"product_cat":[1315,3080,693],"product_tag":[],"class_list":{"0":"post-16269","1":"product","2":"type-product","3":"status-publish","4":"has-post-thumbnail","6":"product_cat-lindude-toidulisandid","7":"product_cat-linnud","8":"product_cat-muud-loomad","9":"pa_brand-flamingo","10":"pa_ean-2078","11":"pa_kaal-0-070","12":"pa_tootjariik-hiina","14":"first","15":"outofstock","16":"taxable","17":"shipping-taxable","18":"purchasable","19":"product-type-simple"},"_links":{"self":[{"href":"https:\/\/kasskoer.ee\/en\/wp-json\/wp\/v2\/product\/16269","targetHints":{"allow":["GET"]}}],"collection":[{"href":"https:\/\/kasskoer.ee\/en\/wp-json\/wp\/v2\/product"}],"about":[{"href":"https:\/\/kasskoer.ee\/en\/wp-json\/wp\/v2\/types\/product"}],"wp:featuredmedia":[{"embeddable":true,"href":"https:\/\/kasskoer.ee\/en\/wp-json\/wp\/v2\/media\/13266"}],"wp:attachment":[{"href":"https:\/\/kasskoer.ee\/en\/wp-json\/wp\/v2\/media?parent=16269"}],"wp:term":[{"taxonomy":"product_cat","embeddable":true,"href":"https:\/\/kasskoer.ee\/en\/wp-json\/wp\/v2\/product_cat?post=16269"},{"taxonomy":"product_tag","embeddable":true,"href":"https:\/\/kasskoer.ee\/en\/wp-json\/wp\/v2\/product_tag?post=16269"}],"curies":[{"name":"wp","href":"https:\/\/api.w.org\/{rel}","templated":true}]}}