{"id":16270,"date":"2026-04-20T03:15:03","date_gmt":"2026-04-20T00:15:03","guid":{"rendered":"https:\/\/kasskoer.ee\/product\/flamingo-nariliste-mineraalkivi-banaan-25g-2\/"},"modified":"2026-04-20T03:15:04","modified_gmt":"2026-04-20T00:15:04","slug":"flamingo-nariliste-mineraalkivi-banaan-25g","status":"publish","type":"product","link":"https:\/\/kasskoer.ee\/en\/toode\/flamingo-nariliste-mineraalkivi-banaan-25g\/","title":{"rendered":"Flamingo n\u00e4riliste mineraalkivi banaan 25g"},"content":{"rendered":"<li>Aitab hoida hambad tervena.<\/li>\n<p>&#13;<\/p>\n<li>Kergesti puuri k\u00fclge kinnitatav.<\/li>\n<p>&#13;<\/p>\n<li>Peamiselt lubjakivist koosnevat mineraalkivi kasutatakse kaltsiumi ja mineraalainete t\u00e4iendamiseks organismis.<\/li>\n<p>&#13;<br \/>\n&#13;<br \/>\n<b>Koostis<\/b>&#13;<br \/>\nKaltsiumsulfaat, merekarbid, nisu\u00f5is, riisijahu, liiv.&#13;<br \/>\n&#13;<br \/>\n<b>Anal\u00fc\u00fctilised koostisosad<\/b>&#13;<br \/>\nToorvalk 0.22%, toortuhk 11.60%, toorrasv 0.31%, toorkiud 2.8%.<\/p>\n","protected":false},"excerpt":{"rendered":"<p>Flamingo puuri k\u00fclge kinnitatav n\u00e4rilistele m\u00f5eldud mineraalkivi banaan.<\/p>\n","protected":false},"featured_media":13268,"template":"","meta":[],"product_cat":[1314,693,3078],"product_tag":[],"class_list":{"0":"post-16270","1":"product","2":"type-product","3":"status-publish","4":"has-post-thumbnail","6":"product_cat-nariliste-toidulisandid","7":"product_cat-muud-loomad","8":"product_cat-narilised","9":"pa_brand-flamingo","10":"pa_ean-1473","11":"pa_kaal-0-025","12":"pa_tootjariik-hiina","14":"first","15":"outofstock","16":"taxable","17":"shipping-taxable","18":"purchasable","19":"product-type-simple"},"_links":{"self":[{"href":"https:\/\/kasskoer.ee\/en\/wp-json\/wp\/v2\/product\/16270","targetHints":{"allow":["GET"]}}],"collection":[{"href":"https:\/\/kasskoer.ee\/en\/wp-json\/wp\/v2\/product"}],"about":[{"href":"https:\/\/kasskoer.ee\/en\/wp-json\/wp\/v2\/types\/product"}],"wp:featuredmedia":[{"embeddable":true,"href":"https:\/\/kasskoer.ee\/en\/wp-json\/wp\/v2\/media\/13268"}],"wp:attachment":[{"href":"https:\/\/kasskoer.ee\/en\/wp-json\/wp\/v2\/media?parent=16270"}],"wp:term":[{"taxonomy":"product_cat","embeddable":true,"href":"https:\/\/kasskoer.ee\/en\/wp-json\/wp\/v2\/product_cat?post=16270"},{"taxonomy":"product_tag","embeddable":true,"href":"https:\/\/kasskoer.ee\/en\/wp-json\/wp\/v2\/product_tag?post=16270"}],"curies":[{"name":"wp","href":"https:\/\/api.w.org\/{rel}","templated":true}]}}