{"id":16282,"date":"2026-04-20T03:15:03","date_gmt":"2026-04-20T00:15:03","guid":{"rendered":"https:\/\/kasskoer.ee\/product\/flamingo-manguasi-redis-narilistele-2tk-2\/"},"modified":"2026-04-20T03:15:04","modified_gmt":"2026-04-20T00:15:04","slug":"flamingo-manguasi-redis-narilistele-2tk","status":"publish","type":"product","link":"https:\/\/kasskoer.ee\/en\/toode\/flamingo-manguasi-redis-narilistele-2tk\/","title":{"rendered":"Flamingo m\u00e4nguasi Redis n\u00e4rilistele 2tk"},"content":{"rendered":"<ul>\n<li>M\u00e4nguasi aitab peletada igavust.<\/li>\n<li>M\u00e4nguasi aitab hoida hambad tervena.<\/li>\n<li>M\u00e4nguasja diameeter&nbsp;\u00f8 4,5cm.<\/li>\n<li>M\u00e4nguasja m\u00f5\u00f5tmed: 15&#215;4,5cm.<\/li>\n<\/ul>\n","protected":false},"excerpt":{"rendered":"<p>Flamingo redise kujuga m\u00e4nguasjad n\u00e4rilistele.<\/p>\n","protected":false},"featured_media":13282,"template":"","meta":[],"product_cat":[1320,693,3078],"product_tag":[],"class_list":{"0":"post-16282","1":"product","2":"type-product","3":"status-publish","4":"has-post-thumbnail","6":"product_cat-nariliste-manguasjad","7":"product_cat-muud-loomad","8":"product_cat-narilised","9":"pa_brand-flamingo","10":"pa_ean-961","11":"pa_kaal-0-040","12":"pa_tootjariik-hiina","14":"first","15":"instock","16":"taxable","17":"shipping-taxable","18":"purchasable","19":"product-type-simple"},"_links":{"self":[{"href":"https:\/\/kasskoer.ee\/en\/wp-json\/wp\/v2\/product\/16282","targetHints":{"allow":["GET"]}}],"collection":[{"href":"https:\/\/kasskoer.ee\/en\/wp-json\/wp\/v2\/product"}],"about":[{"href":"https:\/\/kasskoer.ee\/en\/wp-json\/wp\/v2\/types\/product"}],"wp:featuredmedia":[{"embeddable":true,"href":"https:\/\/kasskoer.ee\/en\/wp-json\/wp\/v2\/media\/13282"}],"wp:attachment":[{"href":"https:\/\/kasskoer.ee\/en\/wp-json\/wp\/v2\/media?parent=16282"}],"wp:term":[{"taxonomy":"product_cat","embeddable":true,"href":"https:\/\/kasskoer.ee\/en\/wp-json\/wp\/v2\/product_cat?post=16282"},{"taxonomy":"product_tag","embeddable":true,"href":"https:\/\/kasskoer.ee\/en\/wp-json\/wp\/v2\/product_tag?post=16282"}],"curies":[{"name":"wp","href":"https:\/\/api.w.org\/{rel}","templated":true}]}}