{"id":16291,"date":"2026-04-20T03:15:03","date_gmt":"2026-04-20T00:15:03","guid":{"rendered":"https:\/\/kasskoer.ee\/product\/flamingo-keraamiline-kauss-narilistele-o-85cm-100ml-3\/"},"modified":"2026-04-20T03:15:04","modified_gmt":"2026-04-20T00:15:04","slug":"flamingo-keraamiline-kauss-narilistele-o-85cm-100ml","status":"publish","type":"product","link":"https:\/\/kasskoer.ee\/en\/toode\/flamingo-keraamiline-kauss-narilistele-o-85cm-100ml\/","title":{"rendered":"Flamingo keraamiline kauss n\u00e4rilistele \u00f8 8,5cm &#8211; 100ml"},"content":{"rendered":"<p>Ilus ja praktiline&nbsp;s\u00f6\u00f6gi- ja joogin\u00f5u sinu lemmikule.<\/p>\n","protected":false},"excerpt":{"rendered":"<p>Flamingo keraamiline s\u00f6\u00f6gi- ja joogin\u00f5u n\u00e4rilistele.<\/p>\n","protected":false},"featured_media":13290,"template":"","meta":[],"product_cat":[1323,693,3078],"product_tag":[],"class_list":{"0":"post-16291","1":"product","2":"type-product","3":"status-publish","4":"has-post-thumbnail","6":"product_cat-nariliste-sooginoud","7":"product_cat-muud-loomad","8":"product_cat-narilised","9":"pa_brand-flamingo","10":"pa_ean-986","11":"pa_kaal-0-100","12":"pa_tootjariik-hiina","14":"first","15":"outofstock","16":"taxable","17":"shipping-taxable","18":"purchasable","19":"product-type-simple"},"_links":{"self":[{"href":"https:\/\/kasskoer.ee\/en\/wp-json\/wp\/v2\/product\/16291","targetHints":{"allow":["GET"]}}],"collection":[{"href":"https:\/\/kasskoer.ee\/en\/wp-json\/wp\/v2\/product"}],"about":[{"href":"https:\/\/kasskoer.ee\/en\/wp-json\/wp\/v2\/types\/product"}],"wp:featuredmedia":[{"embeddable":true,"href":"https:\/\/kasskoer.ee\/en\/wp-json\/wp\/v2\/media\/13290"}],"wp:attachment":[{"href":"https:\/\/kasskoer.ee\/en\/wp-json\/wp\/v2\/media?parent=16291"}],"wp:term":[{"taxonomy":"product_cat","embeddable":true,"href":"https:\/\/kasskoer.ee\/en\/wp-json\/wp\/v2\/product_cat?post=16291"},{"taxonomy":"product_tag","embeddable":true,"href":"https:\/\/kasskoer.ee\/en\/wp-json\/wp\/v2\/product_tag?post=16291"}],"curies":[{"name":"wp","href":"https:\/\/api.w.org\/{rel}","templated":true}]}}