{"id":16295,"date":"2026-04-20T03:15:03","date_gmt":"2026-04-20T00:15:03","guid":{"rendered":"https:\/\/kasskoer.ee\/product\/flamingo-puidust-manguasi-carnaval-narilistele-7cm-2\/"},"modified":"2026-04-20T03:15:04","modified_gmt":"2026-04-20T00:15:04","slug":"flamingo-puidust-manguasi-carnaval-narilistele-7cm","status":"publish","type":"product","link":"https:\/\/kasskoer.ee\/en\/toode\/flamingo-puidust-manguasi-carnaval-narilistele-7cm\/","title":{"rendered":"Flamingo puidust m\u00e4nguasi Carnaval n\u00e4rilistele 7cm"},"content":{"rendered":"<p><b>R\u00f5\u00f5mustage oma v\u00e4ikest lemmiklooma selle imelise kellukesega puidust m\u00e4nguasjaga.<\/b>&#13;<\/p>\n<li>M\u00e4nguasi teeb k\u00f5lisevat heli.<\/li>\n<p>&#13;<\/p>\n<li>Ideaalne m\u00e4nguasi puuri.<\/li>\n<p>&#13;<br \/>\n<br \/>&#13;<br \/>\n<b>M\u00f5\u00f5dud<\/b><br \/>&#13;<br \/>\n7 x 5 x 5cm<\/p>\n","protected":false},"excerpt":{"rendered":"<p>Flamingo n\u00e4riliste puidust m\u00e4nguasi kuldse kellukesega.<\/p>\n","protected":false},"featured_media":13294,"template":"","meta":[],"product_cat":[1320,693,3078],"product_tag":[],"class_list":{"0":"post-16295","1":"product","2":"type-product","3":"status-publish","4":"has-post-thumbnail","6":"product_cat-nariliste-manguasjad","7":"product_cat-muud-loomad","8":"product_cat-narilised","9":"pa_brand-flamingo","10":"pa_ean-2248","11":"pa_kaal-0-040","12":"pa_tootjariik-hiina","14":"first","15":"outofstock","16":"taxable","17":"shipping-taxable","18":"purchasable","19":"product-type-simple"},"_links":{"self":[{"href":"https:\/\/kasskoer.ee\/en\/wp-json\/wp\/v2\/product\/16295","targetHints":{"allow":["GET"]}}],"collection":[{"href":"https:\/\/kasskoer.ee\/en\/wp-json\/wp\/v2\/product"}],"about":[{"href":"https:\/\/kasskoer.ee\/en\/wp-json\/wp\/v2\/types\/product"}],"wp:featuredmedia":[{"embeddable":true,"href":"https:\/\/kasskoer.ee\/en\/wp-json\/wp\/v2\/media\/13294"}],"wp:attachment":[{"href":"https:\/\/kasskoer.ee\/en\/wp-json\/wp\/v2\/media?parent=16295"}],"wp:term":[{"taxonomy":"product_cat","embeddable":true,"href":"https:\/\/kasskoer.ee\/en\/wp-json\/wp\/v2\/product_cat?post=16295"},{"taxonomy":"product_tag","embeddable":true,"href":"https:\/\/kasskoer.ee\/en\/wp-json\/wp\/v2\/product_tag?post=16295"}],"curies":[{"name":"wp","href":"https:\/\/api.w.org\/{rel}","templated":true}]}}