{"id":16300,"date":"2026-04-20T03:15:03","date_gmt":"2026-04-20T00:15:03","guid":{"rendered":"https:\/\/kasskoer.ee\/product\/flamingo-puidust-nariliste-maja-26x19x125cm-2\/"},"modified":"2026-04-20T03:15:05","modified_gmt":"2026-04-20T00:15:05","slug":"flamingo-puidust-nariliste-maja-26x19x125cm","status":"publish","type":"product","link":"https:\/\/kasskoer.ee\/en\/toode\/flamingo-puidust-nariliste-maja-26x19x125cm\/","title":{"rendered":"Flamingo puidust n\u00e4riliste maja 26x19x12,5cm"},"content":{"rendered":"<p>Armas aknaga maja n\u00e4rilistele, mis pakub r\u00f5\u00f5mu ja varjualust.&#13;<br \/>\n<br \/>&#13;<br \/>\n<br \/><b>M\u00f5\u00f5dud<\/b><br \/> 26cm x 19cm x 12,5cm<\/p>\n","protected":false},"excerpt":{"rendered":"<p>Flamingo v\u00e4rviliste detailidega puidust maja n\u00e4rilistele.<\/p>\n","protected":false},"featured_media":13300,"template":"","meta":[],"product_cat":[693,3078,924],"product_tag":[],"class_list":{"0":"post-16300","1":"product","2":"type-product","3":"status-publish","4":"has-post-thumbnail","6":"product_cat-muud-loomad","7":"product_cat-narilised","8":"product_cat-nariliste-tarvikud","9":"pa_brand-flamingo","10":"pa_ean-2290","11":"pa_kaal-0-300","12":"pa_tootjariik-hiina","14":"first","15":"outofstock","16":"taxable","17":"shipping-taxable","18":"purchasable","19":"product-type-simple"},"_links":{"self":[{"href":"https:\/\/kasskoer.ee\/en\/wp-json\/wp\/v2\/product\/16300","targetHints":{"allow":["GET"]}}],"collection":[{"href":"https:\/\/kasskoer.ee\/en\/wp-json\/wp\/v2\/product"}],"about":[{"href":"https:\/\/kasskoer.ee\/en\/wp-json\/wp\/v2\/types\/product"}],"wp:featuredmedia":[{"embeddable":true,"href":"https:\/\/kasskoer.ee\/en\/wp-json\/wp\/v2\/media\/13300"}],"wp:attachment":[{"href":"https:\/\/kasskoer.ee\/en\/wp-json\/wp\/v2\/media?parent=16300"}],"wp:term":[{"taxonomy":"product_cat","embeddable":true,"href":"https:\/\/kasskoer.ee\/en\/wp-json\/wp\/v2\/product_cat?post=16300"},{"taxonomy":"product_tag","embeddable":true,"href":"https:\/\/kasskoer.ee\/en\/wp-json\/wp\/v2\/product_tag?post=16300"}],"curies":[{"name":"wp","href":"https:\/\/api.w.org\/{rel}","templated":true}]}}