{"id":16302,"date":"2026-04-20T03:15:03","date_gmt":"2026-04-20T00:15:03","guid":{"rendered":"https:\/\/kasskoer.ee\/product\/flamingo-kassi-beez-ronimispuu-arpont-62x37x86cm-2\/"},"modified":"2026-04-20T03:15:05","modified_gmt":"2026-04-20T00:15:05","slug":"flamingo-kassi-beez-ronimispuu-arpont-62x37x86cm","status":"publish","type":"product","link":"https:\/\/kasskoer.ee\/en\/toode\/flamingo-kassi-beez-ronimispuu-arpont-62x37x86cm\/","title":{"rendered":"Flamingo kassi bee\u017e ronimispuu Arpont 62x37x86cm"},"content":{"rendered":"<p><b>Flamingo ronimispuu, milles \u00fchendatud 3 toote omadused &#8211; ronimis- ja kraapimispuu ning lamamiskiik.<\/b><br \/>&#13;<\/p>\n<li>Ronimispuu on kassile heaks treeningvahendiks, aidates v\u00e4ltida \u00fclekaalu.<\/li>\n<p>&#13;<\/p>\n<li>Kraapimine kulutab kassi k\u00fc\u00fcsi. Niimoodi kulub vana k\u00fc\u00fcs ning annab v\u00f5imaluse uuel ja tugeval k\u00fc\u00fcnel kasvada.<\/li>\n<p>&#13;<\/p>\n<li>Ronimispuu aitab teie \u00fclej\u00e4\u00e4nud elamist tervena hoida, kuna kass saab oma energia \u00f5ige koha peal \u00e4ra kulutada.<\/li>\n<p>&#13;<\/p>\n<li>Ronimispuul on k\u00fcljes mitu m\u00e4nguasja, et veelgi rohkem lemmikut tegevuses hoida.<\/li>\n","protected":false},"excerpt":{"rendered":"<p>Flamingo tugev mitme tasandiga ronimispuu kassile.<\/p>\n","protected":false},"featured_media":13304,"template":"","meta":[],"product_cat":[1322],"product_tag":[],"class_list":{"0":"post-16302","1":"product","2":"type-product","3":"status-publish","4":"has-post-thumbnail","6":"product_cat-kasside-ronimispuud-ja-kraapimislauad","7":"pa_brand-flamingo","8":"pa_ean-2453","9":"pa_kaal-7-320","10":"pa_tootjariik-hiina","12":"first","13":"outofstock","14":"taxable","15":"shipping-taxable","16":"purchasable","17":"product-type-simple"},"_links":{"self":[{"href":"https:\/\/kasskoer.ee\/en\/wp-json\/wp\/v2\/product\/16302","targetHints":{"allow":["GET"]}}],"collection":[{"href":"https:\/\/kasskoer.ee\/en\/wp-json\/wp\/v2\/product"}],"about":[{"href":"https:\/\/kasskoer.ee\/en\/wp-json\/wp\/v2\/types\/product"}],"wp:featuredmedia":[{"embeddable":true,"href":"https:\/\/kasskoer.ee\/en\/wp-json\/wp\/v2\/media\/13304"}],"wp:attachment":[{"href":"https:\/\/kasskoer.ee\/en\/wp-json\/wp\/v2\/media?parent=16302"}],"wp:term":[{"taxonomy":"product_cat","embeddable":true,"href":"https:\/\/kasskoer.ee\/en\/wp-json\/wp\/v2\/product_cat?post=16302"},{"taxonomy":"product_tag","embeddable":true,"href":"https:\/\/kasskoer.ee\/en\/wp-json\/wp\/v2\/product_tag?post=16302"}],"curies":[{"name":"wp","href":"https:\/\/api.w.org\/{rel}","templated":true}]}}