{"id":16304,"date":"2026-04-20T03:15:03","date_gmt":"2026-04-20T00:15:03","guid":{"rendered":"https:\/\/kasskoer.ee\/product\/flamingo-puidust-jooksuratas-narilistele-o-195cm-2\/"},"modified":"2026-04-20T03:15:05","modified_gmt":"2026-04-20T00:15:05","slug":"flamingo-puidust-jooksuratas-narilistele-o-195cm","status":"publish","type":"product","link":"https:\/\/kasskoer.ee\/en\/toode\/flamingo-puidust-jooksuratas-narilistele-o-195cm\/","title":{"rendered":"Flamingo puidust jooksuratas n\u00e4rilistele \u00f8 19,5cm"},"content":{"rendered":"<ul>\n<li>V\u00e4ga vaikse s\u00fcsteemiga jooksuratas.<\/li>\n<li>Suurep\u00e4rane treeningvahend sinu v\u00e4ikesele s\u00f5brale.<\/li>\n<li>Puidust alus on v\u00e4ga stabiilne.<\/li>\n<li>M\u00f5\u00f5dud: 20&#215;9,5x22cm.<\/li>\n<li>Ratta&nbsp;diameeter&nbsp;\u00f8 19,5cm.<\/li>\n<\/ul>\n","protected":false},"excerpt":{"rendered":"<p>Flamingo roosa pildiga puidust jooksuratas n\u00e4rilistele.<\/p>\n","protected":false},"featured_media":13306,"template":"","meta":[],"product_cat":[693,3078,924],"product_tag":[],"class_list":{"0":"post-16304","1":"product","2":"type-product","3":"status-publish","4":"has-post-thumbnail","6":"product_cat-muud-loomad","7":"product_cat-narilised","8":"product_cat-nariliste-tarvikud","9":"pa_brand-flamingo","10":"pa_ean-954","11":"pa_kaal-0-460","12":"pa_tootjariik-hiina","14":"first","15":"outofstock","16":"taxable","17":"shipping-taxable","18":"purchasable","19":"product-type-simple"},"_links":{"self":[{"href":"https:\/\/kasskoer.ee\/en\/wp-json\/wp\/v2\/product\/16304","targetHints":{"allow":["GET"]}}],"collection":[{"href":"https:\/\/kasskoer.ee\/en\/wp-json\/wp\/v2\/product"}],"about":[{"href":"https:\/\/kasskoer.ee\/en\/wp-json\/wp\/v2\/types\/product"}],"wp:featuredmedia":[{"embeddable":true,"href":"https:\/\/kasskoer.ee\/en\/wp-json\/wp\/v2\/media\/13306"}],"wp:attachment":[{"href":"https:\/\/kasskoer.ee\/en\/wp-json\/wp\/v2\/media?parent=16304"}],"wp:term":[{"taxonomy":"product_cat","embeddable":true,"href":"https:\/\/kasskoer.ee\/en\/wp-json\/wp\/v2\/product_cat?post=16304"},{"taxonomy":"product_tag","embeddable":true,"href":"https:\/\/kasskoer.ee\/en\/wp-json\/wp\/v2\/product_tag?post=16304"}],"curies":[{"name":"wp","href":"https:\/\/api.w.org\/{rel}","templated":true}]}}