{"id":16311,"date":"2026-04-20T03:15:03","date_gmt":"2026-04-20T00:15:03","guid":{"rendered":"https:\/\/kasskoer.ee\/product\/flamingo-hambahari-koerale-20cm-2\/"},"modified":"2026-04-20T03:15:05","modified_gmt":"2026-04-20T00:15:05","slug":"flamingo-hambahari-koerale-20cm","status":"publish","type":"product","link":"https:\/\/kasskoer.ee\/en\/toode\/flamingo-hambahari-koerale-20cm\/","title":{"rendered":"Flamingo hambahari koerale 20cm"},"content":{"rendered":"<p>T\u00e4nu oma kolmele peale, saab korraga puhtaks hamba nii sisemise, v\u00e4limise kui ka pealmise k\u00fclje. &#13;<\/p>\n<li>Suurep\u00e4rane vahend sinu lemmiku igemete ja hammaste tervise heaks.<\/li>\n<p>&#13;<\/p>\n<li>Hambaharjal v\u00e4ga mugav suur k\u00e4epide.<\/li>\n","protected":false},"excerpt":{"rendered":"<p>Flamingo kolme peaga hambahari koerale.<\/p>\n","protected":false},"featured_media":13312,"template":"","meta":[],"product_cat":[688,365],"product_tag":[],"class_list":{"0":"post-16311","1":"product","2":"type-product","3":"status-publish","4":"has-post-thumbnail","6":"product_cat-koerad","7":"product_cat-koerte-tarvikud","8":"pa_brand-flamingo","9":"pa_ean-1368","10":"pa_kaal-1-000","11":"pa_tootjariik-hiina","13":"first","14":"outofstock","15":"taxable","16":"shipping-taxable","17":"purchasable","18":"product-type-simple"},"_links":{"self":[{"href":"https:\/\/kasskoer.ee\/en\/wp-json\/wp\/v2\/product\/16311","targetHints":{"allow":["GET"]}}],"collection":[{"href":"https:\/\/kasskoer.ee\/en\/wp-json\/wp\/v2\/product"}],"about":[{"href":"https:\/\/kasskoer.ee\/en\/wp-json\/wp\/v2\/types\/product"}],"wp:featuredmedia":[{"embeddable":true,"href":"https:\/\/kasskoer.ee\/en\/wp-json\/wp\/v2\/media\/13312"}],"wp:attachment":[{"href":"https:\/\/kasskoer.ee\/en\/wp-json\/wp\/v2\/media?parent=16311"}],"wp:term":[{"taxonomy":"product_cat","embeddable":true,"href":"https:\/\/kasskoer.ee\/en\/wp-json\/wp\/v2\/product_cat?post=16311"},{"taxonomy":"product_tag","embeddable":true,"href":"https:\/\/kasskoer.ee\/en\/wp-json\/wp\/v2\/product_tag?post=16311"}],"curies":[{"name":"wp","href":"https:\/\/api.w.org\/{rel}","templated":true}]}}