{"id":16316,"date":"2026-04-20T03:15:03","date_gmt":"2026-04-20T00:15:03","guid":{"rendered":"https:\/\/kasskoer.ee\/product\/flamingo-led-kaelarihm-kassidele-oranz-20-35cm-10mm-2\/"},"modified":"2026-04-20T03:15:05","modified_gmt":"2026-04-20T00:15:05","slug":"flamingo-led-kaelarihm-kassidele-oranz-20-35cm-10mm","status":"publish","type":"product","link":"https:\/\/kasskoer.ee\/en\/toode\/flamingo-led-kaelarihm-kassidele-oranz-20-35cm-10mm\/","title":{"rendered":"Flamingo LED kaelarihm kassidele oran\u017e 20-35cm 10mm"},"content":{"rendered":"<p><b>Ideaalne kaelarihm pimedateks \u00f5htuteks, et Teie kassil oleks ohutu seigelda.<\/b>&#13;<\/p>\n<li>Kaelarihma saab sobivasse m\u00f5\u00f5tu l\u00f5igata.<\/li>\n<p>&#13;<\/p>\n<li>Rihmal on LED valgus, mis on n\u00e4htav kuni 500 meetrit ja kolm valgusre\u017eiimi.<\/li>\n<p>&#13;<\/p>\n<li>Kaasas 1 taaslaetav LIR1015 aku ja mikro-USB kaabel.<\/li>\n<p>&#13;<\/p>\n<li>IP44 (kaitse teravate esemete eest ja pritsmekindel).<\/li>\n<p>&#13;<\/p>\n<li>Kaelarihm on valmistatud plastikust.<\/li>\n<p>&#13;<\/p>\n<li>Sobib ka v\u00e4ikest t\u00f5ugu koertele.<\/li>\n<p>&#13;<br \/>\n<br \/>&#13;<br \/>\n<b>M\u00f5\u00f5tmed<\/b><br \/>&#13;<br \/>\n20-35cm x 10mm<\/p>\n","protected":false},"excerpt":{"rendered":"<p>Flamingo LED valgusega oran\u017ei v\u00e4rvi kaelarihm kassidele.<\/p>\n","protected":false},"featured_media":13316,"template":"","meta":[],"product_cat":[1329],"product_tag":[],"class_list":{"0":"post-16316","1":"product","2":"type-product","3":"status-publish","4":"has-post-thumbnail","6":"product_cat-kasside-rihmad","7":"pa_brand-flamingo","8":"pa_ean-2238","9":"pa_kaal-0-050","10":"pa_tootjariik-hiina","12":"first","13":"outofstock","14":"taxable","15":"shipping-taxable","16":"purchasable","17":"product-type-simple"},"_links":{"self":[{"href":"https:\/\/kasskoer.ee\/en\/wp-json\/wp\/v2\/product\/16316","targetHints":{"allow":["GET"]}}],"collection":[{"href":"https:\/\/kasskoer.ee\/en\/wp-json\/wp\/v2\/product"}],"about":[{"href":"https:\/\/kasskoer.ee\/en\/wp-json\/wp\/v2\/types\/product"}],"wp:featuredmedia":[{"embeddable":true,"href":"https:\/\/kasskoer.ee\/en\/wp-json\/wp\/v2\/media\/13316"}],"wp:attachment":[{"href":"https:\/\/kasskoer.ee\/en\/wp-json\/wp\/v2\/media?parent=16316"}],"wp:term":[{"taxonomy":"product_cat","embeddable":true,"href":"https:\/\/kasskoer.ee\/en\/wp-json\/wp\/v2\/product_cat?post=16316"},{"taxonomy":"product_tag","embeddable":true,"href":"https:\/\/kasskoer.ee\/en\/wp-json\/wp\/v2\/product_tag?post=16316"}],"curies":[{"name":"wp","href":"https:\/\/api.w.org\/{rel}","templated":true}]}}