{"id":16321,"date":"2026-04-20T03:15:03","date_gmt":"2026-04-20T00:15:03","guid":{"rendered":"https:\/\/kasskoer.ee\/product\/flamingo-kraapimisvastane-sprei-175ml-2\/"},"modified":"2026-04-20T03:15:05","modified_gmt":"2026-04-20T00:15:05","slug":"flamingo-kraapimisvastane-sprei-175ml","status":"publish","type":"product","link":"https:\/\/kasskoer.ee\/en\/toode\/flamingo-kraapimisvastane-sprei-175ml\/","title":{"rendered":"Flamingo kraapimisvastane sprei 175ml"},"content":{"rendered":"<p>Aitab takistada kassil teie m\u00f6\u00f6blit, vaipu, tapeeti, pr\u00fcgikotte jne kraapimast. Korrake protseduuri iga paari p\u00e4eva tagant.<br \/>&#13;<br \/>\n<br \/>&#13;<br \/>\n<b>Koostis<\/b><br \/>&#13;<br \/>\nVesi, PEG-7 gl\u00fctser\u00fc\u00fclkokoaat, solubilisaator, sidruni\u00f5li, eukal\u00fcpti\u00f5li, met\u00fc\u00fclkloroisotiasolinoon.<br \/>&#13;<br \/>\n<br \/>&#13;<br \/>\nHoida lastele k\u00e4ttesaamatus kohas!<\/p>\n","protected":false},"excerpt":{"rendered":"<p>Flamingo kraapimisvastane sprei kassidele.<\/p>\n","protected":false},"featured_media":13322,"template":"","meta":[],"product_cat":[1216],"product_tag":[],"class_list":{"0":"post-16321","1":"product","2":"type-product","3":"status-publish","4":"has-post-thumbnail","6":"product_cat-kasside-tarvikud","7":"pa_brand-flamingo","8":"pa_ean-2079","9":"pa_kaal-0-175","10":"pa_tootjariik-hiina","12":"first","13":"outofstock","14":"taxable","15":"shipping-taxable","16":"purchasable","17":"product-type-simple"},"_links":{"self":[{"href":"https:\/\/kasskoer.ee\/en\/wp-json\/wp\/v2\/product\/16321","targetHints":{"allow":["GET"]}}],"collection":[{"href":"https:\/\/kasskoer.ee\/en\/wp-json\/wp\/v2\/product"}],"about":[{"href":"https:\/\/kasskoer.ee\/en\/wp-json\/wp\/v2\/types\/product"}],"wp:featuredmedia":[{"embeddable":true,"href":"https:\/\/kasskoer.ee\/en\/wp-json\/wp\/v2\/media\/13322"}],"wp:attachment":[{"href":"https:\/\/kasskoer.ee\/en\/wp-json\/wp\/v2\/media?parent=16321"}],"wp:term":[{"taxonomy":"product_cat","embeddable":true,"href":"https:\/\/kasskoer.ee\/en\/wp-json\/wp\/v2\/product_cat?post=16321"},{"taxonomy":"product_tag","embeddable":true,"href":"https:\/\/kasskoer.ee\/en\/wp-json\/wp\/v2\/product_tag?post=16321"}],"curies":[{"name":"wp","href":"https:\/\/api.w.org\/{rel}","templated":true}]}}