{"id":16322,"date":"2026-04-20T03:15:03","date_gmt":"2026-04-20T00:15:03","guid":{"rendered":"https:\/\/kasskoer.ee\/product\/flamingo-korvapuhastusvahend-kassile-ja-koerale-50ml-2\/"},"modified":"2026-04-20T03:15:05","modified_gmt":"2026-04-20T00:15:05","slug":"flamingo-korvapuhastusvahend-kassile-ja-koerale-50ml","status":"publish","type":"product","link":"https:\/\/kasskoer.ee\/en\/toode\/flamingo-korvapuhastusvahend-kassile-ja-koerale-50ml\/","title":{"rendered":"Flamingo k\u00f5rvapuhastusvahend kassile ja koerale 50ml"},"content":{"rendered":"<p><b>Kasutamine<\/b><br \/>&#13;<br \/>\nTilgutage oma lemmiklooma k\u00f5rva paar tilka k\u00f5rvapuhastusvahendit. H\u00f5\u00f5ruge \u00f5rnalt k\u00f5rva. Kogu mustus lahustub. P\u00fchkige k\u00f5rvast n\u00e4htav mustus pehme salvr\u00e4tikuga \u00e4ra.<br \/>&#13;<br \/>\n<br \/>&#13;<br \/>\n<b>Koostis<\/b><br \/>&#13;<br \/>\nDinaatrium-EDTA 0,1-0,2%, mentool 0,1-0,5%, t\u00fcmool 0,1-0,5%, met\u00fc\u00fclparabeen 0,05-0,1%, et\u00fc\u00fclparabeen 0,02-0,05%, prop\u00fc\u00fclparabeen 0,02-0,05%, isoprop\u00fc\u00fclalkohol 3-5% boorhape 1-3%; PEG-40 h\u00fcdrogeenitud kastoor\u00f5li\/PEG-10 nonoks\u00fcnool\/prop\u00fcleengl\u00fckool 1-5%, prop\u00fcleengl\u00fckool 10-15%, alkohol 15-20%, deioniseeritud vesi 50,6\u201369,61%.<br \/>&#13;<br \/>\n<br \/>&#13;<br \/>\nHoida lastele k\u00e4ttesaamatus kohas!<\/p>\n","protected":false},"excerpt":{"rendered":"<p>Flamingo k\u00f5rvapuhastusvahend kassile ja koerale.<\/p>\n","protected":false},"featured_media":13324,"template":"","meta":[],"product_cat":[688,365],"product_tag":[],"class_list":{"0":"post-16322","1":"product","2":"type-product","3":"status-publish","4":"has-post-thumbnail","6":"product_cat-koerad","7":"product_cat-koerte-tarvikud","8":"pa_brand-flamingo","9":"pa_ean-1369","10":"pa_kaal-0-050","11":"pa_tootjariik-hiina","13":"first","14":"outofstock","15":"taxable","16":"shipping-taxable","17":"purchasable","18":"product-type-simple"},"_links":{"self":[{"href":"https:\/\/kasskoer.ee\/en\/wp-json\/wp\/v2\/product\/16322","targetHints":{"allow":["GET"]}}],"collection":[{"href":"https:\/\/kasskoer.ee\/en\/wp-json\/wp\/v2\/product"}],"about":[{"href":"https:\/\/kasskoer.ee\/en\/wp-json\/wp\/v2\/types\/product"}],"wp:featuredmedia":[{"embeddable":true,"href":"https:\/\/kasskoer.ee\/en\/wp-json\/wp\/v2\/media\/13324"}],"wp:attachment":[{"href":"https:\/\/kasskoer.ee\/en\/wp-json\/wp\/v2\/media?parent=16322"}],"wp:term":[{"taxonomy":"product_cat","embeddable":true,"href":"https:\/\/kasskoer.ee\/en\/wp-json\/wp\/v2\/product_cat?post=16322"},{"taxonomy":"product_tag","embeddable":true,"href":"https:\/\/kasskoer.ee\/en\/wp-json\/wp\/v2\/product_tag?post=16322"}],"curies":[{"name":"wp","href":"https:\/\/api.w.org\/{rel}","templated":true}]}}