{"id":16325,"date":"2026-04-20T03:15:03","date_gmt":"2026-04-20T00:15:03","guid":{"rendered":"https:\/\/kasskoer.ee\/product\/flamingo-kuivsampoon-koertele-200ml-2\/"},"modified":"2026-04-20T03:15:05","modified_gmt":"2026-04-20T00:15:05","slug":"flamingo-kuivsampoon-koertele-200ml","status":"publish","type":"product","link":"https:\/\/kasskoer.ee\/en\/toode\/flamingo-kuivsampoon-koertele-200ml\/","title":{"rendered":"Flamingo kuiv\u0161ampoon koertele 200ml"},"content":{"rendered":"<p><b>V\u00e4rskenda oma karvast s\u00f5pra kuiv\u0161ampooniga!<\/b> &#13;<\/p>\n<li>\u0160ampooni kasutamiseks ei ole vaja vett.<\/li>\n<p>&#13;<\/p>\n<li>Kuiv\u0161ampoon puhastab ja hooldab karva, taastab selle s\u00e4ra ning v\u00e4rskendab nahka.<\/li>\n<p>&#13;<\/p>\n<li>Sisaldab aloe verat, gl\u00fctseriini ja kummelit terve karvkatte ja naha jaoks.<\/li>\n<p>&#13;<\/p>\n<li>Sobib k\u00f5ikidele karvat\u00fc\u00fcpidele.<\/li>\n<p>&#13;<br \/>\n<br \/>&#13;<br \/>\n<b>Kasutamine<\/b><br \/>&#13;<br \/>\nPihustage \u0161ampoon karvale seej\u00e4rel h\u00f5\u00f5ruge r\u00e4tikuga \u00fcle. L\u00f5petuseks harjake karv korralikult l\u00e4bi. V\u00e4ltige \u0161ampooni sattumist ninna, silma ja k\u00f5rvadesse.<br \/>&#13;<br \/>\n<br \/>&#13;<br \/>\n<b>Koostis<\/b><br \/>V\u00e4hem kui 5% anioonseid pindaktiivseid aineid. Muud koostisained: aloe ekstrakt, gl\u00fctseriin, farnesool, kummel, isoprop\u00fc\u00fclalkohol, l\u00f5hnaained.<\/p>\n","protected":false},"excerpt":{"rendered":"<p>Flamingo k\u00f5ikidele karvat\u00fc\u00fcpidele sobilik kuiv\u0161ampoon koertele.<\/p>\n","protected":false},"featured_media":13330,"template":"","meta":[],"product_cat":[2123],"product_tag":[],"class_list":{"0":"post-16325","1":"product","2":"type-product","3":"status-publish","4":"has-post-thumbnail","6":"product_cat-sampoonid","7":"pa_brand-flamingo","8":"pa_ean-2364","9":"pa_kaal-0-200","10":"pa_tootjariik-euroopa-liit","12":"first","13":"instock","14":"taxable","15":"shipping-taxable","16":"purchasable","17":"product-type-simple"},"_links":{"self":[{"href":"https:\/\/kasskoer.ee\/en\/wp-json\/wp\/v2\/product\/16325","targetHints":{"allow":["GET"]}}],"collection":[{"href":"https:\/\/kasskoer.ee\/en\/wp-json\/wp\/v2\/product"}],"about":[{"href":"https:\/\/kasskoer.ee\/en\/wp-json\/wp\/v2\/types\/product"}],"wp:featuredmedia":[{"embeddable":true,"href":"https:\/\/kasskoer.ee\/en\/wp-json\/wp\/v2\/media\/13330"}],"wp:attachment":[{"href":"https:\/\/kasskoer.ee\/en\/wp-json\/wp\/v2\/media?parent=16325"}],"wp:term":[{"taxonomy":"product_cat","embeddable":true,"href":"https:\/\/kasskoer.ee\/en\/wp-json\/wp\/v2\/product_cat?post=16325"},{"taxonomy":"product_tag","embeddable":true,"href":"https:\/\/kasskoer.ee\/en\/wp-json\/wp\/v2\/product_tag?post=16325"}],"curies":[{"name":"wp","href":"https:\/\/api.w.org\/{rel}","templated":true}]}}