{"id":16328,"date":"2026-04-20T03:15:03","date_gmt":"2026-04-20T00:15:03","guid":{"rendered":"https:\/\/kasskoer.ee\/product\/flamingo-plekieemaldaja-kangale-500ml-2\/"},"modified":"2026-04-20T03:15:06","modified_gmt":"2026-04-20T00:15:06","slug":"flamingo-plekieemaldaja-kangale-500ml","status":"publish","type":"product","link":"https:\/\/kasskoer.ee\/en\/toode\/flamingo-plekieemaldaja-kangale-500ml\/","title":{"rendered":"Flamingo plekieemaldaja kangale 500ml"},"content":{"rendered":"<li>Eemaldab plekid ja halvad l\u00f5hnad.<\/li>\n<p>&#13;<\/p>\n<li>Peale kasutamist levitab v\u00e4rsket l\u00f5hna.<\/li>\n<p>&#13;<\/p>\n<li>Sobib kasutamiseks pesadel, istmetel, vaipadel jms.<\/li>\n<p>&#13;<br \/>\n<br \/>&#13;<br \/>\n<b>Kasutamine<\/b><br \/>&#13;<br \/>\nPihustage v\u00e4ike kogus otse plekile ja h\u00f5\u00f5ruge svammiga sisse. Laske kuivada ning seej\u00e4rel puhastage tolmuimejaga.<br \/>&#13;<br \/>\n<br \/>&#13;<br \/>\n<b>Koostis<\/b><br \/>&#13;<br \/>\nParf\u00fc\u00fcm, mitteioonsed pindaktiivsed ained, pol\u00fckarboks\u00fclaadid, linalool, kumariin, limoneen.<br \/>&#13;<br \/>\n<br \/>&#13;<br \/>\n<b>Ettevaatust<\/b><br \/>&#13;<br \/>\nV\u00f5ib p\u00f5hjustada allergilist reaktsiooni.<\/p>\n","protected":false},"excerpt":{"rendered":"<p>Flamingo lemmikloomas\u00f5bralik plekieemaldaja.<\/p>\n","protected":false},"featured_media":13336,"template":"","meta":[],"product_cat":[688,365],"product_tag":[],"class_list":{"0":"post-16328","1":"product","2":"type-product","3":"status-publish","4":"has-post-thumbnail","6":"product_cat-koerad","7":"product_cat-koerte-tarvikud","8":"pa_brand-flamingo","9":"pa_ean-2346","10":"pa_kaal-0-500","11":"pa_tootjariik-hiina","13":"first","14":"instock","15":"taxable","16":"shipping-taxable","17":"purchasable","18":"product-type-simple"},"_links":{"self":[{"href":"https:\/\/kasskoer.ee\/en\/wp-json\/wp\/v2\/product\/16328","targetHints":{"allow":["GET"]}}],"collection":[{"href":"https:\/\/kasskoer.ee\/en\/wp-json\/wp\/v2\/product"}],"about":[{"href":"https:\/\/kasskoer.ee\/en\/wp-json\/wp\/v2\/types\/product"}],"wp:featuredmedia":[{"embeddable":true,"href":"https:\/\/kasskoer.ee\/en\/wp-json\/wp\/v2\/media\/13336"}],"wp:attachment":[{"href":"https:\/\/kasskoer.ee\/en\/wp-json\/wp\/v2\/media?parent=16328"}],"wp:term":[{"taxonomy":"product_cat","embeddable":true,"href":"https:\/\/kasskoer.ee\/en\/wp-json\/wp\/v2\/product_cat?post=16328"},{"taxonomy":"product_tag","embeddable":true,"href":"https:\/\/kasskoer.ee\/en\/wp-json\/wp\/v2\/product_tag?post=16328"}],"curies":[{"name":"wp","href":"https:\/\/api.w.org\/{rel}","templated":true}]}}