{"id":16330,"date":"2026-04-20T03:15:03","date_gmt":"2026-04-20T00:15:03","guid":{"rendered":"https:\/\/kasskoer.ee\/product\/flamingo-2in1-toornahaga-kondikujuline-lelu-koerale-10cm-2\/"},"modified":"2026-04-20T03:15:06","modified_gmt":"2026-04-20T00:15:06","slug":"flamingo-2in1-toornahaga-kondikujuline-lelu-koerale-10cm","status":"publish","type":"product","link":"https:\/\/kasskoer.ee\/en\/toode\/flamingo-2in1-toornahaga-kondikujuline-lelu-koerale-10cm\/","title":{"rendered":"Flamingo 2in1 toornahaga kondikujuline lelu koerale 10cm"},"content":{"rendered":"<p><b>Flamingo 2in1 m\u00e4nguasi maiusega koerale.<\/b><br \/>&#13;<br \/>\nVastupidav lelu p\u00fchvlinahaga, mis muudab lelu koerale v\u00e4ga ahvatlevaks. N\u00e4rimine aitab ennetada hambakatu teket.<br \/>&#13;<br \/>\n<br \/>&#13;<br \/>\n<b>Koostis<\/b><br \/>&#13;<br \/>\nToornahk 100%<br \/>&#13;<br \/>\n<br \/>&#13;<br \/>\n<b>Anal\u00fc\u00fctilised koostisosad<\/b><br \/>&#13;<br \/>\nToorvalk 50%, niiskus 14%, toorrasvad 8%, toortuhk 4%, toorkiud 4%.<br \/>&#13;<br \/>\n<br \/>&#13;<br \/>\n<b>S\u00f6\u00f6dalisandid<\/b><br \/>&#13;<br \/>\nNaatriumdiatsetaat, C-vitamiin 300mg\/kg, E-vitamiin 200mg\/kg.<\/p>\n","protected":false},"excerpt":{"rendered":"<p>V\u00e4ga tugev nailonist m\u00e4nguasi koos toornahaga.<\/p>\n","protected":false},"featured_media":13340,"template":"","meta":[],"product_cat":[1326,688],"product_tag":[],"class_list":{"0":"post-16330","1":"product","2":"type-product","3":"status-publish","4":"has-post-thumbnail","6":"product_cat-koerte-manguasjad","7":"product_cat-koerad","8":"pa_brand-flamingo","9":"pa_ean-2071","10":"pa_kaal-0-070","11":"pa_tootjariik-hiina","13":"first","14":"outofstock","15":"taxable","16":"shipping-taxable","17":"purchasable","18":"product-type-simple"},"_links":{"self":[{"href":"https:\/\/kasskoer.ee\/en\/wp-json\/wp\/v2\/product\/16330","targetHints":{"allow":["GET"]}}],"collection":[{"href":"https:\/\/kasskoer.ee\/en\/wp-json\/wp\/v2\/product"}],"about":[{"href":"https:\/\/kasskoer.ee\/en\/wp-json\/wp\/v2\/types\/product"}],"wp:featuredmedia":[{"embeddable":true,"href":"https:\/\/kasskoer.ee\/en\/wp-json\/wp\/v2\/media\/13340"}],"wp:attachment":[{"href":"https:\/\/kasskoer.ee\/en\/wp-json\/wp\/v2\/media?parent=16330"}],"wp:term":[{"taxonomy":"product_cat","embeddable":true,"href":"https:\/\/kasskoer.ee\/en\/wp-json\/wp\/v2\/product_cat?post=16330"},{"taxonomy":"product_tag","embeddable":true,"href":"https:\/\/kasskoer.ee\/en\/wp-json\/wp\/v2\/product_tag?post=16330"}],"curies":[{"name":"wp","href":"https:\/\/api.w.org\/{rel}","templated":true}]}}