{"id":16331,"date":"2026-04-20T03:15:03","date_gmt":"2026-04-20T00:15:03","guid":{"rendered":"https:\/\/kasskoer.ee\/product\/flamingo-catnip-sprei-kassile-25ml-2\/"},"modified":"2026-04-20T03:15:06","modified_gmt":"2026-04-20T00:15:06","slug":"flamingo-catnip-sprei-kassile-25ml","status":"publish","type":"product","link":"https:\/\/kasskoer.ee\/en\/toode\/flamingo-catnip-sprei-kassile-25ml\/","title":{"rendered":"Flamingo Catnip sprei kassile 25ml"},"content":{"rendered":"<p>Naisten\u00f5gesel on kasside jaoks vastupandamatu l\u00f5hn. Kandes seda kassi ronimispuule v\u00f5i m\u00e4nguasjadele innustab see teda m\u00e4ngima.&#13;<\/p>\n<li>100% naturaalne.<\/li>\n<p>&#13;<\/p>\n<li>T\u00e4iesti ohutu, isegi kui kass peaks seda alla neelama.<\/li>\n<p>&#13;<br \/>\n<br \/>&#13;<br \/>\n<b>Koostis<\/b><br \/>&#13;<br \/>\nVesi (99,3488%), PEG-40 h\u00fcdrogeenitud kastoor\u00f5li (0,5%), naisten\u00f5gese \u00f5li (0,15%), met\u00fc\u00fclkloroisotiasolinoon (0,0012%).<\/p>\n","protected":false},"excerpt":{"rendered":"<p>Flamingo naturaalne naisten\u00f5gese sprei kassile.<\/p>\n","protected":false},"featured_media":13342,"template":"","meta":[],"product_cat":[1216],"product_tag":[],"class_list":{"0":"post-16331","1":"product","2":"type-product","3":"status-publish","4":"has-post-thumbnail","6":"product_cat-kasside-tarvikud","7":"pa_brand-flamingo","8":"pa_ean-2082","9":"pa_kaal-0-025","10":"pa_tootjariik-hiina","12":"first","13":"instock","14":"taxable","15":"shipping-taxable","16":"purchasable","17":"product-type-simple"},"_links":{"self":[{"href":"https:\/\/kasskoer.ee\/en\/wp-json\/wp\/v2\/product\/16331","targetHints":{"allow":["GET"]}}],"collection":[{"href":"https:\/\/kasskoer.ee\/en\/wp-json\/wp\/v2\/product"}],"about":[{"href":"https:\/\/kasskoer.ee\/en\/wp-json\/wp\/v2\/types\/product"}],"wp:featuredmedia":[{"embeddable":true,"href":"https:\/\/kasskoer.ee\/en\/wp-json\/wp\/v2\/media\/13342"}],"wp:attachment":[{"href":"https:\/\/kasskoer.ee\/en\/wp-json\/wp\/v2\/media?parent=16331"}],"wp:term":[{"taxonomy":"product_cat","embeddable":true,"href":"https:\/\/kasskoer.ee\/en\/wp-json\/wp\/v2\/product_cat?post=16331"},{"taxonomy":"product_tag","embeddable":true,"href":"https:\/\/kasskoer.ee\/en\/wp-json\/wp\/v2\/product_tag?post=16331"}],"curies":[{"name":"wp","href":"https:\/\/api.w.org\/{rel}","templated":true}]}}