{"id":16332,"date":"2026-04-20T03:15:03","date_gmt":"2026-04-20T00:15:03","guid":{"rendered":"https:\/\/kasskoer.ee\/product\/flamingo-sprei-nariliste-puuri-puhastamiseks-500ml-2\/"},"modified":"2026-04-20T03:15:06","modified_gmt":"2026-04-20T00:15:06","slug":"flamingo-sprei-nariliste-puuri-puhastamiseks-500ml","status":"publish","type":"product","link":"https:\/\/kasskoer.ee\/en\/toode\/flamingo-sprei-nariliste-puuri-puhastamiseks-500ml\/","title":{"rendered":"Flamingo sprei n\u00e4riliste puuri puhastamiseks 500ml"},"content":{"rendered":"<ul>\n<li>Kiire ja lihtne vahend puuri puhastamiseks.<\/li>\n<li>T\u00e4nu&nbsp;lavendli l\u00f5hnale t\u00f5rjub suurep\u00e4raselt ebameeldivaid l\u00f5hnu.<\/li>\n<\/ul>\n","protected":false},"excerpt":{"rendered":"<p>Flamingo lavendli l\u00f5hnaline pihusti n\u00e4riliste puuri puhastamiseks.<\/p>\n","protected":false},"featured_media":13344,"template":"","meta":[],"product_cat":[693,3078,924],"product_tag":[],"class_list":{"0":"post-16332","1":"product","2":"type-product","3":"status-publish","4":"has-post-thumbnail","6":"product_cat-muud-loomad","7":"product_cat-narilised","8":"product_cat-nariliste-tarvikud","9":"pa_brand-flamingo","10":"pa_ean-955","11":"pa_kaal-0-500","12":"pa_tootjariik-hiina","14":"first","15":"outofstock","16":"taxable","17":"shipping-taxable","18":"purchasable","19":"product-type-simple"},"_links":{"self":[{"href":"https:\/\/kasskoer.ee\/en\/wp-json\/wp\/v2\/product\/16332","targetHints":{"allow":["GET"]}}],"collection":[{"href":"https:\/\/kasskoer.ee\/en\/wp-json\/wp\/v2\/product"}],"about":[{"href":"https:\/\/kasskoer.ee\/en\/wp-json\/wp\/v2\/types\/product"}],"wp:featuredmedia":[{"embeddable":true,"href":"https:\/\/kasskoer.ee\/en\/wp-json\/wp\/v2\/media\/13344"}],"wp:attachment":[{"href":"https:\/\/kasskoer.ee\/en\/wp-json\/wp\/v2\/media?parent=16332"}],"wp:term":[{"taxonomy":"product_cat","embeddable":true,"href":"https:\/\/kasskoer.ee\/en\/wp-json\/wp\/v2\/product_cat?post=16332"},{"taxonomy":"product_tag","embeddable":true,"href":"https:\/\/kasskoer.ee\/en\/wp-json\/wp\/v2\/product_tag?post=16332"}],"curies":[{"name":"wp","href":"https:\/\/api.w.org\/{rel}","templated":true}]}}