{"id":16339,"date":"2026-04-20T03:15:03","date_gmt":"2026-04-20T00:15:03","guid":{"rendered":"https:\/\/kasskoer.ee\/product\/flamingo-kammimiskinnas-koertele-16x24cm-2\/"},"modified":"2026-04-20T03:15:06","modified_gmt":"2026-04-20T00:15:06","slug":"flamingo-kammimiskinnas-koertele-16x24cm","status":"publish","type":"product","link":"https:\/\/kasskoer.ee\/en\/toode\/flamingo-kammimiskinnas-koertele-16x24cm\/","title":{"rendered":"Flamingo kammimiskinnas koertele 16x24cm"},"content":{"rendered":"<p>Suurep\u00e4rane groomingu kinnas Teie lemmiklooma karva hooldamiseks ja masseerimiseks.&#13;<\/p>\n<li>Eemaldab kergesti karvkatte lahtised karvad.<\/li>\n<p>&#13;<\/p>\n<li>Masseerib nahka ja parandab vereringet.<\/li>\n<p>&#13;<\/p>\n<li>V\u00f5ib kasutada ka riietel, vaipadel ja m\u00f6\u00f6blil.<\/li>\n<p>&#13;<\/p>\n<li>Sobib kasutamiseks ka vannis.<\/li>\n<p>&#13;<\/p>\n<li>Kinnast v\u00f5ib pesta k\u00e4sitsi ja leige veega.<\/li>\n<p>&#13;<br \/>\n<br \/>&#13;<br \/>\n<b>M\u00f5\u00f5dud<\/b><br \/>&#13;<br \/>\n16x24cm<\/p>\n","protected":false},"excerpt":{"rendered":"<p>Flamingo groomingu kinnas koertele.<\/p>\n","protected":false},"featured_media":13350,"template":"","meta":[],"product_cat":[688,365],"product_tag":[],"class_list":{"0":"post-16339","1":"product","2":"type-product","3":"status-publish","4":"has-post-thumbnail","6":"product_cat-koerad","7":"product_cat-koerte-tarvikud","8":"pa_brand-flamingo","9":"pa_ean-2265","10":"pa_kaal-0-090","11":"pa_tootjariik-hiina","13":"first","14":"instock","15":"taxable","16":"shipping-taxable","17":"purchasable","18":"product-type-simple"},"_links":{"self":[{"href":"https:\/\/kasskoer.ee\/en\/wp-json\/wp\/v2\/product\/16339","targetHints":{"allow":["GET"]}}],"collection":[{"href":"https:\/\/kasskoer.ee\/en\/wp-json\/wp\/v2\/product"}],"about":[{"href":"https:\/\/kasskoer.ee\/en\/wp-json\/wp\/v2\/types\/product"}],"wp:featuredmedia":[{"embeddable":true,"href":"https:\/\/kasskoer.ee\/en\/wp-json\/wp\/v2\/media\/13350"}],"wp:attachment":[{"href":"https:\/\/kasskoer.ee\/en\/wp-json\/wp\/v2\/media?parent=16339"}],"wp:term":[{"taxonomy":"product_cat","embeddable":true,"href":"https:\/\/kasskoer.ee\/en\/wp-json\/wp\/v2\/product_cat?post=16339"},{"taxonomy":"product_tag","embeddable":true,"href":"https:\/\/kasskoer.ee\/en\/wp-json\/wp\/v2\/product_tag?post=16339"}],"curies":[{"name":"wp","href":"https:\/\/api.w.org\/{rel}","templated":true}]}}