{"id":16342,"date":"2026-04-20T03:15:03","date_gmt":"2026-04-20T00:15:03","guid":{"rendered":"https:\/\/kasskoer.ee\/product\/flamingo-puidust-manguasi-brain-train-edison-25x20cm-2\/"},"modified":"2026-04-20T03:15:06","modified_gmt":"2026-04-20T00:15:06","slug":"flamingo-puidust-manguasi-brain-train-edison-25x20cm","status":"publish","type":"product","link":"https:\/\/kasskoer.ee\/en\/toode\/flamingo-puidust-manguasi-brain-train-edison-25x20cm\/","title":{"rendered":"Flamingo puidust m\u00e4nguasi Brain Train Edison 25x20cm"},"content":{"rendered":"<p>Interaktiivne puidust m\u00e4nguasi, mis stimuleerib Teie koera vaimselt ja f\u00fc\u00fcsiliselt.<br \/>&#13;<br \/>\n<br \/>&#13;<br \/>\n<b>M\u00f5\u00f5dud<\/b><br \/>&#13;<br \/>\n25x20x2,5cm &#13;<br \/>\n<br \/>&#13;<br \/>\n<br \/><b>Materjal<\/b><br \/>&#13;<br \/>\nMDF<\/p>\n","protected":false},"excerpt":{"rendered":"<p>Flamingo interaktiivne puidust m\u00e4nguasi Brain Train Edison koertele.<\/p>\n","protected":false},"featured_media":13352,"template":"","meta":[],"product_cat":[1326,688],"product_tag":[],"class_list":{"0":"post-16342","1":"product","2":"type-product","3":"status-publish","4":"has-post-thumbnail","6":"product_cat-koerte-manguasjad","7":"product_cat-koerad","8":"pa_brand-flamingo","9":"pa_ean-2266","10":"pa_kaal-0-660","11":"pa_tootjariik-hiina","13":"first","14":"outofstock","15":"taxable","16":"shipping-taxable","17":"purchasable","18":"product-type-simple"},"_links":{"self":[{"href":"https:\/\/kasskoer.ee\/en\/wp-json\/wp\/v2\/product\/16342","targetHints":{"allow":["GET"]}}],"collection":[{"href":"https:\/\/kasskoer.ee\/en\/wp-json\/wp\/v2\/product"}],"about":[{"href":"https:\/\/kasskoer.ee\/en\/wp-json\/wp\/v2\/types\/product"}],"wp:featuredmedia":[{"embeddable":true,"href":"https:\/\/kasskoer.ee\/en\/wp-json\/wp\/v2\/media\/13352"}],"wp:attachment":[{"href":"https:\/\/kasskoer.ee\/en\/wp-json\/wp\/v2\/media?parent=16342"}],"wp:term":[{"taxonomy":"product_cat","embeddable":true,"href":"https:\/\/kasskoer.ee\/en\/wp-json\/wp\/v2\/product_cat?post=16342"},{"taxonomy":"product_tag","embeddable":true,"href":"https:\/\/kasskoer.ee\/en\/wp-json\/wp\/v2\/product_tag?post=16342"}],"curies":[{"name":"wp","href":"https:\/\/api.w.org\/{rel}","templated":true}]}}