{"id":16351,"date":"2026-04-20T03:15:06","date_gmt":"2026-04-20T00:15:06","guid":{"rendered":"https:\/\/kasskoer.ee\/product\/flamingo-interaktiivne-puidust-manguasi-diana-koertele-26x295cm-2\/"},"modified":"2026-04-20T03:15:06","modified_gmt":"2026-04-20T00:15:06","slug":"flamingo-interaktiivne-puidust-manguasi-diana-koertele-26x295cm","status":"publish","type":"product","link":"https:\/\/kasskoer.ee\/en\/toode\/flamingo-interaktiivne-puidust-manguasi-diana-koertele-26x295cm\/","title":{"rendered":"Flamingo interaktiivne puidust m\u00e4nguasi Diana koertele 26&#215;29,5cm"},"content":{"rendered":"<p>M\u00e4nguasjal on 3 avatavat sahtlit, mille sisse on v\u00f5imalik maiustus peita.<\/p>\n<p> <strong>M\u00f5\u00f5tmed<\/strong><br \/> 29,5x26x4,5cm<\/p>\n","protected":false},"excerpt":{"rendered":"<p>Flamingo puidust arendav m\u00e4nguasi koerale.<\/p>\n","protected":false},"featured_media":13358,"template":"","meta":[],"product_cat":[1326,688],"product_tag":[],"class_list":{"0":"post-16351","1":"product","2":"type-product","3":"status-publish","4":"has-post-thumbnail","6":"product_cat-koerte-manguasjad","7":"product_cat-koerad","8":"pa_brand-flamingo","9":"pa_ean-976","10":"pa_kaal-1-700","11":"pa_tootjariik-hiina","13":"first","14":"instock","15":"taxable","16":"shipping-taxable","17":"purchasable","18":"product-type-simple"},"_links":{"self":[{"href":"https:\/\/kasskoer.ee\/en\/wp-json\/wp\/v2\/product\/16351","targetHints":{"allow":["GET"]}}],"collection":[{"href":"https:\/\/kasskoer.ee\/en\/wp-json\/wp\/v2\/product"}],"about":[{"href":"https:\/\/kasskoer.ee\/en\/wp-json\/wp\/v2\/types\/product"}],"wp:featuredmedia":[{"embeddable":true,"href":"https:\/\/kasskoer.ee\/en\/wp-json\/wp\/v2\/media\/13358"}],"wp:attachment":[{"href":"https:\/\/kasskoer.ee\/en\/wp-json\/wp\/v2\/media?parent=16351"}],"wp:term":[{"taxonomy":"product_cat","embeddable":true,"href":"https:\/\/kasskoer.ee\/en\/wp-json\/wp\/v2\/product_cat?post=16351"},{"taxonomy":"product_tag","embeddable":true,"href":"https:\/\/kasskoer.ee\/en\/wp-json\/wp\/v2\/product_tag?post=16351"}],"curies":[{"name":"wp","href":"https:\/\/api.w.org\/{rel}","templated":true}]}}