{"id":16356,"date":"2026-04-20T03:15:06","date_gmt":"2026-04-20T00:15:06","guid":{"rendered":"https:\/\/kasskoer.ee\/product\/flamingo-cya3-kraapimispuu-turkiis-hall-50x29cm-2\/"},"modified":"2026-04-20T03:15:06","modified_gmt":"2026-04-20T00:15:06","slug":"flamingo-cya3-kraapimispuu-turkiis-hall-50x29cm","status":"publish","type":"product","link":"https:\/\/kasskoer.ee\/en\/toode\/flamingo-cya3-kraapimispuu-turkiis-hall-50x29cm\/","title":{"rendered":"Flamingo CYA3 kraapimispuu t\u00fcrkiis\/hall 50x29cm"},"content":{"rendered":"<p><b>Flamingo stabiilne ja vastupidav tugeva alusega kraapimispost koos palliraja ja pehmete helisevate pallidega.<\/b>&#13;<\/p>\n<li>Kraapimispost on varustatud sisalk\u00f6iega.<\/li>\n<p>&#13;<\/p>\n<li>Kraapimispost seisab tugeval alusplaadil, mille sisse on ehitatud l\u00f5bus pallirada.<\/li>\n<p>&#13;<\/p>\n<li>Pehmed pl\u00fc\u00fcsist helisevate kellukestega m\u00e4nguasjad pakuvad lisa m\u00e4ngulusti.<\/li>\n<p>&#13;<br \/>\n<br \/>&#13;<br \/>\n<b>M\u00f5\u00f5tmed<\/b><br \/>&#13;<br \/>\nKogu pikkus ja laius: 50 x 29cm.<br \/>&#13;<br \/>\nKraapimispuu pikkus ja laius: 28,5 x 6cm.<\/p>\n","protected":false},"excerpt":{"rendered":"<p>Flamingo kassi kraapimispuu koos meelelahutusega.<\/p>\n","protected":false},"featured_media":13364,"template":"","meta":[],"product_cat":[1322],"product_tag":[],"class_list":{"0":"post-16356","1":"product","2":"type-product","3":"status-publish","4":"has-post-thumbnail","6":"product_cat-kasside-ronimispuud-ja-kraapimislauad","7":"pa_brand-flamingo","8":"pa_ean-2250","9":"pa_kaal-1-300","10":"pa_tootjariik-hiina","12":"first","13":"outofstock","14":"taxable","15":"shipping-taxable","16":"purchasable","17":"product-type-simple"},"_links":{"self":[{"href":"https:\/\/kasskoer.ee\/en\/wp-json\/wp\/v2\/product\/16356","targetHints":{"allow":["GET"]}}],"collection":[{"href":"https:\/\/kasskoer.ee\/en\/wp-json\/wp\/v2\/product"}],"about":[{"href":"https:\/\/kasskoer.ee\/en\/wp-json\/wp\/v2\/types\/product"}],"wp:featuredmedia":[{"embeddable":true,"href":"https:\/\/kasskoer.ee\/en\/wp-json\/wp\/v2\/media\/13364"}],"wp:attachment":[{"href":"https:\/\/kasskoer.ee\/en\/wp-json\/wp\/v2\/media?parent=16356"}],"wp:term":[{"taxonomy":"product_cat","embeddable":true,"href":"https:\/\/kasskoer.ee\/en\/wp-json\/wp\/v2\/product_cat?post=16356"},{"taxonomy":"product_tag","embeddable":true,"href":"https:\/\/kasskoer.ee\/en\/wp-json\/wp\/v2\/product_tag?post=16356"}],"curies":[{"name":"wp","href":"https:\/\/api.w.org\/{rel}","templated":true}]}}