{"id":16373,"date":"2026-04-20T03:15:06","date_gmt":"2026-04-20T00:15:06","guid":{"rendered":"https:\/\/kasskoer.ee\/product\/flamingo-tunnel-kassile-o-25cm-90cm-2\/"},"modified":"2026-04-20T03:15:07","modified_gmt":"2026-04-20T00:15:07","slug":"flamingo-tunnel-kassile-o-25cm-90cm","status":"publish","type":"product","link":"https:\/\/kasskoer.ee\/en\/toode\/flamingo-tunnel-kassile-o-25cm-90cm\/","title":{"rendered":"Flamingo tunnel kassile \u00f8 25cm &#8211; 90cm"},"content":{"rendered":"<li>Kokku volditav, saab v\u00e4ga kompaktselt hoiustada.<\/li>\n<p>&#13;<\/p>\n<li>3 sissep\u00e4\u00e4suga (k\u00fclje peal \u00fcks lisa ava).<\/li>\n<p>&#13;<\/p>\n<li>Ideaalne kassile peituse m\u00e4ngimiseks.<\/li>\n<p>&#13;<\/p>\n<li>Sobib nii sise- kui v\u00e4listingimustesse.<\/li>\n","protected":false},"excerpt":{"rendered":"<p>Flamingo tunnel kassile \u00f8 25cm, lahti v\u00f5etuna 90cm pikk.<\/p>\n","protected":false},"featured_media":13378,"template":"","meta":[],"product_cat":[1216],"product_tag":[],"class_list":{"0":"post-16373","1":"product","2":"type-product","3":"status-publish","4":"has-post-thumbnail","6":"product_cat-kasside-tarvikud","7":"pa_brand-flamingo","8":"pa_ean-1354","9":"pa_kaal-0-200","10":"pa_tootjariik-hiina","12":"first","13":"outofstock","14":"taxable","15":"shipping-taxable","16":"purchasable","17":"product-type-simple"},"_links":{"self":[{"href":"https:\/\/kasskoer.ee\/en\/wp-json\/wp\/v2\/product\/16373","targetHints":{"allow":["GET"]}}],"collection":[{"href":"https:\/\/kasskoer.ee\/en\/wp-json\/wp\/v2\/product"}],"about":[{"href":"https:\/\/kasskoer.ee\/en\/wp-json\/wp\/v2\/types\/product"}],"wp:featuredmedia":[{"embeddable":true,"href":"https:\/\/kasskoer.ee\/en\/wp-json\/wp\/v2\/media\/13378"}],"wp:attachment":[{"href":"https:\/\/kasskoer.ee\/en\/wp-json\/wp\/v2\/media?parent=16373"}],"wp:term":[{"taxonomy":"product_cat","embeddable":true,"href":"https:\/\/kasskoer.ee\/en\/wp-json\/wp\/v2\/product_cat?post=16373"},{"taxonomy":"product_tag","embeddable":true,"href":"https:\/\/kasskoer.ee\/en\/wp-json\/wp\/v2\/product_tag?post=16373"}],"curies":[{"name":"wp","href":"https:\/\/api.w.org\/{rel}","templated":true}]}}