{"id":16379,"date":"2026-04-20T03:15:06","date_gmt":"2026-04-20T00:15:06","guid":{"rendered":"https:\/\/kasskoer.ee\/product\/flamingo-kassi-kraaplaud-greta-hall-74x195x15cm-2\/"},"modified":"2026-04-20T03:15:07","modified_gmt":"2026-04-20T00:15:07","slug":"flamingo-kassi-kraaplaud-greta-hall-74x195x15cm","status":"publish","type":"product","link":"https:\/\/kasskoer.ee\/en\/toode\/flamingo-kassi-kraaplaud-greta-hall-74x195x15cm\/","title":{"rendered":"Flamingo kassi kraaplaud Greta hall 74&#215;19,5&#215;1,5cm"},"content":{"rendered":"<ul>\n<li>Kraapimislaud on kassile heaks treeninguks.<\/li>\n<li>Kraapimine kulutab kassi k\u00fc\u00fcsi. Niimoodi kulub vana k\u00fc\u00fcs ning annab v\u00f5imaluse uuel ja tugeval k\u00fc\u00fcnel kasvada.<\/li>\n<li>Kraapimislaud aitab teie \u00fclej\u00e4\u00e4nud elamist tervena hoida.<\/li>\n<\/ul>\n<p>Kraapimislaua m\u00f5\u00f5tmed: <span style=\"background-color:rgb(250,250,251);color:rgb(35,40,44);\">74&#215;19,5&#215;1,5cm<\/span><\/p>\n","protected":false},"excerpt":{"rendered":"<p>Flamingo halli v\u00e4rvi kraapimislaud kassile.<\/p>\n","protected":false},"featured_media":13384,"template":"","meta":[],"product_cat":[1322],"product_tag":[],"class_list":{"0":"post-16379","1":"product","2":"type-product","3":"status-publish","4":"has-post-thumbnail","6":"product_cat-kasside-ronimispuud-ja-kraapimislauad","7":"pa_brand-flamingo","8":"pa_ean-896","9":"pa_kaal-0-500","10":"pa_tootjariik-hiina","12":"first","13":"instock","14":"taxable","15":"shipping-taxable","16":"purchasable","17":"product-type-simple"},"_links":{"self":[{"href":"https:\/\/kasskoer.ee\/en\/wp-json\/wp\/v2\/product\/16379","targetHints":{"allow":["GET"]}}],"collection":[{"href":"https:\/\/kasskoer.ee\/en\/wp-json\/wp\/v2\/product"}],"about":[{"href":"https:\/\/kasskoer.ee\/en\/wp-json\/wp\/v2\/types\/product"}],"wp:featuredmedia":[{"embeddable":true,"href":"https:\/\/kasskoer.ee\/en\/wp-json\/wp\/v2\/media\/13384"}],"wp:attachment":[{"href":"https:\/\/kasskoer.ee\/en\/wp-json\/wp\/v2\/media?parent=16379"}],"wp:term":[{"taxonomy":"product_cat","embeddable":true,"href":"https:\/\/kasskoer.ee\/en\/wp-json\/wp\/v2\/product_cat?post=16379"},{"taxonomy":"product_tag","embeddable":true,"href":"https:\/\/kasskoer.ee\/en\/wp-json\/wp\/v2\/product_tag?post=16379"}],"curies":[{"name":"wp","href":"https:\/\/api.w.org\/{rel}","templated":true}]}}