{"id":16380,"date":"2026-04-20T03:15:06","date_gmt":"2026-04-20T00:15:06","guid":{"rendered":"https:\/\/kasskoer.ee\/product\/flamingo-shiro-pruun-kraapimislaud-kassile-m-20x15x745cm-2\/"},"modified":"2026-04-20T03:15:07","modified_gmt":"2026-04-20T00:15:07","slug":"flamingo-shiro-pruun-kraapimislaud-kassile-m-20x15x745cm","status":"publish","type":"product","link":"https:\/\/kasskoer.ee\/en\/toode\/flamingo-shiro-pruun-kraapimislaud-kassile-m-20x15x745cm\/","title":{"rendered":"Flamingo Shiro pruun kraapimislaud kassile M 20&#215;1,5&#215;74,5cm"},"content":{"rendered":"<p><b>Flamingo pruun sisalk\u00f6itega kraapimislaud viimistletud pehme pl\u00fc\u00fcsiga.<\/b>&#13;<\/p>\n<li>Saab paigaldada kaasasolevate kruvide ja pistikutega vastu seina.<\/li>\n<p>&#13;<\/p>\n<li>Kraapimine eemaldab k\u00fc\u00fcne surnud v\u00e4liskihi, v\u00f5imaldades uuel tervel k\u00fc\u00fcnel korralikult kasvada.<\/li>\n<p>&#13;<\/p>\n<li>Hoiab Teie kassi m\u00f6\u00f6blit kriimustamast.<\/li>\n<p>&#13;<br \/>\n<br \/>&#13;<br \/>\n<b>M\u00f5\u00f5tmed<\/b><br \/>&#13;<br \/>\n20 x 1,5 x 74,5 cm<\/p>\n","protected":false},"excerpt":{"rendered":"<p>Flamingo sisalk\u00f6itega pruun kraapimislaud kassile.<\/p>\n","protected":false},"featured_media":13386,"template":"","meta":[],"product_cat":[1322],"product_tag":[],"class_list":{"0":"post-16380","1":"product","2":"type-product","3":"status-publish","4":"has-post-thumbnail","6":"product_cat-kasside-ronimispuud-ja-kraapimislauad","7":"pa_brand-flamingo","8":"pa_ean-2256","9":"pa_kaal-0-700","10":"pa_tootjariik-hiina","12":"first","13":"instock","14":"taxable","15":"shipping-taxable","16":"purchasable","17":"product-type-simple"},"_links":{"self":[{"href":"https:\/\/kasskoer.ee\/en\/wp-json\/wp\/v2\/product\/16380","targetHints":{"allow":["GET"]}}],"collection":[{"href":"https:\/\/kasskoer.ee\/en\/wp-json\/wp\/v2\/product"}],"about":[{"href":"https:\/\/kasskoer.ee\/en\/wp-json\/wp\/v2\/types\/product"}],"wp:featuredmedia":[{"embeddable":true,"href":"https:\/\/kasskoer.ee\/en\/wp-json\/wp\/v2\/media\/13386"}],"wp:attachment":[{"href":"https:\/\/kasskoer.ee\/en\/wp-json\/wp\/v2\/media?parent=16380"}],"wp:term":[{"taxonomy":"product_cat","embeddable":true,"href":"https:\/\/kasskoer.ee\/en\/wp-json\/wp\/v2\/product_cat?post=16380"},{"taxonomy":"product_tag","embeddable":true,"href":"https:\/\/kasskoer.ee\/en\/wp-json\/wp\/v2\/product_tag?post=16380"}],"curies":[{"name":"wp","href":"https:\/\/api.w.org\/{rel}","templated":true}]}}