{"id":16384,"date":"2026-04-20T03:15:06","date_gmt":"2026-04-20T00:15:06","guid":{"rendered":"https:\/\/kasskoer.ee\/product\/flamingo-punased-traksid-autosoiduks-kassile-15mm-2\/"},"modified":"2026-04-20T03:15:07","modified_gmt":"2026-04-20T00:15:07","slug":"flamingo-punased-traksid-autosoiduks-kassile-15mm","status":"publish","type":"product","link":"https:\/\/kasskoer.ee\/en\/toode\/flamingo-punased-traksid-autosoiduks-kassile-15mm\/","title":{"rendered":"Flamingo punased traksid autos\u00f5iduks kassile 15mm"},"content":{"rendered":"<p><b>Flamingo punast v\u00e4rvi traksid koos kinnitusrihmaga turvaliseks autos\u00f5iduks kassile.<\/b>&#13;<\/p>\n<li>Sobib enamikule standardsetele rihmas\u00fcsteemidele (v.a Chevrolet, Saab ja Volvo).<\/li>\n<p>&#13;<\/p>\n<li>Pikkus reguleeritav turvav\u00f6\u00f6 kinnitusega.<\/li>\n<p>&#13;<\/p>\n<li>Turvalukuga kl\u00f5pslukk.<\/li>\n<p>&#13;<\/p>\n<li>R\u00f5ngas rihma kinnitamiseks.<\/li>\n<p>&#13;<\/p>\n<li>Polsterdatud rinnatoega.<\/li>\n<p>&#13;<\/p>\n<li>Valmistatud nailonist.<\/li>\n","protected":false},"excerpt":{"rendered":"<p>Flamingo traksikomplekt kassile.<\/p>\n","protected":false},"featured_media":13390,"template":"","meta":[],"product_cat":[1328],"product_tag":[],"class_list":{"0":"post-16384","1":"product","2":"type-product","3":"status-publish","4":"has-post-thumbnail","6":"product_cat-kasside-traksid","7":"pa_brand-flamingo","8":"pa_ean-2365","9":"pa_kaal-0-100","10":"pa_tootjariik-hiina","12":"first","13":"outofstock","14":"taxable","15":"shipping-taxable","16":"purchasable","17":"product-type-simple"},"_links":{"self":[{"href":"https:\/\/kasskoer.ee\/en\/wp-json\/wp\/v2\/product\/16384","targetHints":{"allow":["GET"]}}],"collection":[{"href":"https:\/\/kasskoer.ee\/en\/wp-json\/wp\/v2\/product"}],"about":[{"href":"https:\/\/kasskoer.ee\/en\/wp-json\/wp\/v2\/types\/product"}],"wp:featuredmedia":[{"embeddable":true,"href":"https:\/\/kasskoer.ee\/en\/wp-json\/wp\/v2\/media\/13390"}],"wp:attachment":[{"href":"https:\/\/kasskoer.ee\/en\/wp-json\/wp\/v2\/media?parent=16384"}],"wp:term":[{"taxonomy":"product_cat","embeddable":true,"href":"https:\/\/kasskoer.ee\/en\/wp-json\/wp\/v2\/product_cat?post=16384"},{"taxonomy":"product_tag","embeddable":true,"href":"https:\/\/kasskoer.ee\/en\/wp-json\/wp\/v2\/product_tag?post=16384"}],"curies":[{"name":"wp","href":"https:\/\/api.w.org\/{rel}","templated":true}]}}