{"id":16387,"date":"2026-04-20T03:15:06","date_gmt":"2026-04-20T00:15:06","guid":{"rendered":"https:\/\/kasskoer.ee\/product\/flamingo-oranzid-traksid-rihmaga-kassile-m-2\/"},"modified":"2026-04-20T03:15:07","modified_gmt":"2026-04-20T00:15:07","slug":"flamingo-oranzid-traksid-rihmaga-kassile-m","status":"publish","type":"product","link":"https:\/\/kasskoer.ee\/en\/toode\/flamingo-oranzid-traksid-rihmaga-kassile-m\/","title":{"rendered":"Flamingo oran\u017eid traksid rihmaga kassile M"},"content":{"rendered":"<ul>\n<li>Traksi&nbsp;\u00fcmberm\u00f5\u00f5t on muudetav, et saavutada parim sobivus.<\/li>\n<li>Kaela poolse&nbsp;osa \u00fcmberm\u00f5\u00f5t 32cm ning keha poolse osa \u00fcmberm\u00f5\u00f5t&nbsp;36-48cm.<\/li>\n<li>Traksid on valmistatud mugavast hingavast v\u00f5rkmaterjalist.<\/li>\n<li>Rihma pikkus 1,1m.<\/li>\n<li>Kaks plastikust klambrit muudavad trakside paigaldamise v\u00e4ga lihtsaks.<\/li>\n<li>Traksidel on k\u00fcljes D-r\u00f5ngas ning rihmal lukustusvedruga haak, nii on rihma kinnitamine ja eemaldamine trakside k\u00fclge v\u00e4ga kiire ning lihtne.<\/li>\n<\/ul>\n","protected":false},"excerpt":{"rendered":"<p>\u200bFlamingo oran\u017ei v\u00e4rvi traksid koos rihmaga kassile.<\/p>\n","protected":false},"featured_media":13392,"template":"","meta":[],"product_cat":[1328],"product_tag":[],"class_list":{"0":"post-16387","1":"product","2":"type-product","3":"status-publish","4":"has-post-thumbnail","6":"product_cat-kasside-traksid","7":"pa_brand-flamingo","8":"pa_ean-995","9":"pa_kaal-0-070","10":"pa_tootjariik-hiina","12":"first","13":"instock","14":"taxable","15":"shipping-taxable","16":"purchasable","17":"product-type-simple"},"_links":{"self":[{"href":"https:\/\/kasskoer.ee\/en\/wp-json\/wp\/v2\/product\/16387","targetHints":{"allow":["GET"]}}],"collection":[{"href":"https:\/\/kasskoer.ee\/en\/wp-json\/wp\/v2\/product"}],"about":[{"href":"https:\/\/kasskoer.ee\/en\/wp-json\/wp\/v2\/types\/product"}],"wp:featuredmedia":[{"embeddable":true,"href":"https:\/\/kasskoer.ee\/en\/wp-json\/wp\/v2\/media\/13392"}],"wp:attachment":[{"href":"https:\/\/kasskoer.ee\/en\/wp-json\/wp\/v2\/media?parent=16387"}],"wp:term":[{"taxonomy":"product_cat","embeddable":true,"href":"https:\/\/kasskoer.ee\/en\/wp-json\/wp\/v2\/product_cat?post=16387"},{"taxonomy":"product_tag","embeddable":true,"href":"https:\/\/kasskoer.ee\/en\/wp-json\/wp\/v2\/product_tag?post=16387"}],"curies":[{"name":"wp","href":"https:\/\/api.w.org\/{rel}","templated":true}]}}