{"id":16392,"date":"2026-04-20T03:15:06","date_gmt":"2026-04-20T00:15:06","guid":{"rendered":"https:\/\/kasskoer.ee\/product\/flamingo-roheline-kellukesega-kaelarihm-kassidele-20-35cm-2\/"},"modified":"2026-04-20T03:15:07","modified_gmt":"2026-04-20T00:15:07","slug":"flamingo-roheline-kellukesega-kaelarihm-kassidele-20-35cm","status":"publish","type":"product","link":"https:\/\/kasskoer.ee\/en\/toode\/flamingo-roheline-kellukesega-kaelarihm-kassidele-20-35cm\/","title":{"rendered":"Flamingo roheline kellukesega kaelarihm kassidele 20-35cm"},"content":{"rendered":"<ul>\n<li>Kaelarihmal on spetsiaalne klamber, mis tuleb \u00e4ra juhuks, kui kass kuhugi kinni j\u00e4\u00e4b.<\/li>\n<li>Kaelarihma pikkust saab muuta vahemikus 20-35cm.<\/li>\n<li> Kaelarihma k\u00fcljes on kelluke.<\/li>\n<li>Plastklamber&nbsp;teeb krae kinnitamise&nbsp;v\u00e4ga lihtsaks.<\/li>\n<\/ul>\n","protected":false},"excerpt":{"rendered":"<p>Flamingo roheline kellukesega kaelarihm kassidele<\/p>\n","protected":false},"featured_media":13396,"template":"","meta":[],"product_cat":[1329],"product_tag":[],"class_list":{"0":"post-16392","1":"product","2":"type-product","3":"status-publish","4":"has-post-thumbnail","6":"product_cat-kasside-rihmad","7":"pa_brand-flamingo","8":"pa_ean-927","9":"pa_kaal-0-020","10":"pa_tootjariik-hiina","12":"first","13":"instock","14":"taxable","15":"shipping-taxable","16":"purchasable","17":"product-type-simple"},"_links":{"self":[{"href":"https:\/\/kasskoer.ee\/en\/wp-json\/wp\/v2\/product\/16392","targetHints":{"allow":["GET"]}}],"collection":[{"href":"https:\/\/kasskoer.ee\/en\/wp-json\/wp\/v2\/product"}],"about":[{"href":"https:\/\/kasskoer.ee\/en\/wp-json\/wp\/v2\/types\/product"}],"wp:featuredmedia":[{"embeddable":true,"href":"https:\/\/kasskoer.ee\/en\/wp-json\/wp\/v2\/media\/13396"}],"wp:attachment":[{"href":"https:\/\/kasskoer.ee\/en\/wp-json\/wp\/v2\/media?parent=16392"}],"wp:term":[{"taxonomy":"product_cat","embeddable":true,"href":"https:\/\/kasskoer.ee\/en\/wp-json\/wp\/v2\/product_cat?post=16392"},{"taxonomy":"product_tag","embeddable":true,"href":"https:\/\/kasskoer.ee\/en\/wp-json\/wp\/v2\/product_tag?post=16392"}],"curies":[{"name":"wp","href":"https:\/\/api.w.org\/{rel}","templated":true}]}}