{"id":16397,"date":"2026-04-20T03:15:06","date_gmt":"2026-04-20T00:15:06","guid":{"rendered":"https:\/\/kasskoer.ee\/product\/flamingo-helesinised-traksid-rihmaga-kassile-2\/"},"modified":"2026-04-20T03:15:08","modified_gmt":"2026-04-20T00:15:08","slug":"flamingo-helesinised-traksid-rihmaga-kassile","status":"publish","type":"product","link":"https:\/\/kasskoer.ee\/en\/toode\/flamingo-helesinised-traksid-rihmaga-kassile\/","title":{"rendered":"Flamingo helesinised traksid rihmaga kassile"},"content":{"rendered":"<ul>\n<li>Trakside pikkused on kergesti muudetavad, et saavutada parim sobivus.<\/li>\n<li>Kaela poolse&nbsp;osa pikkus on muudetav 22-36cm ning keha poolse osa pikkus&nbsp;27-46cm.<\/li>\n<li>Rihma pikkus 1,1m.<\/li>\n<li>Kaks plastikust klambrit muudavad trakside paigaldamise v\u00e4ga lihtsaks.<\/li>\n<li>Traksidel on k\u00fcljes D-r\u00f5ngas ning rihmal lukustusvedruga haak, nii on rihma kinnitamine ja eemaldamine trakside k\u00fclge v\u00e4ga kiire ning lihtne.<\/li>\n<\/ul>\n","protected":false},"excerpt":{"rendered":"<p>Flamingo helesinist v\u00e4rvi traksid koos rihmaga kassile.<\/p>\n","protected":false},"featured_media":13402,"template":"","meta":[],"product_cat":[1328],"product_tag":[],"class_list":{"0":"post-16397","1":"product","2":"type-product","3":"status-publish","4":"has-post-thumbnail","6":"product_cat-kasside-traksid","7":"pa_brand-flamingo","8":"pa_ean-917","9":"pa_kaal-0-060","10":"pa_tootjariik-hiina","12":"first","13":"instock","14":"taxable","15":"shipping-taxable","16":"purchasable","17":"product-type-simple"},"_links":{"self":[{"href":"https:\/\/kasskoer.ee\/en\/wp-json\/wp\/v2\/product\/16397","targetHints":{"allow":["GET"]}}],"collection":[{"href":"https:\/\/kasskoer.ee\/en\/wp-json\/wp\/v2\/product"}],"about":[{"href":"https:\/\/kasskoer.ee\/en\/wp-json\/wp\/v2\/types\/product"}],"wp:featuredmedia":[{"embeddable":true,"href":"https:\/\/kasskoer.ee\/en\/wp-json\/wp\/v2\/media\/13402"}],"wp:attachment":[{"href":"https:\/\/kasskoer.ee\/en\/wp-json\/wp\/v2\/media?parent=16397"}],"wp:term":[{"taxonomy":"product_cat","embeddable":true,"href":"https:\/\/kasskoer.ee\/en\/wp-json\/wp\/v2\/product_cat?post=16397"},{"taxonomy":"product_tag","embeddable":true,"href":"https:\/\/kasskoer.ee\/en\/wp-json\/wp\/v2\/product_tag?post=16397"}],"curies":[{"name":"wp","href":"https:\/\/api.w.org\/{rel}","templated":true}]}}