{"id":16399,"date":"2026-04-20T03:15:06","date_gmt":"2026-04-20T00:15:06","guid":{"rendered":"https:\/\/kasskoer.ee\/product\/flamingo-graniitsinised-traksid-rihmaga-kassile-2\/"},"modified":"2026-04-20T03:15:08","modified_gmt":"2026-04-20T00:15:08","slug":"flamingo-graniitsinised-traksid-rihmaga-kassile","status":"publish","type":"product","link":"https:\/\/kasskoer.ee\/en\/toode\/flamingo-graniitsinised-traksid-rihmaga-kassile\/","title":{"rendered":"Flamingo graniitsinised traksid rihmaga kassile"},"content":{"rendered":"<li>Trakside pikkused on kergesti muudetavad, et saavutada parim sobivus.<\/li>\n<p>&#13;<\/p>\n<li>Kaela poolse osa pikkus on muudetav 22-36cm ning keha poolse osa pikkus 27-46cm.<\/li>\n<p>&#13;<\/p>\n<li>Rihma pikkus 1,1m.<\/li>\n<p>&#13;<\/p>\n<li>Kaks plastikust klambrit muudavad trakside paigaldamise v\u00e4ga lihtsaks.<\/li>\n<p>&#13;<\/p>\n<li>Traksidel on k\u00fcljes D-r\u00f5ngas ning rihmal lukustusvedruga haak, nii on rihma kinnitamine ja eemaldamine trakside k\u00fclge v\u00e4ga kiire ning lihtne.<\/li>\n","protected":false},"excerpt":{"rendered":"<p>\u200bFlamingo graniitsinist v\u00e4rvi traksid koos rihmaga kassile.<\/p>\n","protected":false},"featured_media":13404,"template":"","meta":[],"product_cat":[1328],"product_tag":[],"class_list":{"0":"post-16399","1":"product","2":"type-product","3":"status-publish","4":"has-post-thumbnail","6":"product_cat-kasside-traksid","7":"pa_brand-flamingo","8":"pa_ean-1356","9":"pa_kaal-0-060","10":"pa_tootjariik-hiina","12":"first","13":"instock","14":"taxable","15":"shipping-taxable","16":"purchasable","17":"product-type-simple"},"_links":{"self":[{"href":"https:\/\/kasskoer.ee\/en\/wp-json\/wp\/v2\/product\/16399","targetHints":{"allow":["GET"]}}],"collection":[{"href":"https:\/\/kasskoer.ee\/en\/wp-json\/wp\/v2\/product"}],"about":[{"href":"https:\/\/kasskoer.ee\/en\/wp-json\/wp\/v2\/types\/product"}],"wp:featuredmedia":[{"embeddable":true,"href":"https:\/\/kasskoer.ee\/en\/wp-json\/wp\/v2\/media\/13404"}],"wp:attachment":[{"href":"https:\/\/kasskoer.ee\/en\/wp-json\/wp\/v2\/media?parent=16399"}],"wp:term":[{"taxonomy":"product_cat","embeddable":true,"href":"https:\/\/kasskoer.ee\/en\/wp-json\/wp\/v2\/product_cat?post=16399"},{"taxonomy":"product_tag","embeddable":true,"href":"https:\/\/kasskoer.ee\/en\/wp-json\/wp\/v2\/product_tag?post=16399"}],"curies":[{"name":"wp","href":"https:\/\/api.w.org\/{rel}","templated":true}]}}