{"id":16404,"date":"2026-04-20T03:15:06","date_gmt":"2026-04-20T00:15:06","guid":{"rendered":"https:\/\/kasskoer.ee\/product\/flamingo-traksid-meriseale-m-2\/"},"modified":"2026-04-20T03:15:08","modified_gmt":"2026-04-20T00:15:08","slug":"flamingo-traksid-meriseale-m","status":"publish","type":"product","link":"https:\/\/kasskoer.ee\/en\/toode\/flamingo-traksid-meriseale-m\/","title":{"rendered":"Flamingo traksid meriseale M"},"content":{"rendered":"<ul>\n<li>Trakside pikkused on kergesti muudetavad, et saavutada parim sobivus.<\/li>\n<li>Kaela poolse&nbsp;osa pikkus on muudetav 18-26cm ning keha poolse osa pikkus&nbsp;24-29cm.<\/li>\n<li>Kaks plastikust klambrit muudavad trakside paigaldamise v\u00e4ga lihtsaks.<\/li>\n<li>Veniva rihma pikkus on 77-120,5cm.<\/li>\n<li>Traksidel on k\u00fcljes D-r\u00f5ngas ning rihmal lukustusvedruga haak, nii on rihma kinnitamine ja eemaldamine trakside k\u00fclge v\u00e4ga kiire ning lihtne.<\/li>\n<li>Traksid on&nbsp;30\u00b0C juures pestavad.<\/li>\n<\/ul>\n","protected":false},"excerpt":{"rendered":"<p>Flamingo traksid koos veniva rihmaga meriseale v\u00f5i tuhkrule.<\/p>\n","protected":false},"featured_media":13408,"template":"","meta":[],"product_cat":[693,3078,924],"product_tag":[],"class_list":{"0":"post-16404","1":"product","2":"type-product","3":"status-publish","4":"has-post-thumbnail","6":"product_cat-muud-loomad","7":"product_cat-narilised","8":"product_cat-nariliste-tarvikud","9":"pa_brand-flamingo","10":"pa_ean-991","11":"pa_kaal-0-050","12":"pa_tootjariik-hiina","14":"first","15":"instock","16":"taxable","17":"shipping-taxable","18":"purchasable","19":"product-type-simple"},"_links":{"self":[{"href":"https:\/\/kasskoer.ee\/en\/wp-json\/wp\/v2\/product\/16404","targetHints":{"allow":["GET"]}}],"collection":[{"href":"https:\/\/kasskoer.ee\/en\/wp-json\/wp\/v2\/product"}],"about":[{"href":"https:\/\/kasskoer.ee\/en\/wp-json\/wp\/v2\/types\/product"}],"wp:featuredmedia":[{"embeddable":true,"href":"https:\/\/kasskoer.ee\/en\/wp-json\/wp\/v2\/media\/13408"}],"wp:attachment":[{"href":"https:\/\/kasskoer.ee\/en\/wp-json\/wp\/v2\/media?parent=16404"}],"wp:term":[{"taxonomy":"product_cat","embeddable":true,"href":"https:\/\/kasskoer.ee\/en\/wp-json\/wp\/v2\/product_cat?post=16404"},{"taxonomy":"product_tag","embeddable":true,"href":"https:\/\/kasskoer.ee\/en\/wp-json\/wp\/v2\/product_tag?post=16404"}],"curies":[{"name":"wp","href":"https:\/\/api.w.org\/{rel}","templated":true}]}}