{"id":16406,"date":"2026-04-20T03:15:06","date_gmt":"2026-04-20T00:15:06","guid":{"rendered":"https:\/\/kasskoer.ee\/product\/flamingo-punased-traksid-rihmaga-kassipojale-2\/"},"modified":"2026-04-20T03:15:08","modified_gmt":"2026-04-20T00:15:08","slug":"flamingo-punased-traksid-rihmaga-kassipojale","status":"publish","type":"product","link":"https:\/\/kasskoer.ee\/en\/toode\/flamingo-punased-traksid-rihmaga-kassipojale\/","title":{"rendered":"Flamingo punased traksid rihmaga kassipojale"},"content":{"rendered":"<li>Trakside pikkused on kergesti muudetavad, et saavutada parim sobivus.<\/li>\n<p>&#13;<\/p>\n<li>Kaela poolse osa pikkus on muudetav 15-22cm ning keha poolse osa pikkus 20-30cm.<\/li>\n<p>&#13;<\/p>\n<li>Rihma pikkus 1,2m.<\/li>\n<p>&#13;<\/p>\n<li>Kaks plastikust klambrit muudavad trakside paigaldamise v\u00e4ga lihtsaks.<\/li>\n<p>&#13;<\/p>\n<li>Traksidel on k\u00fcljes D-r\u00f5ngas ning rihmal lukustusvedruga haak, nii on rihma kinnitamine ja eemaldamine trakside k\u00fclge v\u00e4ga kiire ning lihtne.<\/li>\n","protected":false},"excerpt":{"rendered":"<p>Flamingo punast v\u00e4rvi traksid koos rihmaga kassipojale.<\/p>\n","protected":false},"featured_media":13410,"template":"","meta":[],"product_cat":[1328],"product_tag":[],"class_list":{"0":"post-16406","1":"product","2":"type-product","3":"status-publish","4":"has-post-thumbnail","6":"product_cat-kasside-traksid","7":"pa_brand-flamingo","8":"pa_ean-1357","9":"pa_kaal-0-060","10":"pa_tootjariik-hiina","12":"first","13":"outofstock","14":"taxable","15":"shipping-taxable","16":"purchasable","17":"product-type-simple"},"_links":{"self":[{"href":"https:\/\/kasskoer.ee\/en\/wp-json\/wp\/v2\/product\/16406","targetHints":{"allow":["GET"]}}],"collection":[{"href":"https:\/\/kasskoer.ee\/en\/wp-json\/wp\/v2\/product"}],"about":[{"href":"https:\/\/kasskoer.ee\/en\/wp-json\/wp\/v2\/types\/product"}],"wp:featuredmedia":[{"embeddable":true,"href":"https:\/\/kasskoer.ee\/en\/wp-json\/wp\/v2\/media\/13410"}],"wp:attachment":[{"href":"https:\/\/kasskoer.ee\/en\/wp-json\/wp\/v2\/media?parent=16406"}],"wp:term":[{"taxonomy":"product_cat","embeddable":true,"href":"https:\/\/kasskoer.ee\/en\/wp-json\/wp\/v2\/product_cat?post=16406"},{"taxonomy":"product_tag","embeddable":true,"href":"https:\/\/kasskoer.ee\/en\/wp-json\/wp\/v2\/product_tag?post=16406"}],"curies":[{"name":"wp","href":"https:\/\/api.w.org\/{rel}","templated":true}]}}