{"id":16413,"date":"2026-04-20T03:15:06","date_gmt":"2026-04-20T00:15:06","guid":{"rendered":"https:\/\/kasskoer.ee\/product\/flamingo-roosad-rihmaga-traksid-kassile-20-35cm-2\/"},"modified":"2026-04-20T03:15:08","modified_gmt":"2026-04-20T00:15:08","slug":"flamingo-roosad-rihmaga-traksid-kassile-20-35cm","status":"publish","type":"product","link":"https:\/\/kasskoer.ee\/en\/toode\/flamingo-roosad-rihmaga-traksid-kassile-20-35cm\/","title":{"rendered":"Flamingo roosad rihmaga traksid kassile 20-35cm"},"content":{"rendered":"<li>Trakside pikkused on kergesti muudetavad, et saavutada parim sobivus.<\/li>\n<p>&#13;<\/p>\n<li>Kaela poolse osa pikkus on muudetav 22-36cm ning keha poolse osa pikkus 27-46cm.<\/li>\n<p>&#13;<\/p>\n<li>Rihma pikkus 1,1m.<\/li>\n<p>&#13;<\/p>\n<li>Kaks plastikust klambrit muudavad trakside paigaldamise v\u00e4ga lihtsaks.<\/li>\n<p>&#13;<\/p>\n<li>Traksidel on k\u00fcljes D-r\u00f5ngas ning rihmal lukustusvedruga haak, nii on rihma kinnitamine ja eemaldamine trakside k\u00fclge v\u00e4ga kiire ning lihtne.<\/li>\n<p>&#13;<br \/>\n<br \/><b>Materjal<\/b><br \/>&#13;<br \/>\nNailon<\/p>\n","protected":false},"excerpt":{"rendered":"<p>Flamingo Ziggi roosad rihmaga traksid kassidele.<\/p>\n","protected":false},"featured_media":13416,"template":"","meta":[],"product_cat":[1328],"product_tag":[],"class_list":{"0":"post-16413","1":"product","2":"type-product","3":"status-publish","4":"has-post-thumbnail","6":"product_cat-kasside-traksid","7":"pa_brand-flamingo","8":"pa_ean-2268","9":"pa_kaal-0-046","10":"pa_tootjariik-hiina","12":"first","13":"instock","14":"taxable","15":"shipping-taxable","16":"purchasable","17":"product-type-simple"},"_links":{"self":[{"href":"https:\/\/kasskoer.ee\/en\/wp-json\/wp\/v2\/product\/16413","targetHints":{"allow":["GET"]}}],"collection":[{"href":"https:\/\/kasskoer.ee\/en\/wp-json\/wp\/v2\/product"}],"about":[{"href":"https:\/\/kasskoer.ee\/en\/wp-json\/wp\/v2\/types\/product"}],"wp:featuredmedia":[{"embeddable":true,"href":"https:\/\/kasskoer.ee\/en\/wp-json\/wp\/v2\/media\/13416"}],"wp:attachment":[{"href":"https:\/\/kasskoer.ee\/en\/wp-json\/wp\/v2\/media?parent=16413"}],"wp:term":[{"taxonomy":"product_cat","embeddable":true,"href":"https:\/\/kasskoer.ee\/en\/wp-json\/wp\/v2\/product_cat?post=16413"},{"taxonomy":"product_tag","embeddable":true,"href":"https:\/\/kasskoer.ee\/en\/wp-json\/wp\/v2\/product_tag?post=16413"}],"curies":[{"name":"wp","href":"https:\/\/api.w.org\/{rel}","templated":true}]}}