{"id":16433,"date":"2026-04-20T03:15:06","date_gmt":"2026-04-20T00:15:06","guid":{"rendered":"https:\/\/kasskoer.ee\/product\/flamingo-keraamiline-kauss-kassile-o-135cm-375ml-2\/"},"modified":"2026-04-20T03:15:08","modified_gmt":"2026-04-20T00:15:08","slug":"flamingo-keraamiline-kauss-kassile-o-135cm-375ml","status":"publish","type":"product","link":"https:\/\/kasskoer.ee\/en\/toode\/flamingo-keraamiline-kauss-kassile-o-135cm-375ml\/","title":{"rendered":"Flamingo keraamiline kauss kassile \u00f8 13,5cm &#8211; 375ml"},"content":{"rendered":"<p>Ilus ja praktiline&nbsp;s\u00f6\u00f6gi- ja joogin\u00f5u sinu lemmikule.<\/p>\n","protected":false},"excerpt":{"rendered":"<p>Flamingo valge keraamiline s\u00f6\u00f6gi- ja joogin\u00f5u kassile.<\/p>\n","protected":false},"featured_media":13434,"template":"","meta":[],"product_cat":[1325],"product_tag":[],"class_list":{"0":"post-16433","1":"product","2":"type-product","3":"status-publish","4":"has-post-thumbnail","6":"product_cat-kasside-sooginoud","7":"pa_brand-flamingo","8":"pa_ean-906","9":"pa_kaal-0-270","10":"pa_tootjariik-hiina","12":"first","13":"instock","14":"taxable","15":"shipping-taxable","16":"purchasable","17":"product-type-simple"},"_links":{"self":[{"href":"https:\/\/kasskoer.ee\/en\/wp-json\/wp\/v2\/product\/16433","targetHints":{"allow":["GET"]}}],"collection":[{"href":"https:\/\/kasskoer.ee\/en\/wp-json\/wp\/v2\/product"}],"about":[{"href":"https:\/\/kasskoer.ee\/en\/wp-json\/wp\/v2\/types\/product"}],"wp:featuredmedia":[{"embeddable":true,"href":"https:\/\/kasskoer.ee\/en\/wp-json\/wp\/v2\/media\/13434"}],"wp:attachment":[{"href":"https:\/\/kasskoer.ee\/en\/wp-json\/wp\/v2\/media?parent=16433"}],"wp:term":[{"taxonomy":"product_cat","embeddable":true,"href":"https:\/\/kasskoer.ee\/en\/wp-json\/wp\/v2\/product_cat?post=16433"},{"taxonomy":"product_tag","embeddable":true,"href":"https:\/\/kasskoer.ee\/en\/wp-json\/wp\/v2\/product_tag?post=16433"}],"curies":[{"name":"wp","href":"https:\/\/api.w.org\/{rel}","templated":true}]}}