{"id":16439,"date":"2026-04-20T03:15:06","date_gmt":"2026-04-20T00:15:06","guid":{"rendered":"https:\/\/kasskoer.ee\/product\/flamingo-aeglane-sooginou-bobo-1-o-17cm-500ml-2\/"},"modified":"2026-04-20T03:15:09","modified_gmt":"2026-04-20T00:15:09","slug":"flamingo-aeglane-sooginou-bobo-1-o-17cm-500ml","status":"publish","type":"product","link":"https:\/\/kasskoer.ee\/en\/toode\/flamingo-aeglane-sooginou-bobo-1-o-17cm-500ml\/","title":{"rendered":"Flamingo aeglane s\u00f6\u00f6gin\u00f5u Bobo 1 \u00f8 17cm &#8211; 500ml"},"content":{"rendered":"<ul>\n<li>Kauss takistab koera oma toitu liiga kiiresti s\u00f6\u00f6mast.<\/li>\n<li>Kausil on libisemisvastased kummist jalad.<\/li>\n<li>Sobilik nii kuiv- kui m\u00e4rgtoidu jaoks.<\/li>\n<\/ul>\n","protected":false},"excerpt":{"rendered":"<p>Flamingo halli v\u00e4rvi aeglaseks s\u00f6\u00f6miseks m\u00f5eldud kauss koerale.<\/p>\n","protected":false},"featured_media":13440,"template":"","meta":[],"product_cat":[1319],"product_tag":[],"class_list":{"0":"post-16439","1":"product","2":"type-product","3":"status-publish","4":"has-post-thumbnail","6":"product_cat-koerte-sooginoud","7":"pa_brand-flamingo","8":"pa_ean-909","9":"pa_kaal-0-270","10":"pa_tootjariik-hiina","12":"first","13":"instock","14":"taxable","15":"shipping-taxable","16":"purchasable","17":"product-type-simple"},"_links":{"self":[{"href":"https:\/\/kasskoer.ee\/en\/wp-json\/wp\/v2\/product\/16439","targetHints":{"allow":["GET"]}}],"collection":[{"href":"https:\/\/kasskoer.ee\/en\/wp-json\/wp\/v2\/product"}],"about":[{"href":"https:\/\/kasskoer.ee\/en\/wp-json\/wp\/v2\/types\/product"}],"wp:featuredmedia":[{"embeddable":true,"href":"https:\/\/kasskoer.ee\/en\/wp-json\/wp\/v2\/media\/13440"}],"wp:attachment":[{"href":"https:\/\/kasskoer.ee\/en\/wp-json\/wp\/v2\/media?parent=16439"}],"wp:term":[{"taxonomy":"product_cat","embeddable":true,"href":"https:\/\/kasskoer.ee\/en\/wp-json\/wp\/v2\/product_cat?post=16439"},{"taxonomy":"product_tag","embeddable":true,"href":"https:\/\/kasskoer.ee\/en\/wp-json\/wp\/v2\/product_tag?post=16439"}],"curies":[{"name":"wp","href":"https:\/\/api.w.org\/{rel}","templated":true}]}}