{"id":16445,"date":"2026-04-20T03:15:06","date_gmt":"2026-04-20T00:15:06","guid":{"rendered":"https:\/\/kasskoer.ee\/product\/record-narimiskont-presskont-2tk-13cm-2\/"},"modified":"2026-04-20T03:15:09","modified_gmt":"2026-04-20T00:15:09","slug":"record-narimiskont-presskont-2tk-13cm","status":"publish","type":"product","link":"https:\/\/kasskoer.ee\/en\/toode\/record-narimiskont-presskont-2tk-13cm\/","title":{"rendered":"Record n\u00e4rimiskont presskont 2tk 13cm"},"content":{"rendered":"<li>Kondid rahuldavad koera loomulikku n\u00e4rimisvajadust, stimuleerivad ja tugevdavad koera igemelihaseid ning leevendavad k\u00f5rvalep\u00f5ikena \u00e4revus- ja \u00fcksindustunnet.<\/li>\n<p>&#13;<\/p>\n<li>N\u00e4rimine aitab v\u00e4hendada hambakattu ja hambakivi.<\/li>\n<p>&#13;<\/p>\n<li>Pakendis 2 n\u00e4rimiskonti.<\/li>\n<p>&#13;<br \/>\n<br \/><b>Koostis<\/b><br \/>&#13;<br \/>\nToornahk 99%, tapioki t\u00e4rklis 1%.&#13;<br \/>\n<br \/>&#13;<br \/>\n<br \/><b>Anal\u00fc\u00fctilised koostisosad<\/b><br \/>&#13;<br \/>\nToorproteiin 82%, toor\u00f5lid ja -rasvad 1.0%, toorkiud 0.8%, niiskus 16.0%, toortuhk 1.0%.<\/p>\n","protected":false},"excerpt":{"rendered":"<p>Record toornahast n\u00e4rimiskont koerale.<\/p>\n","protected":false},"featured_media":13448,"template":"","meta":[],"product_cat":[1332,688],"product_tag":[],"class_list":{"0":"post-16445","1":"product","2":"type-product","3":"status-publish","4":"has-post-thumbnail","6":"product_cat-koerte-narimiskondid","7":"product_cat-koerad","8":"pa_brand-record","9":"pa_ean-1800","10":"pa_kaal-0-130","11":"pa_tootjariik-hiina","13":"first","14":"instock","15":"taxable","16":"shipping-taxable","17":"purchasable","18":"product-type-simple"},"_links":{"self":[{"href":"https:\/\/kasskoer.ee\/en\/wp-json\/wp\/v2\/product\/16445","targetHints":{"allow":["GET"]}}],"collection":[{"href":"https:\/\/kasskoer.ee\/en\/wp-json\/wp\/v2\/product"}],"about":[{"href":"https:\/\/kasskoer.ee\/en\/wp-json\/wp\/v2\/types\/product"}],"wp:featuredmedia":[{"embeddable":true,"href":"https:\/\/kasskoer.ee\/en\/wp-json\/wp\/v2\/media\/13448"}],"wp:attachment":[{"href":"https:\/\/kasskoer.ee\/en\/wp-json\/wp\/v2\/media?parent=16445"}],"wp:term":[{"taxonomy":"product_cat","embeddable":true,"href":"https:\/\/kasskoer.ee\/en\/wp-json\/wp\/v2\/product_cat?post=16445"},{"taxonomy":"product_tag","embeddable":true,"href":"https:\/\/kasskoer.ee\/en\/wp-json\/wp\/v2\/product_tag?post=16445"}],"curies":[{"name":"wp","href":"https:\/\/api.w.org\/{rel}","templated":true}]}}