{"id":16447,"date":"2026-04-20T03:15:06","date_gmt":"2026-04-20T00:15:06","guid":{"rendered":"https:\/\/kasskoer.ee\/product\/carnilove-pouch-pate-ostrich-with-blackberries-einekotike-koertele-300g-2\/"},"modified":"2026-04-20T03:15:09","modified_gmt":"2026-04-20T00:15:09","slug":"carnilove-pouch-pate-ostrich-with-blackberries-einekotike-koertele-300g","status":"publish","type":"product","link":"https:\/\/kasskoer.ee\/en\/toode\/carnilove-pouch-pate-ostrich-with-blackberries-einekotike-koertele-300g\/","title":{"rendered":"Carnilove Pouch Pate Ostrich with Blackberries einekotike koertele 300g"},"content":{"rendered":"<p><strong>Allergiaohutu ja kergesti seeditav jaanalinnuliha toetab seedetrakti tervist. V\u00e4ike rasva- ja kolesteroolisisaldus toetab optimaalset vormi ning s\u00fcdame ja veresoonkonna tervist. P\u00f5ldmarjad sisaldavad rohkelt antioks\u00fcdante ning toetavad naha ja kuseteede tervist.<\/p>\n<p> Koostis<\/strong><br \/> Liha ja elundid (kalkun 59%, jaanalind 26%) 85%, p\u00f5ldmarjad 4%, hernejahu 1% , lignotselluloos 1%, lina\u00f5li 1%.<\/p>\n<p> <strong>Anal\u00fc\u00fctilised koostisosad<\/strong><br \/> Toorvalk 10,0%, toorrasv 8,0%, toorkiud 0,2%, toortuhk 2,5%, niiskus 78,0%, kaltsium 0,2%, fosfor 0,2%, naatrium 0,3%, oomega-3 0,15%.<\/p>\n<p> <strong>Toidulisandid 1 kg kohta<\/strong><br \/> D3-vitamiin (3a671) 200 R\u00dc, E-vitamiin (3a700) 100 mg, biotiin (3a880) 0,5 mg, tsink (3b606) 12 mg, mangaan (3b504) 3 mg, raud (3b106) 10 mg, vask (3b406) 4 mg, jood (3b201) 0,7 mg, tauriin (3a370) 800 mg. Additifs technologiques par kg: gomme de caroube (E 410) 4,000 mg. Sisaldab looduslikke antioks\u00fcdante: taime\u00f5list saadud tokoferoolirikkaid ekstrakte (1b306) ja rosmariiniekstrakti.<\/p>\n<p> <strong>Metaboolne energia<\/strong><br \/> 1160 kcal\/kg<\/p>\n","protected":false},"excerpt":{"rendered":"<p>T\u00e4iss\u00f6\u00f6t v\u00f5i maitsev lisand graanulite juurde jaanalinnuliha ja p\u00f5ldmarjadega pasteedis t\u00e4iskasvanud koertele.<\/p>\n","protected":false},"featured_media":13452,"template":"","meta":[],"product_cat":[688,106],"product_tag":[],"class_list":{"0":"post-16447","1":"product","2":"type-product","3":"status-publish","4":"has-post-thumbnail","6":"product_cat-koerad","7":"product_cat-konservid-koertele","8":"pa_brand-carnilove","9":"pa_ean-802","10":"pa_kaal-0-300","11":"pa_tootjariik-tsehhi","13":"first","14":"instock","15":"taxable","16":"shipping-taxable","17":"purchasable","18":"product-type-simple"},"_links":{"self":[{"href":"https:\/\/kasskoer.ee\/en\/wp-json\/wp\/v2\/product\/16447","targetHints":{"allow":["GET"]}}],"collection":[{"href":"https:\/\/kasskoer.ee\/en\/wp-json\/wp\/v2\/product"}],"about":[{"href":"https:\/\/kasskoer.ee\/en\/wp-json\/wp\/v2\/types\/product"}],"wp:featuredmedia":[{"embeddable":true,"href":"https:\/\/kasskoer.ee\/en\/wp-json\/wp\/v2\/media\/13452"}],"wp:attachment":[{"href":"https:\/\/kasskoer.ee\/en\/wp-json\/wp\/v2\/media?parent=16447"}],"wp:term":[{"taxonomy":"product_cat","embeddable":true,"href":"https:\/\/kasskoer.ee\/en\/wp-json\/wp\/v2\/product_cat?post=16447"},{"taxonomy":"product_tag","embeddable":true,"href":"https:\/\/kasskoer.ee\/en\/wp-json\/wp\/v2\/product_tag?post=16447"}],"curies":[{"name":"wp","href":"https:\/\/api.w.org\/{rel}","templated":true}]}}