{"id":16448,"date":"2026-04-20T03:15:06","date_gmt":"2026-04-20T00:15:06","guid":{"rendered":"https:\/\/kasskoer.ee\/product\/brit-care-cat-grain-free-sterilized-sensitive-kassitoit-04-kg-2\/"},"modified":"2026-04-20T03:15:09","modified_gmt":"2026-04-20T00:15:09","slug":"brit-care-cat-grain-free-sterilized-sensitive-kassitoit-04-kg","status":"publish","type":"product","link":"https:\/\/kasskoer.ee\/en\/toode\/brit-care-cat-grain-free-sterilized-sensitive-kassitoit-04-kg\/","title":{"rendered":"Brit Care Cat Grain-Free Sterilized Sensitive kassitoit 0,4 kg"},"content":{"rendered":"<p><strong>T\u00e4istoit tundliku seedimisega steriliseeritud t\u00e4iskasvanud kassidele.<\/strong><\/p>\n<p>Neerude ja kuseteede tervist toetav h\u00fcpoallergeenne teraviljavaba koostis, mis sisaldab vilju ja maitsetaimi, mis on pungil looduslikke antioks\u00fcdante ja E-vitamiini, kaitstes keha vabade radikaalide eest ja andes tugeva immuuns\u00fcsteemi kogu eluks. V\u00e4rske k\u00fc\u00fcliku tailiha toetab s\u00fcdame- ja vereringes\u00fcsteemi ning aitab s\u00e4ilitada optimaalset f\u00fc\u00fcsilist seisundit.<\/p>\n<ul>\n<li>V\u00e4rske k\u00fc\u00fclikuliha on suurep\u00e4raselt seeditav ning madala kolesteroolisisaldusega.<\/li>\n<li>Astelpaju ja mungalill toetavad neerude ja kuseteede tervist. L-metioniini ja madal magneesiumi sisaldus aitavad hoida uriini pH-d optimaalses vahemikus 6,0\u20136,5, v\u00e4ltimaks kusekivide teket.<\/li>\n<li>Probiootikumid ja prebiootikumid soodustavad seedetrakti ja immuuns\u00fcsteemi tervist.<\/li>\n<li>Teraviljavaba \u2013 v\u00e4rvainetevaba \u2013 s\u00e4ilitusainetevaba \u2013 GMO-vaba \u2013 sojavaba.<\/li>\n<\/ul>\n<p><strong>Koostis<\/strong><br \/> V\u00e4rske k\u00fc\u00fclikuliha (26%), deh\u00fcdreeritud k\u00fc\u00fclik (26%), kollased herned (16%), kikerherned (10%), kodulinnurasv (konserveeritud tokoferoolidega, 6%), kuivatatud \u00f5unad (6%), l\u00f5he\u00f5li (2%), h\u00fcdrol\u00fc\u00fcsitud kanamaks (2%), \u00f5llep\u00e4rm (2%), India teelehe seemnekestad ja seemned (1%), linaseemned (1%), kuivatatud mungalill (0,5%), kuivatatud kummel (0,5%), mineraalained, kuivatatud tatar (0,3%), kuivatatud j\u00f5hvikad (0,2%), frukto-oligosahhariidid (0,015%), mannaan-oligosahhariidid (0,015%), mohaave t\u00e4\u00e4kliilia (0,008%), Lactobacillus acidophilus HA \u2013 122 inaktiveeritud (15 \u00d7 109 rakku\/kg).<\/p>\n<p> <strong>Anal\u00fc\u00fctilised koostisosad<\/strong><br \/> Toorvalk 31,0%, toorrasv 13,0%, toorkiud 3,0%, toortuhk 8,8%, niiskus 10,0%, Omega-3 0,4%, Omega-6 1,2%, kaltsium 0,8%, fosfor 0,7%, naatrium 1,0%, magneesium 0,04%.<\/p>\n<p> <strong>Lisandid 1kg kohta<\/strong><br \/> A-vitamiin (3a672a) 20 000 R\u00dc, D3-vitamiin (E671) 800 R\u00dc, E-vitamiin (3a700) 600 mg, C-vitamiin (3a312) 300 mg, tauriin (3a370) 2 500 mg, L-karnitiin (3a910) 100 mg, koliinkloriid (3a890) 2 500 mg, biotiin (3a880) 2 mg, vitamiin B1 (3a821) 10 mg, vitamiin B2 12 mg, niatsiinamiid (3a315) 50 mg, kaltsium-D-pantotenaat (3a841) 40 mg, vitamiin B6 (3a831) 10 mg, foolhape (3a316) 2 mg, vitamiin B12 0,04 mg, tsink (3b606) 120 mg, raud (3b106) 45 mg, mangaan (3b504) 55 mg, kaaliumjodiid (3b201) 4 mg, vask (3b406) 10 mg, seleen (3b8.10) 0,2 mg, L-metioniin (3c305) 4 000 mg. Sisaldab ELis heaks kiidetud looduslikke antioks\u00fcdante: tokoferooliekstraktid taime\u00f5list (1b306), askorb\u00fc\u00fclpalmitaat (1b304) ja rosmariini ekstrakt.<\/p>\n<p> <strong>Metaboliseeruv energia<\/strong><br \/> 3,610 kcal\/kg<\/p>\n<p> <strong>Toitmisjuhend<\/strong><br \/> Serveeri toitu kuivalt v\u00f5i leiges vees niisutatud kujul. Veenduge, et teie kassil oleks kogu aeg juurdep\u00e4\u00e4s v\u00e4rskele joogiveele. Toit peaks olema kassile saadaval kogu p\u00e4eva. Esmakordsel serveerimisel segage \u00fclemineku h\u00f5lbustamiseks j\u00e4rk-j\u00e4rgult eelmise toiduga. Hoida kuivas ja jahedas, eemal otsesest p\u00e4ikesevalgusest. P\u00e4rast avamist sulgege uuesti.<br \/> &nbsp;&nbsp;<\/p>\n<figure class=\"table\">\n<table>\n<tbody>\n<tr>\n<th>Kassi kaal (kg)<\/th>\n<th>2-3<\/th>\n<th>3-5<\/th>\n<th>5-7<\/th>\n<th>7-9<\/th>\n<\/tr>\n<tr>\n<th>Kogus (g\/p\u00e4evas)<\/th>\n<th>40-55<\/th>\n<th>55-75<\/th>\n<th>75-78<\/th>\n<th>85-95<\/th>\n<\/tr>\n<\/tbody>\n<\/table>\n<\/figure>\n","protected":false},"excerpt":{"rendered":"<p>Brit Care teraviljavaba h\u00fcpoallergeenne t\u00e4istoit k\u00fc\u00fclikulihaga t\u00e4iskasvanud steriliseeritud tundliku seedimisega kassidele.<\/p>\n","protected":false},"featured_media":6125,"template":"","meta":[],"product_cat":[689,75],"product_tag":[],"class_list":{"0":"post-16448","1":"product","2":"type-product","3":"status-publish","4":"has-post-thumbnail","6":"product_cat-kassid","7":"product_cat-kassitoit","8":"pa_brand-brit-care","9":"pa_ean-590","10":"pa_kaal-0-400","11":"pa_tootjariik-tsehhi","13":"first","14":"instock","15":"taxable","16":"shipping-taxable","17":"purchasable","18":"product-type-simple"},"_links":{"self":[{"href":"https:\/\/kasskoer.ee\/en\/wp-json\/wp\/v2\/product\/16448","targetHints":{"allow":["GET"]}}],"collection":[{"href":"https:\/\/kasskoer.ee\/en\/wp-json\/wp\/v2\/product"}],"about":[{"href":"https:\/\/kasskoer.ee\/en\/wp-json\/wp\/v2\/types\/product"}],"wp:featuredmedia":[{"embeddable":true,"href":"https:\/\/kasskoer.ee\/en\/wp-json\/wp\/v2\/media\/6125"}],"wp:attachment":[{"href":"https:\/\/kasskoer.ee\/en\/wp-json\/wp\/v2\/media?parent=16448"}],"wp:term":[{"taxonomy":"product_cat","embeddable":true,"href":"https:\/\/kasskoer.ee\/en\/wp-json\/wp\/v2\/product_cat?post=16448"},{"taxonomy":"product_tag","embeddable":true,"href":"https:\/\/kasskoer.ee\/en\/wp-json\/wp\/v2\/product_tag?post=16448"}],"curies":[{"name":"wp","href":"https:\/\/api.w.org\/{rel}","templated":true}]}}