{"id":16451,"date":"2026-04-20T03:15:09","date_gmt":"2026-04-20T00:15:09","guid":{"rendered":"https:\/\/kasskoer.ee\/product\/brit-care-cat-grain-free-indoor-anti-stress-kassitoit-2-kg-2\/"},"modified":"2026-04-20T03:15:09","modified_gmt":"2026-04-20T00:15:09","slug":"brit-care-cat-grain-free-indoor-anti-stress-kassitoit-2-kg","status":"publish","type":"product","link":"https:\/\/kasskoer.ee\/en\/toode\/brit-care-cat-grain-free-indoor-anti-stress-kassitoit-2-kg\/","title":{"rendered":"Brit Care Cat Grain-Free Indoor Anti-Stress kassitoit 2 kg"},"content":{"rendered":"<p><b>Brit Care t\u00e4iss\u00f6\u00f6t alates 12 kuu vanustele toakassidele.<\/b><br \/> Toakassid puutuvad sageli kokku erinevat t\u00fc\u00fcpi stressidega, mis v\u00f5ivad tuleneda territoriaalsetest muutustest, n\u00e4iteks uue leibkonnaliikme puhul, m\u00f6\u00f6bli \u00fcmberkorraldamisel, kolimisel jne. K\u00f5igil neil olukordadel on negatiivne m\u00f5ju kassi n\u00e4rvi- ja vereringes\u00fcsteemile. \u00d5ige toit aitab sinu kassil stressiga h\u00e4sti toime tulla!&#13;<\/p>\n<li>S\u00fcdamerohi on tuntud oma v\u00f5ime poolest pakkuda loomulikku ja t\u00f5husat stressikaitset. See stabiliseerib s\u00fcdamefunktsiooni ja v\u00e4hendab k\u00f5rget verer\u00f5hku, mis aitab toakassidel stressiga toime tulla.<\/li>\n<p>&#13;<\/p>\n<li>Pro- ja prebiootikumid soodustavad seedetrakti ja immuuns\u00fcsteemi tervist.<\/li>\n<p>&#13;<\/p>\n<li>V\u00e4rske kana annab toidule aroomi ja maitse, mis on vastupandamatu ka k\u00f5ige valivamatele kassidele.<\/li>\n<p>&#13;<\/p>\n<li>Karvapallivastane kompleks &#8211; kiudainerikas k\u00f5rvits, kuivatatud \u00f5unad, ps\u00fclliumi kestad ja seemned muudavad karvapallide v\u00e4ljutamise lihtsaks.<\/li>\n<p>&#13;<\/p>\n<li>Teraviljavaba \u2013 v\u00e4rvainevaba \u2013 s\u00e4ilitusainetevaba \u2013 GMO vaba \u2013 soja vaba.<\/li>\n<p>&#13;<br \/>\n<br \/>&#13;<br \/>\n<b>Koostis<\/b> V\u00e4rske kana (26%), kollased herned (25%), deh\u00fcdreeritud kana (20%), kuivatatud \u00f5unad (8%), k\u00f5rvits (6%), kodulinnurasv (konserveeritud tokoferoolidega, 4%), l\u00f5he\u00f5li (2%), India teelehe seemnekestad ja seemned (2%), h\u00fcdrol\u00fc\u00fcsitud kanamaks (2%), \u00f5llep\u00e4rm (2%), linaseemned (1%), kuivatatud s\u00fcdamerohi (0,5%), kuivatatud kummel (0,5%), mineraalained, kuivatatud tatar (0,3%), kuivatatud j\u00f5hvikad (0,2%), frukto-oligosahhariidid (0,015%), mannaan-oligosahhariidid (0,015%), mohaave t\u00e4\u00e4kliilia (0,008%), Lactobacillus acidophilus HA \u2013 122 inaktiveeritud (15 \u00d7 109 rakku\/kg).<br \/>&#13;<br \/>\n<br \/>&#13;<br \/>\n<b>Anal\u00fc\u00fctiline koostis<\/b><br \/>&#13;<br \/>\nToorvalk 30,0%, toorrasv 13,0%, toorkiud 4,0%, toortuhk 6,8%, niiskus 10,0%, oomega-3 0,3%, oomega-6 1,5%, kaltsium 1,0%, fosfor 0,7%, naatrium 0,4% , magneesium 0,07%.<br \/>&#13;<br \/>\n<br \/>&#13;<br \/>\n<b>S\u00f6\u00f6dalisandid (1 kg kohta)<\/b><br \/>&#13;<br \/>\nToitainelised lisandid: A-vitamiin (3a672a) 20 000 R\u00dc, D3-vitamiin (E671) 800 R\u00dc, E-vitamiin (3a700) 600 mg, C-vitamiin (3a312) 300 mg, tauriin (3a370) 2 500 mg, L-karnitiin (3a910) 50 mg, koliinkloriid (3a890) 2500 mg, biotiin (3a880) 2 mg, vitamiin B1 (3a821) 10 mg, vitamiin B2 12 mg, niatsiinamiid (3a315) 50 mg, kaltsium-D-pantotenaat (3a841) 40 mg, vitamiin B6 (3a831) 10 mg, foolhape (3a316) 2 mg, vitamiin B12 0,04 mg, tsink (3b606) 120 mg, raud (3b106) 45 mg, mangaan (3b504) 55 mg, kaaliumjodiid (3b201) 4 mg, vask (3b406) 10 mg, seleen (3b8.10) 0,2 mg, L-metioniin (3c305) 2 000 mg. Sisaldab ELis heaks kiidetud looduslikke antioks\u00fcdante: tokoferooliekstraktid taime\u00f5list (1b306), askorb\u00fc\u00fclpalmitaat (1b304) ja rosmariini ekstrakt.<br \/>&#13;<br \/>\n<br \/>&#13;<br \/>\n<b>Metaboliseeruv energia<\/b><br \/>&#13;<br \/>\n3,640 kcal\/kg<br \/>&#13;<br \/>\n<br \/>&#13;<br \/>\n<b>Toitmisjuhend<\/b><br \/>&#13;<br \/>\nServeeri toitu kuivalt v\u00f5i leiges vees niisutatud kujul. Veenduge, et teie kassil oleks kogu aeg juurdep\u00e4\u00e4s v\u00e4rskele joogiveele. Toit peaks olema kassile saadaval kogu p\u00e4eva. Esmakordsel serveerimisel segage \u00fclemineku h\u00f5lbustamiseks j\u00e4rk-j\u00e4rgult eelmise toiduga. Hoida kuivas ja jahedas, eemal otsesest p\u00e4ikesevalgusest. P\u00e4rast avamist sulgege uuesti.&#13;\n<\/p>\n<figure class=\"table\">\n<table>\n<tbody>\n<tr>\n<th>Kassi kaal (kg)<\/th>\n<th>2-3<\/th>\n<th>3-5<\/th>\n<th>5-7<\/th>\n<th>7-9<\/th>\n<\/tr>\n<tr>\n<th>Kogus(g\/p\u00e4evas)<\/th>\n<th>35-45<\/th>\n<th>45-70<\/th>\n<th>70-80<\/th>\n<th>80-95<\/th>\n<\/tr>\n<\/tbody>\n<\/table>\n<\/figure>\n","protected":false},"excerpt":{"rendered":"<p>Brit Care teraviljavaba h\u00fcpoallergeenne t\u00e4istoit v\u00e4rske kanaga t\u00e4iskasvanud toakassidele.<\/p>\n","protected":false},"featured_media":13454,"template":"","meta":[],"product_cat":[689,75],"product_tag":[],"class_list":{"0":"post-16451","1":"product","2":"type-product","3":"status-publish","4":"has-post-thumbnail","6":"product_cat-kassid","7":"product_cat-kassitoit","8":"pa_brand-brit-care","9":"pa_ean-1067","10":"pa_kaal-2-000","11":"pa_tootjariik-tsehhi","13":"first","14":"instock","15":"taxable","16":"shipping-taxable","17":"purchasable","18":"product-type-simple"},"_links":{"self":[{"href":"https:\/\/kasskoer.ee\/en\/wp-json\/wp\/v2\/product\/16451","targetHints":{"allow":["GET"]}}],"collection":[{"href":"https:\/\/kasskoer.ee\/en\/wp-json\/wp\/v2\/product"}],"about":[{"href":"https:\/\/kasskoer.ee\/en\/wp-json\/wp\/v2\/types\/product"}],"wp:featuredmedia":[{"embeddable":true,"href":"https:\/\/kasskoer.ee\/en\/wp-json\/wp\/v2\/media\/13454"}],"wp:attachment":[{"href":"https:\/\/kasskoer.ee\/en\/wp-json\/wp\/v2\/media?parent=16451"}],"wp:term":[{"taxonomy":"product_cat","embeddable":true,"href":"https:\/\/kasskoer.ee\/en\/wp-json\/wp\/v2\/product_cat?post=16451"},{"taxonomy":"product_tag","embeddable":true,"href":"https:\/\/kasskoer.ee\/en\/wp-json\/wp\/v2\/product_tag?post=16451"}],"curies":[{"name":"wp","href":"https:\/\/api.w.org\/{rel}","templated":true}]}}