{"id":16461,"date":"2026-04-20T03:15:09","date_gmt":"2026-04-20T00:15:09","guid":{"rendered":"https:\/\/kasskoer.ee\/product\/brit-jerky-beef-real-fillets-snack-narimismaius-koertele-80g-2\/"},"modified":"2026-04-20T03:15:10","modified_gmt":"2026-04-20T00:15:10","slug":"brit-jerky-beef-real-fillets-snack-narimismaius-koertele-80g","status":"publish","type":"product","link":"https:\/\/kasskoer.ee\/en\/toode\/brit-jerky-beef-real-fillets-snack-narimismaius-koertele-80g\/","title":{"rendered":"Brit Jerky Beef Real Fillets Snack n\u00e4rimismaius koertele 80g"},"content":{"rendered":"<p><strong>Lisatoit t\u00e4iskasvanud koertele.<\/strong> <\/p>\n<ul>\n<li>85% ehtsat veise- ja kanaliha \u2013 kvaliteetse valgu allikas<\/li>\n<li>Looduslikud antioks\u00fcdandid: rosmariiniekstrakt<\/li>\n<li>Teraviljavaba \u2013 v\u00e4rvainetevaba \u2013 suhkruvaba \u2013 GMO-vaba \u2013 valmistatud EL-is<\/li>\n<\/ul>\n<p> <strong>Koostis<\/strong><br \/> Kontidest puhastatud kanaliha (59%), kontidest puhastatud veiseliha (26%), taimset p\u00e4ritolu gl\u00fctseriin, lignotselluloos, naatriumkloriid.<\/p>\n<p> <strong>Anal\u00fc\u00fctilised koostisosad<\/strong><br \/> Toorvalku 31%, toorrasva 27%, niiskust 18%, toortuhka 5%, toorkiudu 2%. Looduslikud antioks\u00fcdandid: rosmariiniekstrakt ja tokoferooli ekstraktid taimsetest \u00f5lidest (1b306(i)).<\/p>\n<p> <strong style=\"caret-color: rgb(0, 0, 0); color: rgb(0, 0, 0);\">Metaboliseeruv energia<\/strong><br \/> 4,160 kcal\/kg.<\/p>\n<p> <strong>Toitmisjuhend<\/strong><br \/> Andke seda koerale iga p\u00e4ev preemiana v\u00f5i maiuspalana koos veedetud hetkedel. Koeral peab olema alati juurdep\u00e4\u00e4s v\u00e4rskele joogiveele. Mitte asendada tavatoiduga, sest lisatoit ei taga koera igap\u00e4evast toitainevajadust. Kuna toode on v\u00e4ga maitsev, v\u00e4ltige \u00fcletoitmist ning veenduge, et teie koer saab piisavalt liikuda.<br \/> <span style=\"caret-color: rgb(0, 0, 0); color: rgb(0, 0, 0);\">\u201eParim enne\u201c kuup\u00e4ev on tr\u00fckitud pakendile.<\/span><\/p>\n","protected":false},"excerpt":{"rendered":"<p>Brit Jerky Beef Real Fillets Snack on tervislik, liharikas ja maitsev lisand teie koera tavatoidule.<\/p>\n","protected":false},"featured_media":6138,"template":"","meta":[],"product_cat":[1210,688],"product_tag":[],"class_list":{"0":"post-16461","1":"product","2":"type-product","3":"status-publish","4":"has-post-thumbnail","6":"product_cat-koerte-maiused","7":"product_cat-koerad","8":"pa_brand-brit-jerky","9":"pa_ean-510","10":"pa_kaal-0-080","11":"pa_tootjariik-tsehhi","13":"first","14":"instock","15":"taxable","16":"shipping-taxable","17":"purchasable","18":"product-type-simple"},"_links":{"self":[{"href":"https:\/\/kasskoer.ee\/en\/wp-json\/wp\/v2\/product\/16461","targetHints":{"allow":["GET"]}}],"collection":[{"href":"https:\/\/kasskoer.ee\/en\/wp-json\/wp\/v2\/product"}],"about":[{"href":"https:\/\/kasskoer.ee\/en\/wp-json\/wp\/v2\/types\/product"}],"wp:featuredmedia":[{"embeddable":true,"href":"https:\/\/kasskoer.ee\/en\/wp-json\/wp\/v2\/media\/6138"}],"wp:attachment":[{"href":"https:\/\/kasskoer.ee\/en\/wp-json\/wp\/v2\/media?parent=16461"}],"wp:term":[{"taxonomy":"product_cat","embeddable":true,"href":"https:\/\/kasskoer.ee\/en\/wp-json\/wp\/v2\/product_cat?post=16461"},{"taxonomy":"product_tag","embeddable":true,"href":"https:\/\/kasskoer.ee\/en\/wp-json\/wp\/v2\/product_tag?post=16461"}],"curies":[{"name":"wp","href":"https:\/\/api.w.org\/{rel}","templated":true}]}}