{"id":16467,"date":"2026-04-20T03:15:09","date_gmt":"2026-04-20T00:15:09","guid":{"rendered":"https:\/\/kasskoer.ee\/product\/brit-care-mini-pouch-lamb-fillets-in-gravy-einekotike-kutsikatele-85g-2\/"},"modified":"2026-04-20T03:15:10","modified_gmt":"2026-04-20T00:15:10","slug":"brit-care-mini-pouch-lamb-fillets-in-gravy-einekotike-kutsikatele-85g","status":"publish","type":"product","link":"https:\/\/kasskoer.ee\/en\/toode\/brit-care-mini-pouch-lamb-fillets-in-gravy-einekotike-kutsikatele-85g\/","title":{"rendered":"Brit Care Mini pouch Lamb fillets in gravy einekotike kutsikatele 85g"},"content":{"rendered":"<p>Fileet\u00fckid mahedas kastmes on ideaalne t\u00e4iendus graanulitele, et muuta s\u00f6\u00f6gi suhtes valivate v\u00e4ikest ja minit\u00f5ugu koerte men\u00fc\u00fcd paremaks.&nbsp;<\/p>\n<ul>\n<li>V\u00e4ga maitsev.<\/li>\n<li>Rikastatud probiootikumidega hea seedimise tagamiseks.<\/li>\n<li>Sisaldab rosmariini, kurkumit, nelki, tsitrusvilju ja mustikaid.<\/li>\n<li>Sobib \u00e4\u00e4rmiselt h\u00e4sti toidu suhtes valivatele koertele.<\/li>\n<\/ul>\n<p><strong>Koostis<\/strong><br \/> Liha ja loomsed k\u00f5rvalsaadused fileet\u00fckkides (lambaliha 8%) 85%, lihakaste 9,6%, taimed ja puuviljad (nelk, tsitrusviljad, rosmariin, kurkum) 1,5%, mustikad 0,5%, mineraalained 1%, l\u00f5he\u00f5li 1%, mannanoligosahhariidid 0,5%, fruktooligosahhariidid 0,5%, inuliin 0,4%.&nbsp;<\/p>\n<p><strong>Anal\u00fc\u00fctilised koostisosad<\/strong><br \/> Toorvalk 10%, toorrasv 5%, toortuhk 2,3%, toorkiud 0,4%, niiskus 82%, kaltsium 0,3%, fosfor 0,2%, naatrium 0,5%.&nbsp;<\/p>\n<p><strong>Toidukoostis<\/strong><br \/> D3-vitamin (E671) 280 R\u00dc, E-vitamiin (3a700) 120 mg, tsink (3b606) 16 mg, raud (3b103) 12 mg, mangaan (3b502) 3,5 mg, jood (3b201) 0,8 mg, vask (E4) 0,6 mg, biotiin (3a880) 0,2 mg. Ei sisalda kunstlikke l\u00f5hna- ja maitseaineid. Ei sisalda s\u00e4ilitusaineid.&nbsp;<\/p>\n<p><strong>Metaboliseeruv energia<\/strong><br \/> 865 kcal\/kg<\/p>\n<p><strong>Toitmisjuhend<\/strong><br \/> Kui te annate seda koerale toidu ja maitsete mitmekesistamiseks, v\u00e4hendage tema igap\u00e4evase toidu p\u00e4evast annust. Andke toatemperatuuril. Tagage koerale juurdep\u00e4\u00e4s v\u00e4rskele joogiveele. S\u00e4ilitage kuivas ja jahedas kohas. P\u00e4rast avamist hoidke k\u00fclmkapis.&nbsp;<\/p>\n<figure class=\"table\">\n<table>\n<tbody>\n<tr>\n<th colspan=\"2\">T\u00e4iskasvanud koera kehakaal (kg)<\/th>\n<th>2-5 kg<\/th>\n<th>5-10 kg<\/th>\n<\/tr>\n<tr>\n<th colspan=\"2\">&nbsp;<\/th>\n<th colspan=\"2\">P\u00e4evane kogus (tk)<\/th>\n<\/tr>\n<tr>\n<th rowspan=\"4\">Kutsika vanus kuudes<\/th>\n<th>2-4<\/th>\n<th>2 \u00bd \u2013 4 \u00bd&nbsp;<\/th>\n<th>5 \u00bd \u2013 7 \u00bd&nbsp;<\/th>\n<\/tr>\n<tr>\n<th>4-6<\/th>\n<th>2 1\/3 \u2013 4 1\/3<\/th>\n<th>5 1\/3\u20137 1\/3<\/th>\n<\/tr>\n<tr>\n<th>6\u20138&nbsp;<\/th>\n<th>2\u20134<\/th>\n<th>4\u20137<\/th>\n<\/tr>\n<tr>\n<th>8\u201310&nbsp;<\/th>\n<th>1 \u00be\u20133 \u00be<\/th>\n<th>3 \u00be\u20136 \u00be<\/th>\n<\/tr>\n<\/tbody>\n<\/table>\n<\/figure>\n","protected":false},"excerpt":{"rendered":"<p>Brit Care superpremium-t\u00e4iss\u00f6\u00f6t lambafileega minit\u00f5ugu kutsikatele.<\/p>\n","protected":false},"featured_media":6144,"template":"","meta":[],"product_cat":[688,106],"product_tag":[],"class_list":{"0":"post-16467","1":"product","2":"type-product","3":"status-publish","4":"has-post-thumbnail","6":"product_cat-koerad","7":"product_cat-konservid-koertele","8":"pa_brand-brit-care","9":"pa_ean-132","10":"pa_kaal-0-085","11":"pa_tootjariik-tsehhi","13":"first","14":"instock","15":"taxable","16":"shipping-taxable","17":"purchasable","18":"product-type-simple"},"_links":{"self":[{"href":"https:\/\/kasskoer.ee\/en\/wp-json\/wp\/v2\/product\/16467","targetHints":{"allow":["GET"]}}],"collection":[{"href":"https:\/\/kasskoer.ee\/en\/wp-json\/wp\/v2\/product"}],"about":[{"href":"https:\/\/kasskoer.ee\/en\/wp-json\/wp\/v2\/types\/product"}],"wp:featuredmedia":[{"embeddable":true,"href":"https:\/\/kasskoer.ee\/en\/wp-json\/wp\/v2\/media\/6144"}],"wp:attachment":[{"href":"https:\/\/kasskoer.ee\/en\/wp-json\/wp\/v2\/media?parent=16467"}],"wp:term":[{"taxonomy":"product_cat","embeddable":true,"href":"https:\/\/kasskoer.ee\/en\/wp-json\/wp\/v2\/product_cat?post=16467"},{"taxonomy":"product_tag","embeddable":true,"href":"https:\/\/kasskoer.ee\/en\/wp-json\/wp\/v2\/product_tag?post=16467"}],"curies":[{"name":"wp","href":"https:\/\/api.w.org\/{rel}","templated":true}]}}