{"id":16471,"date":"2026-04-20T03:15:09","date_gmt":"2026-04-20T00:15:09","guid":{"rendered":"https:\/\/kasskoer.ee\/product\/brit-care-cat-grain-free-sterilized-urinary-health-kassitoit-04-kg-2\/"},"modified":"2026-04-20T03:15:10","modified_gmt":"2026-04-20T00:15:10","slug":"brit-care-cat-grain-free-sterilized-urinary-health-kassitoit-04-kg","status":"publish","type":"product","link":"https:\/\/kasskoer.ee\/en\/toode\/brit-care-cat-grain-free-sterilized-urinary-health-kassitoit-04-kg\/","title":{"rendered":"Brit Care Cat Grain-Free Sterilized Urinary Health kassitoit 0,4 kg"},"content":{"rendered":"<p><strong>Kassitoit Brit Care Cat Grain-Free Sterilized Urinary Health, spetsiaalselt kastreeritud v\u00f5i steriliseeritud kassidele.<\/strong>&nbsp;Neerude ja kuseteede tervist toetav h\u00fcpoallergeenne teraviljavaba koostis, mis sisaldab vilju ja maitsetaimi, mis on pungil looduslikest antioks\u00fcdantidest ja E-vitamiinist, kaitstes keha vabade radikaalide eest ja andes tugeva immuuns\u00fcsteemi kogu eluks.&nbsp;<\/p>\n<ul>\n<li>V\u00e4rske kana<strong> <\/strong>on<strong>&nbsp;<\/strong>h\u00e4sti seeduv liha, mis soodustab seedekulgla tervist ning parandab steriliseeritud kassidel naha ja karvkatte kvaliteeti.<\/li>\n<li>Astelpaju&nbsp;toetab neerude ja kuseteede tervist. L-metioniini ja madal magneesiumi sisaldus aitavad hoida uriini pH-d optimaalses vahemikus 6,0\u20136,5, v\u00e4ltimaks kusekivide teket.<\/li>\n<li>Mungalill on&nbsp;looduslik antibiootikum. See aitab v\u00e4ltida neerukivide teket steriliseeritud ja vanematel kassidel ning omab t\u00f5husaid antibakteriaalseid ja antiseptilisi omadusi.<\/li>\n<li>Pre- ja probiootikumid<strong>&nbsp;<\/strong>soodustavad seedetrakti ja immuuns\u00fcsteemi tervist.<\/li>\n<li>Teraviljavaba&nbsp;\u2013&nbsp;v\u00e4rvainevaba&nbsp;\u2013&nbsp;s\u00e4ilitusainetevaba&nbsp;\u2013&nbsp;GMO vaba&nbsp;\u2013&nbsp;soja vaba.<\/li>\n<\/ul>\n<p><strong>Koostis&nbsp;<\/strong><br \/> V\u00e4rske kanaliha (26%), deh\u00fcdreeritud kana (26%), kollased herned (18%), kikerherned (8%), kuivatatud \u00f5unad (7%), kodulinnurasv (konserveeritud tokoferoolidega, 5%), l\u00f5he\u00f5li (2%), h\u00fcdrol\u00fc\u00fcsitud kanamaks (2%), \u00f5llep\u00e4rm (2%), India teelehe seemnekestad ja seemned (1%), linaseemned (1%), kuivatatud mungalill (0,5%), kuivatatud kummel (0,5%), mineraalained, kuivatatud tatar (0,3%), kuivatatud j\u00f5hvikad (0,2%), frukto-oligosahhariidid (0,015%), mannaan-oligosahhariidid (0,015%), mohaave t\u00e4\u00e4kliilia (0,008%), Lactobacillus acidophilus HA \u2013 122 inaktiveeritud (15 \u00d7 109 rakku\/kg).<\/p>\n<p><strong>Anal\u00fc\u00fctilised koostisosad&nbsp;<\/strong><br \/> Toorvalk 32,0%, toorrasv 13,0%, toorkiud 3,5%, toortuhk 9,0%, niiskus 10,0%, oomega-3 0,3%, oomega-6 1,5%, kaltsium 0,8%, fosfor 0,7%, naatrium 1,0%, magneesium 0,04%.<\/p>\n<p> <strong>Toidukoostis&nbsp;<\/strong><br \/> A-vitamiini (3a672a) 20 000 R\u00dc, D3-vitamiini (E671) 800 R\u00dc, E-vitamiini (3a700) 600 mg, C-vitamiini (3a312) 300 mg, tauriini (3a370) 2500 mg, L-karnitiini (3a910) 100 mg, koliinkloriidi (3a890) 2500 mg, biotiini (3a880) 2 mg, B1-vitamiini (3a821) 10 mg, B2-vitamiini 12 mg, niatsiinamiidi (3a315) 50 mg, kaltsium-D-pantotenaati (3a841) 40 mg, B6-vitamiini (3a831) 10 mg, foolhapet (3a316) 2 mg, B12-vitamiini 0,04 mg, tsinki (3b606) 120 mg, rauda (3b106) 45 mg, mangaani (3b504) 55 mg, kaaliumjodiidi (3b201) 4 mg, vaske (3b406) 10 mg, seleeni (3b8.10) 0,2 mg, L-metioniini (3c305) 4000 mg. Sisaldab EL-is heakskiidetud looduslikke antioks\u00fcdante: taime\u00f5list saadud tokoferoolirikkaid ekstrakte (1b306), askorb\u00fc\u00fclpalmitaati (1b304) ja rosmariiniekstrakti.<\/p>\n<p> <strong>Metaboliseeruv energia&nbsp;<\/strong><\/p>\n<p>3,590 kcal\/kg<\/p>\n<p> <strong>Toitmisjuhend<\/strong><br \/> Serveeri toitu kuivalt v\u00f5i leiges vees niisutatud kujul. Veenduge, et teie kassil oleks kogu aeg juurdep\u00e4\u00e4s v\u00e4rskele joogiveele. Toit peaks olema kassile saadaval kogu p\u00e4eva. Esmakordsel serveerimisel segage \u00fclemineku h\u00f5lbustamiseks j\u00e4rk-j\u00e4rgult eelmise toiduga. Hoida kuivas ja jahedas, eemal otsesest p\u00e4ikesevalgusest. P\u00e4rast avamist sulgege uuesti.<\/p>\n<figure class=\"table\">\n<table>\n<tbody>\n<tr>\n<th>Kassi kaal (kg)<\/th>\n<th>2-3<\/th>\n<th>3-5<\/th>\n<th>5-7<\/th>\n<th>7-9<\/th>\n<\/tr>\n<tr>\n<th>Kogus (g\/p\u00e4evas)<\/th>\n<th>40-55<\/th>\n<th>55-75<\/th>\n<th>75-78<\/th>\n<th>85-95<\/th>\n<\/tr>\n<\/tbody>\n<\/table>\n<\/figure>\n","protected":false},"excerpt":{"rendered":"<p>Brit Care teraviljavaba h\u00fcpoallergeenne t\u00e4istoit t\u00e4iskasvanud steriliseeritud kassidele v\u00e4rske kanalihaga.<\/p>\n","protected":false},"featured_media":6149,"template":"","meta":[],"product_cat":[689,75],"product_tag":[],"class_list":{"0":"post-16471","1":"product","2":"type-product","3":"status-publish","4":"has-post-thumbnail","6":"product_cat-kassid","7":"product_cat-kassitoit","8":"pa_brand-brit-care","9":"pa_ean-90","10":"pa_kaal-0-400","11":"pa_tootjariik-tsehhi","13":"first","14":"instock","15":"taxable","16":"shipping-taxable","17":"purchasable","18":"product-type-simple"},"_links":{"self":[{"href":"https:\/\/kasskoer.ee\/en\/wp-json\/wp\/v2\/product\/16471","targetHints":{"allow":["GET"]}}],"collection":[{"href":"https:\/\/kasskoer.ee\/en\/wp-json\/wp\/v2\/product"}],"about":[{"href":"https:\/\/kasskoer.ee\/en\/wp-json\/wp\/v2\/types\/product"}],"wp:featuredmedia":[{"embeddable":true,"href":"https:\/\/kasskoer.ee\/en\/wp-json\/wp\/v2\/media\/6149"}],"wp:attachment":[{"href":"https:\/\/kasskoer.ee\/en\/wp-json\/wp\/v2\/media?parent=16471"}],"wp:term":[{"taxonomy":"product_cat","embeddable":true,"href":"https:\/\/kasskoer.ee\/en\/wp-json\/wp\/v2\/product_cat?post=16471"},{"taxonomy":"product_tag","embeddable":true,"href":"https:\/\/kasskoer.ee\/en\/wp-json\/wp\/v2\/product_tag?post=16471"}],"curies":[{"name":"wp","href":"https:\/\/api.w.org\/{rel}","templated":true}]}}