{"id":16474,"date":"2026-04-20T03:15:09","date_gmt":"2026-04-20T00:15:09","guid":{"rendered":"https:\/\/kasskoer.ee\/product\/brit-care-cat-grain-free-haircare-healthy-shiny-coat-kassitoit-2-kg-2\/"},"modified":"2026-04-20T03:15:11","modified_gmt":"2026-04-20T00:15:11","slug":"brit-care-cat-grain-free-haircare-healthy-shiny-coat-kassitoit-2-kg","status":"publish","type":"product","link":"https:\/\/kasskoer.ee\/en\/toode\/brit-care-cat-grain-free-haircare-healthy-shiny-coat-kassitoit-2-kg\/","title":{"rendered":"Brit Care Cat Grain-Free Haircare Healthy &#038; Shiny coat kassitoit 2 kg"},"content":{"rendered":"<p><b>Brit Care t\u00e4iss\u00f6\u00f6t t\u00e4iskasvanud kassidele, kelle karvkate vajab lisahoolt.<\/b><br \/>Kiudainerikas h\u00fcpoallergeenne teraviljavaba koostis, mis soodustab karvapallide ohutut liikumist seedekulglas. Kvaliteetne lihavalk aitab hoida lihaseid paindlike ja tugevatena. Koostoimes tauriiniga, mis on kassidele oluline toitaine, toetab see head silman\u00e4gemist ja s\u00fcdame tervist.&#13;<\/p>\n<li>V\u00e4rske l\u00f5he, kana ja linaseemned &#8211; looduslikud oomega-3 ja oomega-6-rasvhapete allikad, mis aitavad s\u00e4ilitada l\u00e4ikivat karva ja tervet nahka.<\/li>\n<p>&#13;<\/p>\n<li>Kiudainerikkad koostisosad soodustavad karvapallide ohutut liikumist seedekulglas. Toorkiud tekitab t\u00e4isk\u00f5hutunde, v\u00e4hendades toidu tarbimist ja aidates reguleerida kehakaalu.<\/li>\n<p>&#13;<\/p>\n<li>Pro- ja prebiootikumid tugevdavad immuunsust ja soodustavad tervislikku seedimist.<\/li>\n<p>&#13;<\/p>\n<li>Teraviljavaba \u2013 v\u00e4rvainetevaba \u2013 s\u00e4ilitusainetevaba \u2013 GMO vaba \u2013 soja vaba.<\/li>\n<p>&#13;<br \/>\n<br \/>&#13;<br \/>\n<b>Koostis<\/b>&#13;<br \/>\nV\u00e4rske l\u00f5he (26%), deh\u00fcdreeritud kana (26%), kollased herned (14%), kikerherned (8%), kodulinnurasv (konserveeritud tokoferoolidega, 6%), kuivatatud \u00f5unad (6%), l\u00f5he\u00f5li (3%), India teelehe seemnekestad ja seemned (2%), linaseemned (2%), h\u00fcdrol\u00fc\u00fcsitud kanamaks (2%), \u00f5llep\u00e4rm (2%), kuivatatud vetikad (1,5%, Schizochytrium limacinum), kuivatatud kummel (0,5%), mineraalained, kuivatatud tatar (0,3%), kuivatatud j\u00f5hvikad (0,2%), frukto-oligosahhariidid (0,015%), mannaan-oligosahhariidid (0,015%), mohaave t\u00e4\u00e4kliilia (0,008%), Lactobacillus acidophilus HA \u2013 122 inaktiveeritud (15 \u00d7 109 rakku\/kg).<br \/>&#13;<br \/>\n<br \/>&#13;<br \/>\n<b>Anal\u00fc\u00fctiline koostis<\/b><br \/>&#13;<br \/>\nToorvalk 31,0%, toorrasv 16,0%, toorkiud 4,0%, toortuhk 8,5%, niiskus 10,0%, oomega-3 1,2%, oomega-6 2%, kaltsium 1,1%, fosfor 0,9%, naatrium 0,9% , magneesium 0,1%.<br \/>&#13;<br \/>\n<br \/>&#13;<br \/>\n<b>S\u00f6\u00f6dalisandid (1 kg kohta)<\/b><br \/>&#13;<br \/>\nToitainelised lisandid: A-vitamiin (3a672a) 20 000 R\u00dc, D3-vitamiin (E671) 800 R\u00dc, E-vitamiin (3a700) 600 mg, C-vitamiin (3a312) 300 mg, tauriin (3a370) 2 500 mg, L-karnitiin (3a910) 50 mg, koliinkloriid (3a890) 2500 mg, biotiin (3a880) 2 mg, vitamiin B1 (3a821) 10 mg, vitamiin B2 12 mg, niatsiinamiid (3a315) 50 mg, kaltsium-D-pantotenaat (3a841) 40 mg, vitamiin B6 ( 3a831) 10 mg, foolhape (3a316) 2 mg, vitamiin B12 0,04 mg, tsink (3b606) 120 mg, raud (3b106) 45 mg, mangaan (3b504) 55 mg, kaaliumjodiid (3b201) 4 mg, vask (3b406) ) 10 mg, seleen (3b8.10) 0,2 mg, L-metioniin (3c305) 2 000 mg. Sisaldab ELis heaks kiidetud looduslikke antioks\u00fcdante: tokoferooliekstraktid taime\u00f5list (1b306), askorb\u00fc\u00fclpalmitaat (1b304) ja rosmariini ekstrakt.<br \/>&#13;<br \/>\n<br \/>&#13;<br \/>\n<b>Metaboliseeruv energia<\/b><br \/>&#13;<br \/>\n3,720 kcal\/kg<br \/>&#13;<br \/>\n<br \/>&#13;<br \/>\n<b>Toitmisjuhend<\/b><br \/>&#13;<br \/>\nServeeri toitu kuivalt v\u00f5i leiges vees niisutatud kujul. Veenduge, et teie kassil oleks kogu aeg juurdep\u00e4\u00e4s v\u00e4rskele joogiveele. Toit peaks olema kassile saadaval kogu p\u00e4eva. Esmakordsel serveerimisel segage \u00fclemineku h\u00f5lbustamiseks j\u00e4rk-j\u00e4rgult eelmise toiduga. Hoida kuivas ja jahedas, eemal otsesest p\u00e4ikesevalgusest. P\u00e4rast avamist sulgege uuesti.<\/p>\n<figure class=\"table\">\n<table>\n<tbody>\n<tr>\n<th>Kassi kaal (kg)<\/th>\n<th>2-3<\/th>\n<th>3-5<\/th>\n<th>5-7<\/th>\n<th>7-9<\/th>\n<\/tr>\n<tr>\n<th>Kogus(g\/p\u00e4evas)<\/th>\n<th>30-40<\/th>\n<th>40-65<\/th>\n<th>65-75<\/th>\n<th>75-90<\/th>\n<\/tr>\n<\/tbody>\n<\/table>\n<\/figure>\n","protected":false},"excerpt":{"rendered":"<p>Brit Care teraviljavaba h\u00fcpoallergeenne t\u00e4istoit v\u00e4rske l\u00f5he ja kanaga t\u00e4iskasvanud pika karvaga kassidele.<\/p>\n","protected":false},"featured_media":6152,"template":"","meta":[],"product_cat":[689,75],"product_tag":[],"class_list":{"0":"post-16474","1":"product","2":"type-product","3":"status-publish","4":"has-post-thumbnail","6":"product_cat-kassid","7":"product_cat-kassitoit","8":"pa_brand-brit-care","9":"pa_ean-78","10":"pa_kaal-2-000","11":"pa_tootjariik-tsehhi","13":"first","14":"instock","15":"taxable","16":"shipping-taxable","17":"purchasable","18":"product-type-simple"},"_links":{"self":[{"href":"https:\/\/kasskoer.ee\/en\/wp-json\/wp\/v2\/product\/16474","targetHints":{"allow":["GET"]}}],"collection":[{"href":"https:\/\/kasskoer.ee\/en\/wp-json\/wp\/v2\/product"}],"about":[{"href":"https:\/\/kasskoer.ee\/en\/wp-json\/wp\/v2\/types\/product"}],"wp:featuredmedia":[{"embeddable":true,"href":"https:\/\/kasskoer.ee\/en\/wp-json\/wp\/v2\/media\/6152"}],"wp:attachment":[{"href":"https:\/\/kasskoer.ee\/en\/wp-json\/wp\/v2\/media?parent=16474"}],"wp:term":[{"taxonomy":"product_cat","embeddable":true,"href":"https:\/\/kasskoer.ee\/en\/wp-json\/wp\/v2\/product_cat?post=16474"},{"taxonomy":"product_tag","embeddable":true,"href":"https:\/\/kasskoer.ee\/en\/wp-json\/wp\/v2\/product_tag?post=16474"}],"curies":[{"name":"wp","href":"https:\/\/api.w.org\/{rel}","templated":true}]}}