{"id":16475,"date":"2026-04-20T03:15:09","date_gmt":"2026-04-20T00:15:09","guid":{"rendered":"https:\/\/kasskoer.ee\/product\/brit-care-cat-grain-free-kitten-healthy-growth-kassitoit-2-kg-2\/"},"modified":"2026-04-20T03:15:11","modified_gmt":"2026-04-20T00:15:11","slug":"brit-care-cat-grain-free-kitten-healthy-growth-kassitoit-2-kg","status":"publish","type":"product","link":"https:\/\/kasskoer.ee\/en\/toode\/brit-care-cat-grain-free-kitten-healthy-growth-kassitoit-2-kg\/","title":{"rendered":"Brit Care Cat Grain-Free Kitten Healthy Growth kassitoit 2 kg"},"content":{"rendered":"<p><strong>Brit Care Cat Grain-Free Kitten Healthy Growth t\u00e4istoit kassipoegadele ja imetavatele v\u00f5i tiinetele kassidele kalkuni ja v\u00e4rske kanalihaga.<\/strong><\/p>\n<p>H\u00fcpoallergeenne, teraviljavaba ja v\u00e4ga kergesti seeditav koostis, mis sisaldab rikkalikult olulisi toitaineid, rahuldades tiinete v\u00f5i imetavate kasside energiavajaduse ning toetades loote arengut. Kaltsiumi, fosfori, magneesiumi, D-vitamiini ning muude vitamiinide, mineraalainete ja oluliste rasvhapete kompleks tagab tervete kassipoegade s\u00fcndimise ja aitab v\u00e4ltida rahhiiti.<\/p>\n<ul>\n<li>Probiootikumid ja prebiootikumid&nbsp;soodustavad seedetrakti ja immuuns\u00fcsteemi tervist.<\/li>\n<li>Ternespiim&nbsp;sisaldab immunoglobuliine, antikehi, mis aitavad kassipoegadel tugevat immuunsust luua.<\/li>\n<li>Tauriin&nbsp;toetab silma ja s\u00fcdame tervist.<\/li>\n<li>K\u00f5rge valgusisaldus&nbsp;toetab lihasmassi kasvu ja arengut.<\/li>\n<li>Teraviljavaba&nbsp;\u2013&nbsp;v\u00e4rvainevaba&nbsp;\u2013&nbsp;s\u00e4ilitusainetevaba&nbsp;\u2013&nbsp;GMO vaba&nbsp;\u2013&nbsp;soja vaba.<\/li>\n<\/ul>\n<p><strong>Koostis<\/strong><br \/> Deh\u00fcdreeritud kalkun (30%), v\u00e4rske kanaliha (26%), kodulinnurasv (konserveeritud tokoferoolidega, 12%), kollased herned (12%), kikerherned (8%), l\u00f5he\u00f5li (3%), h\u00fcdrol\u00fc\u00fcsitud kanamaks (2%), linaseemned (2%), kuivatatud \u00f5unad (2%), \u00f5llep\u00e4rm (1%), ternespiim (0,5%), kuivatatud kummel (0,5%), mineraalained, kuivatatud tatar (0,3%), kuivatatud j\u00f5hvikad (0,2%), frukto-oligosahhariidid (0,025%), mannaan-oligosahhariidid (0,02%), mohaave t\u00e4\u00e4kliilia (0,01%), Lactobacillus acidophilus HA \u2013 122 inaktiveeritud (15 \u00d7 109 rakku\/kg).<\/p>\n<p><strong>Anal\u00fc\u00fctilised koostisosad<\/strong><br \/> Toorvalk 38,0%, toorrasv 18,0%, toorkiud 1,5%, toortuhk 7,2%, niiskus 10,0%, oomega-3 0,5%, oomega-6 2,2%, kaltsium 1,2%, fosfor 0,9%, naatrium 0,5%, magneesium 0,1%.<\/p>\n<p><strong>Lisandid 1kg&nbsp;kohta<\/strong><br \/> A-vitamiin (3a672a) 23 000 R\u00dc, D3-vitamiin (E671) 1000 R\u00dc, E-vitamiin (3a700) 800 mg, C-vitamiin (3a312) 400 mg, tauriin (3a370) 2800 mg, L-karnitiin (3a910) ) 100 mg, koliinkloriid (3a890) 2800 mg, biotiin (3a880) 2,5 mg, vitamiin B1 (3a821) 12 mg, vitamiin B2 15 mg, niatsiinamiid (3a315) 60 mg, kaltsium-D-pantotenaat (3a841) 50 mg , vitamiin B6 (3a831) 12 mg, foolhape (3a316) 3 mg, vitamiin B12 0,05 mg, tsink (3b606) 140 mg, raud (3b106) 55 mg, mangaan (3b504) 65 mg, kaaliumjodiid (3b201) 4,5 mg, vask (3b406) 12 mg, seleen (3b8.10) 0,2 mg, L-metioniin (3c305) 2 500 mg. Sisaldab ELis heaks kiidetud looduslikke antioks\u00fcdante: tokoferooliekstraktid taime\u00f5list (1b306), askorb\u00fc\u00fclpalmitaat (1b304) ja rosmariini ekstrakt.<\/p>\n<p><strong>Metaboliseeruv energia<\/strong><br \/> 4000 kcal\/kg<\/p>\n<p><strong>Toitmisjuhend<\/strong><br \/> Serveeri toitu kuivalt v\u00f5i leiges vees niisutatud kujul. Veenduge, et teie kassil oleks kogu aeg juurdep\u00e4\u00e4s v\u00e4rskele joogiveele. Toit peaks olema kassile saadaval kogu p\u00e4eva. Esmakordsel serveerimisel segage \u00fclemineku h\u00f5lbustamiseks j\u00e4rk-j\u00e4rgult eelmise toiduga. Hoida kuivas ja jahedas, eemal otsesest p\u00e4ikesevalgusest. P\u00e4rast avamist sulgege uuesti. &nbsp;<\/p>\n<figure class=\"table\">\n<table>\n<tbody>\n<tr>\n<th>Kassipoja vanus (kuudes)<\/th>\n<th>1-4<\/th>\n<th>4-7<\/th>\n<th>7-12<\/th>\n<\/tr>\n<tr>\n<th>Toidu kogus p\u00e4evas (g)<\/th>\n<th>25-55<\/th>\n<th>55-80<\/th>\n<th>80-100<\/th>\n<\/tr>\n<\/tbody>\n<\/table>\n<\/figure>\n<figure class=\"table\">\n<table>\n<tbody>\n<tr>\n<th>Tiine v\u00f5i imetava kassi kaal (kg)<\/th>\n<th>3-4<\/th>\n<th>5-6<\/th>\n<\/tr>\n<tr>\n<th>Toidu kogus p\u00e4evas (g)<\/th>\n<th>55-80<\/th>\n<th>90-140<\/th>\n<\/tr>\n<\/tbody>\n<\/table>\n<\/figure>\n","protected":false},"excerpt":{"rendered":"<p>Brit Care teraviljavaba h\u00fcpoallergeenne t\u00e4istoit v\u00e4rske kana- ja kalkunilihaga kassipoegadele ning tiinetele ja imetavatele kassidele.<\/p>\n","protected":false},"featured_media":6153,"template":"","meta":[],"product_cat":[689,75],"product_tag":[],"class_list":{"0":"post-16475","1":"product","2":"type-product","3":"status-publish","4":"has-post-thumbnail","6":"product_cat-kassid","7":"product_cat-kassitoit","8":"pa_brand-brit-care","9":"pa_ean-80","10":"pa_kaal-2-000","11":"pa_tootjariik-tsehhi","13":"first","14":"instock","15":"taxable","16":"shipping-taxable","17":"purchasable","18":"product-type-simple"},"_links":{"self":[{"href":"https:\/\/kasskoer.ee\/en\/wp-json\/wp\/v2\/product\/16475","targetHints":{"allow":["GET"]}}],"collection":[{"href":"https:\/\/kasskoer.ee\/en\/wp-json\/wp\/v2\/product"}],"about":[{"href":"https:\/\/kasskoer.ee\/en\/wp-json\/wp\/v2\/types\/product"}],"wp:featuredmedia":[{"embeddable":true,"href":"https:\/\/kasskoer.ee\/en\/wp-json\/wp\/v2\/media\/6153"}],"wp:attachment":[{"href":"https:\/\/kasskoer.ee\/en\/wp-json\/wp\/v2\/media?parent=16475"}],"wp:term":[{"taxonomy":"product_cat","embeddable":true,"href":"https:\/\/kasskoer.ee\/en\/wp-json\/wp\/v2\/product_cat?post=16475"},{"taxonomy":"product_tag","embeddable":true,"href":"https:\/\/kasskoer.ee\/en\/wp-json\/wp\/v2\/product_tag?post=16475"}],"curies":[{"name":"wp","href":"https:\/\/api.w.org\/{rel}","templated":true}]}}