{"id":16476,"date":"2026-04-20T03:15:09","date_gmt":"2026-04-20T00:15:09","guid":{"rendered":"https:\/\/kasskoer.ee\/product\/brit-care-cat-grain-free-sensitive-healthy-digestion-kassitoit-2-kg-2\/"},"modified":"2026-04-20T03:15:11","modified_gmt":"2026-04-20T00:15:11","slug":"brit-care-cat-grain-free-sensitive-healthy-digestion-kassitoit-2-kg","status":"publish","type":"product","link":"https:\/\/kasskoer.ee\/en\/toode\/brit-care-cat-grain-free-sensitive-healthy-digestion-kassitoit-2-kg\/","title":{"rendered":"Brit Care Cat Grain-Free Sensitive Healthy Digestion kassitoit 2 kg"},"content":{"rendered":"<p><b>Brit Care t\u00e4iss\u00f6\u00f6t tundliku seedimise ja toitumisprobleemidega t\u00e4iskasvanud kassidele.<\/b><br \/>Rikkalikult olulisi toitaineid sisaldav kergesti seeditav teraviljavaba koostis, mis tagab toitainete t\u00f5husa ja t\u00e4ieliku imendumise. Probiootikumid ja prebiootikumid soodustavad tervislike soolebakterite kasvu ja reguleerivad ainevahetusprotsesse.&#13;<\/p>\n<li>Maitsek\u00fcllased kalkun ja l\u00f5he meeldivad ka k\u00f5ige pirtsakamatele kassidele.<\/li>\n<p>&#13;<\/p>\n<li>Probiootikumid ja prebiootikumid tugevdavad immuuns\u00fcsteemi ja soodustavad tervislikku seedimist.<\/li>\n<p>&#13;<\/p>\n<li>Mohaave t\u00e4\u00e4kliilia aitab v\u00e4hendada v\u00e4ljaheidete l\u00f5hna.<\/li>\n<p> &#13;<\/p>\n<li>Astelpaju toetab neerude ja kuseteede tervist. L-metioniini ja madal magneesiumi sisaldus aitavad hoida uriini pH-d optimaalses vahemikus 6,0\u20136,5.<\/li>\n<p>&#13;<\/p>\n<li>Teraviljavaba \u2013 v\u00e4rvainetevaba \u2013 s\u00e4ilitusainetevaba \u2013 GMO-vaba \u2013 sojavaba.<\/li>\n<p>&#13;<br \/>\n<br \/>&#13;<br \/>\n<b>Koostis<\/b><br \/>&#13;<br \/>\nV\u00e4rske kalkun (26%), deh\u00fcdreeritud l\u00f5he (26%), kollased herned (16%), kikerherned (11%), kodulinnurasv (konserveeritud tokoferoolidega, 8%), kuivatatud sigur (2,5%), kuivatatud \u00f5unad (2%), l\u00f5he\u00f5li (2%), h\u00fcdrol\u00fc\u00fcsitud kanamaks (2%), \u00f5llep\u00e4rm (2%), linaseemned (1%), kuivatatud kummel (0,5%), mineraalained, kuivatatud tatar (0,3%), kuivatatud j\u00f5hvikad (0,2%), frukto-oligosahhariidid (0,015%), mannaan-oligosahhariidid (0,015%), mohaave t\u00e4\u00e4kliilia (0,008%), Lactobacillus acidophilus HA \u2013 122 inaktiveeritud (15 \u00d7 109 rakku\/kg).<br \/>&#13;<br \/>\n<br \/>&#13;<br \/>\n<b>Anal\u00fc\u00fctiline koostis<\/b><br \/>&#13;<br \/>\nToorvalk 32,0%, toorrasv 16,0%, toorkiud 1,5%, toortuhk 7,5%, niiskus 10,0%, oomega-3 0,5%, oomega-6 2,0%, kaltsium 1,2%, fosfor 0,9%, naatrium 0,5%, magneesium 0,08%.<br \/>&#13;<br \/>\n<br \/>&#13;<br \/>\n<b>S\u00f6\u00f6dalisandid (1 kg kohta)<\/b><br \/>&#13;<br \/>\nToitainelised lisandid: A-vitamiin (3a672a) 20 000 R\u00dc, D3-vitamiin (E671) 800 R\u00dc, E-vitamiin (3a700) 600 mg, C-vitamiin (3a312) 300 mg, tauriin (3a370) 2500 mg, L-karnitiin (3a910) 50 mg, koliinkloriid (3a890) 2500 mg, biotiin (3a880) 2 mg, B1-vitamiin (3a821) 10 mg, B2-vitamiin 12 mg, niatsiinamiid (3a315) 50 mg, kaltsium-D-pantotenaat (3a841) 40 mg, B6-vitamiin (3a831) 10 mg, foolhape (3a316) 2 mg, B12-vitamiin 0,04 mg, tsink (3b606) 120 mg, raud (3b106) 45 mg, mangaan (3b504) 55 mg, kaaliumjodiid (3b201) 4 mg, vask (3b406) 10 mg, seleen (3b8.10) 0,2 mg, L-metioniin (3c305) 2000 mg. Sisaldab EL-is heakskiidetud looduslikke antioks\u00fcdante: taime\u00f5list saadud tokoferoolirikkaid ekstrakte (1b306), askorb\u00fc\u00fclpalmitaati (1b304) ja rosmariiniekstrakti.<br \/>&#13;<br \/>\n<br \/>&#13;<br \/>\n<b>Metaboliseeruv energia<\/b><br \/>&#13;<br \/>\n3,860 kcal\/kg<br \/>&#13;<br \/>\n<br \/>&#13;<br \/>\n<b>Toitmisjuhend<\/b><br \/>&#13;<br \/>\nServeeri toitu kuivalt v\u00f5i leiges vees niisutatud kujul. Veenduge, et teie kassil oleks kogu aeg juurdep\u00e4\u00e4s v\u00e4rskele joogiveele. Toit peaks olema kassile saadaval kogu p\u00e4eva. Esmakordsel serveerimisel segage \u00fclemineku h\u00f5lbustamiseks j\u00e4rk-j\u00e4rgult eelmise toiduga. Hoida kuivas ja jahedas, eemal otsesest p\u00e4ikesevalgusest. P\u00e4rast avamist sulgege uuesti.&#13;<\/p>\n<figure class=\"table\">\n<table>\n<tbody>\n<tr>\n<th>Kassi kaal (kg)<\/th>\n<th>2-3<\/th>\n<th>3-5<\/th>\n<th>5-7<\/th>\n<th>7-9<\/th>\n<\/tr>\n<tr>\n<th>Toidukogus (g\/p\u00e4evas)<\/th>\n<th>30-40<\/th>\n<th>40-65<\/th>\n<th>65-75<\/th>\n<th>75-90<\/th>\n<\/tr>\n<\/tbody>\n<\/table>\n<\/figure>\n","protected":false},"excerpt":{"rendered":"<p>Brit Care h\u00fcpoallergeenne t\u00e4istoit v\u00e4rske kalkuni ja l\u00f5hega tundliku seedimise ja toitumisprobleemidega t\u00e4iskasvanud kassidele.<\/p>\n","protected":false},"featured_media":6154,"template":"","meta":[],"product_cat":[689,75],"product_tag":[],"class_list":{"0":"post-16476","1":"product","2":"type-product","3":"status-publish","4":"has-post-thumbnail","6":"product_cat-kassid","7":"product_cat-kassitoit","8":"pa_brand-brit-care","9":"pa_ean-87","10":"pa_kaal-2-000","11":"pa_tootjariik-tsehhi","13":"first","14":"instock","15":"taxable","16":"shipping-taxable","17":"purchasable","18":"product-type-simple"},"_links":{"self":[{"href":"https:\/\/kasskoer.ee\/en\/wp-json\/wp\/v2\/product\/16476","targetHints":{"allow":["GET"]}}],"collection":[{"href":"https:\/\/kasskoer.ee\/en\/wp-json\/wp\/v2\/product"}],"about":[{"href":"https:\/\/kasskoer.ee\/en\/wp-json\/wp\/v2\/types\/product"}],"wp:featuredmedia":[{"embeddable":true,"href":"https:\/\/kasskoer.ee\/en\/wp-json\/wp\/v2\/media\/6154"}],"wp:attachment":[{"href":"https:\/\/kasskoer.ee\/en\/wp-json\/wp\/v2\/media?parent=16476"}],"wp:term":[{"taxonomy":"product_cat","embeddable":true,"href":"https:\/\/kasskoer.ee\/en\/wp-json\/wp\/v2\/product_cat?post=16476"},{"taxonomy":"product_tag","embeddable":true,"href":"https:\/\/kasskoer.ee\/en\/wp-json\/wp\/v2\/product_tag?post=16476"}],"curies":[{"name":"wp","href":"https:\/\/api.w.org\/{rel}","templated":true}]}}