{"id":16477,"date":"2026-04-20T03:15:09","date_gmt":"2026-04-20T00:15:09","guid":{"rendered":"https:\/\/kasskoer.ee\/product\/brit-care-cat-grain-free-senior-weight-control-kassitoit-2-kg-2\/"},"modified":"2026-04-20T03:15:11","modified_gmt":"2026-04-20T00:15:11","slug":"brit-care-cat-grain-free-senior-weight-control-kassitoit-2-kg","status":"publish","type":"product","link":"https:\/\/kasskoer.ee\/en\/toode\/brit-care-cat-grain-free-senior-weight-control-kassitoit-2-kg\/","title":{"rendered":"Brit Care Cat Grain-Free Senior Weight Control kassitoit 2 kg"},"content":{"rendered":"<p><strong>T\u00e4istoit eakatele kassidele (\u00fcle 7-aastastele). Sobib ka steriliseeritud eakatele kassidele.<\/strong><\/p>\n<p> Kvaliteetse lihavalguga h\u00fcpoallergeenne teraviljavaba koostis, mis sisaldab olulisi vitamiine ja mineraaltoitaineid ning annab aktiivseks eluks vajalikku energiat. Koostoimes tauriiniga toetab see head silman\u00e4gemist ja s\u00fcdame tervist. Vitamiinide ja orgaaniliste mikroelementide optimaalne tasakaal annab igap\u00e4evaselt eluj\u00f5udu.<\/p>\n<ul>\n<li>Madal rasva ja k\u00f5rge kiudainete sisaldus, et soodustada tervislikku seedimist ja v\u00e4ltida kaalut\u00f5usu.<\/li>\n<li>Pre- ja probiootikumid&nbsp;aitavad s\u00e4ilitada seedetrakti ja immuuns\u00fcsteemi tervist.<\/li>\n<li>Astelpaju ja mungalill toetavad neerude ja kuseteede tervist. L-metioniin ja madal magneesiumi sisaldus aitavad hoida uriini pH-d optimaalses vahemikus 6,0\u20136,5, v\u00e4ltimaks neerukivide teket.<\/li>\n<li>Mungalill on looduslik antibiootikum. See aitab v\u00e4ltida neerukivide teket steriliseeritud ja vanematel kassidel ning sellel on v\u00f5imsad antibakteriaalsed ja antiseptilised omadused.<\/li>\n<li>Teraviljavaba&nbsp;\u2013&nbsp;v\u00e4rvainevaba&nbsp;\u2013&nbsp;s\u00e4ilitusainetevaba&nbsp;\u2013&nbsp;GMO vaba&nbsp;\u2013&nbsp;soja vaba.<\/li>\n<\/ul>\n<p> <strong>Koostis<\/strong><br \/> Deh\u00fcdreeritud kana (27%), v\u00e4rske kanaliha (26%), kollased herned (22%), kuivatatud \u00f5unad (9%), kodulinnurasv (konserveeritud tokoferoolidega, 4%), \u00f5llep\u00e4rm (3%), India teelehe seemnekestad ja seemned (2%), l\u00f5he\u00f5li (2%), h\u00fc kanamaks (2%), linaseemned (1%), kuivatatud mungalill (0,5%), kuivatatud kummel (0,5%), mineraalained, kuivatatud tatar (0,3%), kuivatatud j\u00f5hvikad (0,2%), frukto-oligosahhariidid (0,015%), mannaan-oligosahhariidid (0,015%), mohaave t\u00e4\u00e4kliilia (0,008%), Lactobacillus acidophilus HA \u2013 122 inaktiveeritud (15 \u00d7 109 rakku\/kg).<\/p>\n<p> <strong>Anal\u00fc\u00fctilised koostisosad<\/strong><br \/> Toorvalk 34,0%, toorrasv 15,0%, toorkiud 4,0%, toortuhk 9,5%, niiskus 10,0%, oomega-3 0,4%, oomega-6 1,2%, kaltsium 1,0%, fosfor 0,8%, naatrium 0,8%, magneesium 0,05 %.<\/p>\n<p> <strong>Lisandid 1kg kohta<\/strong><br \/> A-vitamiin (3a672a) 20 000 R\u00dc, D3-vitamiin (E671) 800 R\u00dc, E-vitamiin (3a700) 600 mg, C-vitamiin (3a312) 300 mg, tauriin (3a370) 2 500 mg, L-karnitiin (3a910) 50 mg, koliinkloriid (3a890) 2500 mg, biotiin (3a880) 2 mg, vitamiin B1 (3a821) 10 mg, vitamiin B2 12 mg, niatsiinamiid (3a315) 50 mg, kaltsium-D-pantotenaat (3a841) 40 mg, vitamiin B6 ( 3a831) 10 mg, foolhape (3a316) 2 mg, vitamiin B12 0,04 mg, tsink (3b606) 120 mg, raud (3b106) 45 mg, mangaan (3b504) 55 mg, kaaliumjodiid (3b201) 4 mg, vask (3b406) ) 10 mg, seleen (3b8.10) 0,2 mg, L-metioniin (3c305) 2 000 mg. Sisaldab ELis heaks kiidetud looduslikke antioks\u00fcdante: tokoferooliekstraktid taime\u00f5list (1b306), askorb\u00fc\u00fclpalmitaat (1b304) ja rosmariini ekstrakt.&nbsp;<\/p>\n<p><strong>Metaboliseeruv energia<\/strong><br \/> 3650 kcal\/kg<\/p>\n<p><strong>Toitmisjuhend<\/strong><br \/> Serveeri toitu kuivalt v\u00f5i leiges vees niisutatud kujul. Veenduge, et teie kassil oleks kogu aeg juurdep\u00e4\u00e4s v\u00e4rskele joogiveele. Toit peaks olema kassile saadaval kogu p\u00e4eva. Esmakordsel serveerimisel segage \u00fclemineku h\u00f5lbustamiseks j\u00e4rk-j\u00e4rgult eelmise toiduga. Hoida kuivas ja jahedas, eemal otsesest p\u00e4ikesevalgusest. P\u00e4rast avamist sulgege uuesti.<\/p>\n<figure class=\"table\">\n<table>\n<tbody>\n<tr>\n<th>Kassi kaal (kg)<\/th>\n<th>2-3<\/th>\n<th>3-5<\/th>\n<th>5-7<\/th>\n<th>7-9<\/th>\n<\/tr>\n<tr>\n<th>Toidukogus (g\/p\u00e4evas)<\/th>\n<th>35-50<\/th>\n<th>50-70<\/th>\n<th>70-80<\/th>\n<th>80-90<\/th>\n<\/tr>\n<\/tbody>\n<\/table>\n<\/figure>\n","protected":false},"excerpt":{"rendered":"<p>Brit Care teraviljavaba h\u00fcpoallergeenne t\u00e4istoit v\u00e4rske kanalihaga eakatele kassidele alates 7-ndast eluaastast.<\/p>\n","protected":false},"featured_media":6155,"template":"","meta":[],"product_cat":[689,75],"product_tag":[],"class_list":{"0":"post-16477","1":"product","2":"type-product","3":"status-publish","4":"has-post-thumbnail","6":"product_cat-kassid","7":"product_cat-kassitoit","8":"pa_brand-brit-care","9":"pa_ean-85","10":"pa_kaal-2-000","11":"pa_tootjariik-tsehhi","13":"first","14":"instock","15":"taxable","16":"shipping-taxable","17":"purchasable","18":"product-type-simple"},"_links":{"self":[{"href":"https:\/\/kasskoer.ee\/en\/wp-json\/wp\/v2\/product\/16477","targetHints":{"allow":["GET"]}}],"collection":[{"href":"https:\/\/kasskoer.ee\/en\/wp-json\/wp\/v2\/product"}],"about":[{"href":"https:\/\/kasskoer.ee\/en\/wp-json\/wp\/v2\/types\/product"}],"wp:featuredmedia":[{"embeddable":true,"href":"https:\/\/kasskoer.ee\/en\/wp-json\/wp\/v2\/media\/6155"}],"wp:attachment":[{"href":"https:\/\/kasskoer.ee\/en\/wp-json\/wp\/v2\/media?parent=16477"}],"wp:term":[{"taxonomy":"product_cat","embeddable":true,"href":"https:\/\/kasskoer.ee\/en\/wp-json\/wp\/v2\/product_cat?post=16477"},{"taxonomy":"product_tag","embeddable":true,"href":"https:\/\/kasskoer.ee\/en\/wp-json\/wp\/v2\/product_tag?post=16477"}],"curies":[{"name":"wp","href":"https:\/\/api.w.org\/{rel}","templated":true}]}}