{"id":16479,"date":"2026-04-20T03:15:09","date_gmt":"2026-04-20T00:15:09","guid":{"rendered":"https:\/\/kasskoer.ee\/product\/brit-care-cat-grain-free-adult-activity-support-kassitoit-2kg-2\/"},"modified":"2026-04-20T03:15:11","modified_gmt":"2026-04-20T00:15:11","slug":"brit-care-cat-grain-free-adult-activity-support-kassitoit-2kg","status":"publish","type":"product","link":"https:\/\/kasskoer.ee\/en\/toode\/brit-care-cat-grain-free-adult-activity-support-kassitoit-2kg\/","title":{"rendered":"Brit Care Cat Grain-Free Adult Activity Support kassitoit 2kg"},"content":{"rendered":"<p><strong>T\u00e4istoit \u00f5uekassidele ja aktiivsetele t\u00e4iskasvanud kassidele.<\/strong><\/p>\n<p>Kvaliteetset valku sisaldav h\u00fcpoallergeenne teraviljavaba koostis, mis aitab hoida lihaseid paindlike ja tugevatena. Vitamiinide ja orgaaniliste mikroelementide optimaalne kombinatsioon rahuldab aktiivse \u00f5uekassi energiavajaduse. Kondoprotektorid parandavad hammaste, liigeste ja luude tervist, toetades kassi igap\u00e4evast jahipidamis- ja m\u00e4nguvajadust.<\/p>\n<ul>\n<li>Kondoprotektorid ja kaltsium toetavad hammaste ja luude tervist.<\/li>\n<li>Tauriin on kasside jaoks oluline toitaine, mis soodustab suurep\u00e4rast silman\u00e4gemist ja s\u00fcdame tervist.<\/li>\n<li>Probiootikumid ja prebiootikumid soodustavad seedetrakti ja immuuns\u00fcsteemi tervist.<\/li>\n<li>Puuviljad, \u00fcrdid ja marjad soodustavad pikaealisust ja tugevat tervist.<\/li>\n<li>Teraviljavaba \u2013 v\u00e4rvainetevaba \u2013 s\u00e4ilitusainetevaba \u2013 GMO vaba \u2013 soja vaba.<\/li>\n<\/ul>\n<p> <strong>Koostis<\/strong><br \/> Deh\u00fcdreeritud kalkun (28%), v\u00e4rske kanaliha (26%), kollased herned (16%), kodulinnurasv (konserveeritud tokoferoolidega, 13%), kikerherned (6%), l\u00f5he\u00f5li (2%), h\u00fcdrol\u00fc\u00fcsitud kanamaks (2%), \u00f5llep\u00e4rm (2%), kuivatatud \u00f5unad (2%), linaseemned (1,5%), kuivatatud kummel (0,5%), mineraalained, kuivatatud tatar (0,3%), kuivatatud j\u00f5hvikad (0,2%), gl\u00fckoosamiin (0,025%), kondroitiinsulfaat (0,018%), frukto-oligosahhariidid (0,015%), mannaan-oligosahhariidid (0,015%), mohaave t\u00e4\u00e4kliilia (0,008%), Lactobacillus acidophilus HA \u2013 122 inaktiveeritud (15 \u00d7 109 rakku\/kg).<\/p>\n<p> <strong>Anal\u00fc\u00fctilised koostisosad<\/strong><br \/> Toorvalk 34,0%, toorrasv 18,0%, toorkiud 1,0%, toortuhk 7,2%, niiskus 10,0%, oomega-3 0,3%, oomega-6 2,0%, kaltsium 1,2%, fosfor 0,9%, naatrium 0,4%, magneesium 0,08%.<\/p>\n<p> <strong>Lisandid 1kg kohta<\/strong><br \/> A-vitamiin (3a672a) 20 000 R\u00dc, D3-vitamiin (E671) 800 R\u00dc, E-vitamiin (3a700) 600 mg, C-vitamiin (3a312) 300 mg, tauriin (3a370) 2 500 mg, L-karnitiin (3a910) 100 mg, koliinkloriid (3a890) 2 500 mg, biotiin (3a880) 2 mg, vitamiin B1 (3a821) 10 mg, vitamiin B2 12 mg, niatsiinamiid (3a315) 50 mg, kaltsium-D-pantotenaat (3a841) 40 mg, vitamiin B6 (3a831) 10 mg, foolhape (3a316) 2 mg, vitamiin B12 0,04 mg, tsink (3b606) 120 mg, raud (3b106) 45 mg, mangaan (3b504) 55 mg, kaaliumjodiid (3b201) 4 mg, vask (3b406) 10 mg, seleen (3b8.10) 0,2 mg, L-metioniin (3c305) 2000 mg. Sisaldab ELis heaks kiidetud looduslikke antioks\u00fcdante: tokoferooliekstraktid taime\u00f5list (1b306), askorb\u00fc\u00fclpalmitaati (1b304) ja rosmariiniekstrakti.<\/p>\n<p> <strong>Metaboliseeruv energia<\/strong><br \/> 4000 kcal\/kg<\/p>\n<p> <strong>Toitmisjuhend<\/strong><br \/> Serveeri toitu kuivalt v\u00f5i leiges vees niisutatud kujul. Veenduge, et teie kassil oleks kogu aeg juurdep\u00e4\u00e4s v\u00e4rskele joogiveele. Toit peaks olema kassile saadaval kogu p\u00e4eva. Esmakordsel serveerimisel segage \u00fclemineku h\u00f5lbustamiseks j\u00e4rk-j\u00e4rgult eelmise toiduga. Hoida kuivas ja jahedas, eemal otsesest p\u00e4ikesevalgusest. P\u00e4rast avamist sulgege uuesti.<br \/> &nbsp;&nbsp;<\/p>\n<figure class=\"table\">\n<table>\n<tbody>\n<tr>\n<th>Kassi kaal (kg)<\/th>\n<th>2-3<\/th>\n<th>3-5<\/th>\n<th>5-7<\/th>\n<th>7-9<\/th>\n<\/tr>\n<tr>\n<th>Kogus (g\/p\u00e4evas)<\/th>\n<th>40-45<\/th>\n<th>45-65<\/th>\n<th>65-80<\/th>\n<th>80-95<\/th>\n<\/tr>\n<\/tbody>\n<\/table>\n<\/figure>\n","protected":false},"excerpt":{"rendered":"<p>Brit Care teraviljavaba h\u00fcpoallergeenne t\u00e4istoit v\u00e4rske kana- ja kalkunilihaga \u00f5uekassidele ja aktiivsetele t\u00e4iskasvanud kassidele.<\/p>\n","protected":false},"featured_media":6157,"template":"","meta":[],"product_cat":[689,75],"product_tag":[],"class_list":{"0":"post-16479","1":"product","2":"type-product","3":"status-publish","4":"has-post-thumbnail","6":"product_cat-kassid","7":"product_cat-kassitoit","8":"pa_brand-brit-care","9":"pa_ean-76","10":"pa_kaal-2-000","11":"pa_tootjariik-tsehhi","13":"first","14":"instock","15":"taxable","16":"shipping-taxable","17":"purchasable","18":"product-type-simple"},"_links":{"self":[{"href":"https:\/\/kasskoer.ee\/en\/wp-json\/wp\/v2\/product\/16479","targetHints":{"allow":["GET"]}}],"collection":[{"href":"https:\/\/kasskoer.ee\/en\/wp-json\/wp\/v2\/product"}],"about":[{"href":"https:\/\/kasskoer.ee\/en\/wp-json\/wp\/v2\/types\/product"}],"wp:featuredmedia":[{"embeddable":true,"href":"https:\/\/kasskoer.ee\/en\/wp-json\/wp\/v2\/media\/6157"}],"wp:attachment":[{"href":"https:\/\/kasskoer.ee\/en\/wp-json\/wp\/v2\/media?parent=16479"}],"wp:term":[{"taxonomy":"product_cat","embeddable":true,"href":"https:\/\/kasskoer.ee\/en\/wp-json\/wp\/v2\/product_cat?post=16479"},{"taxonomy":"product_tag","embeddable":true,"href":"https:\/\/kasskoer.ee\/en\/wp-json\/wp\/v2\/product_tag?post=16479"}],"curies":[{"name":"wp","href":"https:\/\/api.w.org\/{rel}","templated":true}]}}