{"id":16480,"date":"2026-04-20T03:15:09","date_gmt":"2026-04-20T00:15:09","guid":{"rendered":"https:\/\/kasskoer.ee\/product\/brit-care-cat-grain-free-large-cats-power-vitality-kassitoit-7-kg-2\/"},"modified":"2026-04-20T03:15:11","modified_gmt":"2026-04-20T00:15:11","slug":"brit-care-cat-grain-free-large-cats-power-vitality-kassitoit-7-kg","status":"publish","type":"product","link":"https:\/\/kasskoer.ee\/en\/toode\/brit-care-cat-grain-free-large-cats-power-vitality-kassitoit-7-kg\/","title":{"rendered":"Brit Care Cat Grain-Free Large Cats Power Vitality kassitoit 7 kg"},"content":{"rendered":"<p><strong>Brit Care Cat Grain-Free Large Cats Power Vitality kassitoit suurt t\u00f5ugu t\u00e4iskasvanud kassidele v\u00e4rske pardi- ja kanalihaga.<\/strong><\/p>\n<p>V\u00e4rsket liha ja rikkalikult olulisi toitaineid sisaldav kergesti seeditav teraviljavaba koostis rahuldab suurte kasside energiavajadusi. Probiootikumid ja prebiootikumid soodustavad tervislike soolebakterite kasvu ja reguleerivad ainevahetusprotsesse. Lahustuvad ja lahustumatud kiudained aitavad s\u00e4ilitada optimaalset kehakaalu.<\/p>\n<ul>\n<li>K\u00f5rge valgusisaldus&nbsp;tundliku seedimise parandamiseks ja lihaste \u00f5ige arengu toetamiseks.<\/li>\n<li>Kondoprotektorid ja kaltsium toetavad hammaste ja luude tervist.<\/li>\n<li>Oomega-3 ja oomega-6 rasvhapped muudavad karvastiku l\u00e4ikivaks ja soodustavad naha tervist.<\/li>\n<li>Teraviljavaba&nbsp;\u2013&nbsp;v\u00e4rvainevaba&nbsp;\u2013&nbsp;s\u00e4ilitusainetevaba&nbsp;\u2013&nbsp;GMO vaba&nbsp;\u2013&nbsp;soja vaba.<\/li>\n<\/ul>\n<p><strong>Koostis<\/strong><br \/> V\u00e4rske pardiliha (26%), deh\u00fcdreeritud kana (26%), kollased herned (15%), kikerherned (10%), kodulinnurasv (konserveeritud tokoferoolidega, 9%), kuivatatud \u00f5unad (4%), linaseemned (2,5%), l\u00f5he\u00f5li (2%), h\u00fcdrol\u00fc\u00fcsitud kanamaks (2%), \u00f5llep\u00e4rm (2%), kuivatatud kummel (0,5%), mineraalained, kuivatatud tatar (0,3%), kuivatatud j\u00f5hvikad (0,2%), gl\u00fckoosamiin (0,025%), kondroitiinsulfaat (0,018%), frukto-oligosahhariidid (0,015%), mannaan-oligosahhariidid (0,015%), mohaave t\u00e4\u00e4kliilia (0,008%), Lactobacillus acidophilus HA \u2013 122 inaktiveeritud (15 \u00d7 109 rakku\/kg).<\/p>\n<p><strong>Anal\u00fc\u00fctilised koostisosad<\/strong><br \/> Toorvalk 32,0%, toorrasv 17,0%, toorkiud 3,0%, toortuhk 7,5%, niiskus 10,0%, oomega-3 0,3%, oomega-6 2,0%, kaltsium 1,2%, fosfor 0,9%, naatrium 0,4% , magneesium 0,09%.<\/p>\n<p><strong>Lisandid 1kg&nbsp;kohta<\/strong><br \/> A-vitamiin (3a672a) 20 000 R\u00dc, D3-vitamiin (E671) 800 R\u00dc, E-vitamiin (3a700) 600 mg, C-vitamiin (3a312) 300 mg, tauriin (3a370) 2 500 mg, L-karnitiin (3a910) 50 mg, koliinkloriid (3a890) 2 500 mg, biotiin (3a880) 2 mg, vitamiin B1 (3a821) 10 mg, vitamiin B2 12 mg, niatsiinamiid (3a315) 50 mg, kaltsium-D-pantotenaat (3a841) 40 mg, vitamiin B6 (3a831) 10 mg, foolhape (3a316) 2 mg, vitamiin B12 0,04 mg, tsink (3b606) 120 mg, raud (3b106) 45 mg, mangaan (3b504) 55 mg, kaaliumjodiid (3b201) 4 mg, vask (3b406) 10 mg, seleen (3b8.10) 0,2 mg, L-metioniin (3c305) 2000 mg. Sisaldab ELis heaks kiidetud looduslikke antioks\u00fcdante: tokoferooliekstraktid taime\u00f5list (1b306), askorb\u00fc\u00fclpalmitaat (1b304) ja rosmariini ekstrakt.<\/p>\n<p><strong>Metaboliseeruv energia<\/strong><br \/> 3850 kcal\/kg<\/p>\n<p><strong>Toitmisjuhend<\/strong><br \/> Serveeri toitu kuivalt v\u00f5i leiges vees niisutatud kujul. Veenduge, et teie kassil oleks kogu aeg juurdep\u00e4\u00e4s v\u00e4rskele joogiveele. Toit peaks olema kassile saadaval kogu p\u00e4eva. Esmakordsel serveerimisel segage \u00fclemineku h\u00f5lbustamiseks j\u00e4rk-j\u00e4rgult eelmise toiduga. Hoida kuivas ja jahedas, eemal otsesest p\u00e4ikesevalgusest. P\u00e4rast avamist sulgege uuesti.<\/p>\n<figure class=\"table\">\n<table>\n<tbody>\n<tr>\n<th>Kassi kaal (kg)<\/th>\n<th>4-5<\/th>\n<th>5-7<\/th>\n<th>7-9<\/th>\n<th>9-12<\/th>\n<\/tr>\n<tr>\n<th>Toidukogus (g\/p\u00e4evas)<\/th>\n<th>50-60<\/th>\n<th>60-80<\/th>\n<th>80-95<\/th>\n<th>95-110<\/th>\n<\/tr>\n<\/tbody>\n<\/table>\n<\/figure>\n","protected":false},"excerpt":{"rendered":"<p>Brit Care teraviljavaba h\u00fcpoallergeenne t\u00e4istoit v\u00e4rske pardi- ja kanalihaga suurt t\u00f5ugu t\u00e4iskasvanud kassidele.<\/p>\n","protected":false},"featured_media":6158,"template":"","meta":[],"product_cat":[689,75],"product_tag":[],"class_list":{"0":"post-16480","1":"product","2":"type-product","3":"status-publish","4":"has-post-thumbnail","6":"product_cat-kassid","7":"product_cat-kassitoit","8":"pa_brand-brit-care","9":"pa_ean-84","10":"pa_kaal-7-000","11":"pa_tootjariik-tsehhi","13":"first","14":"instock","15":"taxable","16":"shipping-taxable","17":"purchasable","18":"product-type-simple"},"_links":{"self":[{"href":"https:\/\/kasskoer.ee\/en\/wp-json\/wp\/v2\/product\/16480","targetHints":{"allow":["GET"]}}],"collection":[{"href":"https:\/\/kasskoer.ee\/en\/wp-json\/wp\/v2\/product"}],"about":[{"href":"https:\/\/kasskoer.ee\/en\/wp-json\/wp\/v2\/types\/product"}],"wp:featuredmedia":[{"embeddable":true,"href":"https:\/\/kasskoer.ee\/en\/wp-json\/wp\/v2\/media\/6158"}],"wp:attachment":[{"href":"https:\/\/kasskoer.ee\/en\/wp-json\/wp\/v2\/media?parent=16480"}],"wp:term":[{"taxonomy":"product_cat","embeddable":true,"href":"https:\/\/kasskoer.ee\/en\/wp-json\/wp\/v2\/product_cat?post=16480"},{"taxonomy":"product_tag","embeddable":true,"href":"https:\/\/kasskoer.ee\/en\/wp-json\/wp\/v2\/product_tag?post=16480"}],"curies":[{"name":"wp","href":"https:\/\/api.w.org\/{rel}","templated":true}]}}