{"id":16497,"date":"2026-04-20T03:15:09","date_gmt":"2026-04-20T00:15:09","guid":{"rendered":"https:\/\/kasskoer.ee\/product\/carnilove-cat-snack-sardine-with-parsley-narimismaiused-kassile-50g-2\/"},"modified":"2026-04-20T03:15:12","modified_gmt":"2026-04-20T00:15:12","slug":"carnilove-cat-snack-sardine-with-parsley-narimismaiused-kassile-50g","status":"publish","type":"product","link":"https:\/\/kasskoer.ee\/en\/toode\/carnilove-cat-snack-sardine-with-parsley-narimismaiused-kassile-50g\/","title":{"rendered":"Carnilove Cat Snack Sardine with Parsley n\u00e4rimismaiused kassile 50g"},"content":{"rendered":"<p><strong>Maitsev poolpehme maiustus sardiiniga kassidele. Sisaldab peterselli, mis hoiab seedimise korras.<\/strong><\/p>\n<p> <strong>Koostis<\/strong><br \/> Kuivatatud sardiinid 40%, kollane hernes, vedel k\u00f6\u00f6giviljat\u00e4rklis, mahl sardiinidest, mahl kodulindudest, kollageen, petersell 1%, l\u00f5he\u00f5li.<\/p>\n<p> <strong>Anal\u00fc\u00fctilised koostisosad<\/strong><br \/> Toorvalk 33,0%, rasvasisaldus 5,0%, niiskus 17,0%, toortuhk 8,0%, toorkiud 1,0%, kaltsium 0,8%, fosfor 0,7%, oomega-3 0,4%, oomega-6 0,5%.<\/p>\n<p> <strong>Metaboolne energia<\/strong><br \/> 3 360 kcal\/kg.<\/p>\n","protected":false},"excerpt":{"rendered":"<p>Funktsionaalne sardiini ja peterselliga maiustus kassidele terve seedimise toetamiseks.<\/p>\n","protected":false},"featured_media":6179,"template":"","meta":[],"product_cat":[1211],"product_tag":[],"class_list":{"0":"post-16497","1":"product","2":"type-product","3":"status-publish","4":"has-post-thumbnail","6":"product_cat-kasside-maiused","7":"pa_brand-carnilove","8":"pa_ean-243","9":"pa_kaal-0-050","10":"pa_tootjariik-tsehhi","12":"first","13":"instock","14":"sale","15":"taxable","16":"shipping-taxable","17":"purchasable","18":"product-type-simple"},"_links":{"self":[{"href":"https:\/\/kasskoer.ee\/en\/wp-json\/wp\/v2\/product\/16497","targetHints":{"allow":["GET"]}}],"collection":[{"href":"https:\/\/kasskoer.ee\/en\/wp-json\/wp\/v2\/product"}],"about":[{"href":"https:\/\/kasskoer.ee\/en\/wp-json\/wp\/v2\/types\/product"}],"wp:featuredmedia":[{"embeddable":true,"href":"https:\/\/kasskoer.ee\/en\/wp-json\/wp\/v2\/media\/6179"}],"wp:attachment":[{"href":"https:\/\/kasskoer.ee\/en\/wp-json\/wp\/v2\/media?parent=16497"}],"wp:term":[{"taxonomy":"product_cat","embeddable":true,"href":"https:\/\/kasskoer.ee\/en\/wp-json\/wp\/v2\/product_cat?post=16497"},{"taxonomy":"product_tag","embeddable":true,"href":"https:\/\/kasskoer.ee\/en\/wp-json\/wp\/v2\/product_tag?post=16497"}],"curies":[{"name":"wp","href":"https:\/\/api.w.org\/{rel}","templated":true}]}}